{"id":4310,"date":"2025-04-24T08:20:26","date_gmt":"2025-04-24T08:20:26","guid":{"rendered":"https:\/\/2points.fr\/bnvce\/?page_id=4310"},"modified":"2025-04-29T10:44:37","modified_gmt":"2025-04-29T10:44:37","slug":"consultant-en-gestion-de-patrimoine-cdi","status":"publish","type":"page","link":"https:\/\/2points.fr\/bnvce\/consultant-en-gestion-de-patrimoine-cdi\/","title":{"rendered":"Consultant en gestion de patrimoine &#8211; CDI"},"content":{"rendered":"\t\t<div data-elementor-type=\"wp-page\" data-elementor-id=\"4310\" class=\"elementor elementor-4310\" data-elementor-post-type=\"page\">\n\t\t\t\t<div class=\"elementor-element elementor-element-ea9bde0 e-flex e-con-boxed e-con e-parent\" data-id=\"ea9bde0\" data-element_type=\"container\" data-settings=\"{&quot;background_background&quot;:&quot;classic&quot;}\">\n\t\t\t\t\t<div class=\"e-con-inner\">\n\t\t\t\t\t<\/div>\n\t\t\t\t<\/div>\n\t\t<div class=\"elementor-element elementor-element-573a090 e-flex e-con-boxed e-con e-parent\" data-id=\"573a090\" data-element_type=\"container\" data-settings=\"{&quot;background_background&quot;:&quot;classic&quot;}\">\n\t\t\t\t\t<div class=\"e-con-inner\">\n\t\t<div class=\"elementor-element elementor-element-8130541 e-con-full e-flex e-con e-child\" data-id=\"8130541\" data-element_type=\"container\" data-settings=\"{&quot;background_background&quot;:&quot;classic&quot;}\">\n\t\t\t\t<div class=\"elementor-element elementor-element-9ae1109 elementor-widget elementor-widget-heading\" data-id=\"9ae1109\" data-element_type=\"widget\" data-widget_type=\"heading.default\">\n\t\t\t\t\t<h2 class=\"elementor-heading-title elementor-size-default\">Consultant(e) en gestion de patrimoine<\/h2>\t\t\t\t<\/div>\n\t\t\t\t<div class=\"elementor-element elementor-element-7e56e8c elementor-widget__width-initial elementor-widget elementor-widget-text-editor\" data-id=\"7e56e8c\" data-element_type=\"widget\" data-widget_type=\"text-editor.default\">\n\t\t\t\t\t\t\t\t\t<p class=\"p1\">CDI<\/p>\t\t\t\t\t\t\t\t<\/div>\n\t\t\t\t<\/div>\n\t\t\t\t\t<\/div>\n\t\t\t\t<\/div>\n\t\t<div class=\"elementor-element elementor-element-62d4021 e-con-full e-flex e-con e-parent\" data-id=\"62d4021\" data-element_type=\"container\" data-settings=\"{&quot;background_background&quot;:&quot;classic&quot;}\">\n\t\t\t\t<div class=\"elementor-element elementor-element-6d3dfcf elementor-widget elementor-widget-text-editor\" data-id=\"6d3dfcf\" data-element_type=\"widget\" data-widget_type=\"text-editor.default\">\n\t\t\t\t\t\t\t\t\t<p>Vous \u00eates passionn\u00e9(e) par l&#8217;univers de l&#8217;assurance et de la gestion de\u00a0patrimoine ?<br \/>Vous souhaitez int\u00e9grer une entreprise innovante qui place la\u00a0satisfaction client au c\u0153ur de ses pr\u00e9occupations ?<\/p><p><strong>Bienviyance est faite pour vous !<\/strong><\/p><p>Depuis notre cr\u00e9ation, notre mission est d&#8217;accompagner nos clients,\u00a0particuliers et entreprises, dans leurs choix financiers et patrimoniaux en leur\u00a0proposant des solutions sur mesure en mati\u00e8re d&#8217;assurance vie, PER, \u00e9pargne\u00a0salariale, pr\u00e9voyance, mutuelle, et optimisation fiscale.<\/p><p><strong>Nos valeurs ?<\/strong><\/p><p>Nous nous distinguons par notre approche personnalis\u00e9e, notre expertise\u00a0pointue, et notre engagement \u00e0 fournir un service de qualit\u00e9.<\/p><p>Chaque membre\u00a0de l\u2019\u00e9quipe contribue \u00e0 notre succ\u00e8s dans un environnement collaboratif et\u00a0stimulant.<\/p>\t\t\t\t\t\t\t\t<\/div>\n\t\t\t\t<div class=\"elementor-element elementor-element-7bec9c9 elementor-widget elementor-widget-heading\" data-id=\"7bec9c9\" data-element_type=\"widget\" data-widget_type=\"heading.default\">\n\t\t\t\t\t<h2 class=\"elementor-heading-title elementor-size-default\">POURQUOI REJOINDRE BIENVIYANCE ?<\/h2>\t\t\t\t<\/div>\n\t\t\t\t<div class=\"elementor-element elementor-element-99801df elementor-widget elementor-widget-text-editor\" data-id=\"99801df\" data-element_type=\"widget\" data-widget_type=\"text-editor.default\">\n\t\t\t\t\t\t\t\t\t<div class=\"page\" title=\"Page 1\"><div class=\"section\"><div class=\"layoutArea\"><div class=\"column\"><ul><li class=\"p1\"><b>Une \u00e9quipe dynamique et passionn\u00e9e <\/b>qui valorise le travail collaboratif et le partage de connaissances.<\/li><li class=\"p1\"><b>Des opportunit\u00e9s de d\u00e9veloppement<\/b> avec des formations r\u00e9guli\u00e8res pour renforcer vos comp\u00e9tences et \u00e9voluer rapidement.<\/li><li class=\"p1\"><b>Un environnement de travail bienveillant et \u00e0 taille humaine<\/b>, o\u00f9 chaque talent est reconnu et valoris\u00e9.<\/li><li class=\"p1\"><b>Un syst\u00e8me de r\u00e9mun\u00e9ration attractif.<\/b><\/li><\/ul><\/div><\/div><\/div><\/div>\t\t\t\t\t\t\t\t<\/div>\n\t\t\t\t<div class=\"elementor-element elementor-element-0bc6636 elementor-widget elementor-widget-heading\" data-id=\"0bc6636\" data-element_type=\"widget\" data-widget_type=\"heading.default\">\n\t\t\t\t\t<h2 class=\"elementor-heading-title elementor-size-default\">VOS MISSIONS EN TANT QUE CONSULTANT JUNIOR<\/h2>\t\t\t\t<\/div>\n\t\t\t\t<div class=\"elementor-element elementor-element-f390f49 elementor-widget elementor-widget-text-editor\" data-id=\"f390f49\" data-element_type=\"widget\" data-widget_type=\"text-editor.default\">\n\t\t\t\t\t\t\t\t\t<div class=\"page\" title=\"Page 1\"><div class=\"section\"><div class=\"layoutArea\"><div class=\"column\"><ul><li class=\"p1\">Prospecter de nouveaux clients \u00e0 partir de leads qualifi\u00e9s fournis par l\u2019entreprise et les accompagner tout au long du processus de souscription.<\/li><li class=\"p1\">Assurer un suivi personnalis\u00e9 et r\u00e9gulier des clients, en optimisant les contrats et en offrant des conseils adapt\u00e9s \u00e0 leur situation financi\u00e8re et fiscale.<\/li><li class=\"p1\">Se tenir inform\u00e9(e) des \u00e9volutions du march\u00e9 de l&#8217;assurance et des r\u00e9glementations en vigueur pour conseiller au mieux les clients.<\/li><li class=\"p1\">Collaborer avec l&#8217;\u00e9quipe pour atteindre les objectifs commerciaux et participer activement aux actions de fid\u00e9lisation et de parrainage.<\/li><\/ul><\/div><\/div><\/div><\/div>\t\t\t\t\t\t\t\t<\/div>\n\t\t\t\t<div class=\"elementor-element elementor-element-e48b5c3 elementor-widget elementor-widget-heading\" data-id=\"e48b5c3\" data-element_type=\"widget\" data-widget_type=\"heading.default\">\n\t\t\t\t\t<h2 class=\"elementor-heading-title elementor-size-default\">CE POSTE EST FAIT POUR VOUS SI :<\/h2>\t\t\t\t<\/div>\n\t\t\t\t<div class=\"elementor-element elementor-element-dfaf919 elementor-widget elementor-widget-text-editor\" data-id=\"dfaf919\" data-element_type=\"widget\" data-widget_type=\"text-editor.default\">\n\t\t\t\t\t\t\t\t\t<div class=\"page\" title=\"Page 1\"><div class=\"section\"><div class=\"layoutArea\"><div class=\"column\"><ul><li class=\"p1\">Vous avez <b>l&#8217;esprit challengeur<\/b> et aimez relever des d\u00e9fis.<br \/><br \/><\/li><li class=\"p1\">Vous avez une <b>v\u00e9ritable fibre commerciale<\/b> et le go\u00fbt de la performance.<br \/><br \/><\/li><li class=\"p1\">Vous souhaitez <b>grandir au sein d&#8217;une entreprise \u00e0 taille humaine<\/b>, o\u00f9 votre contribution est valoris\u00e9e.<\/li><li class=\"p1\">Vous avez une <b>premi\u00e8re exp\u00e9rience r\u00e9ussie dans la vente ou la relation<\/b><p class=\"p1\"><b>client.<\/b><\/p><\/li><\/ul><\/div><\/div><\/div><\/div>\t\t\t\t\t\t\t\t<\/div>\n\t\t\t\t<div class=\"elementor-element elementor-element-71464a5 elementor-widget elementor-widget-heading\" data-id=\"71464a5\" data-element_type=\"widget\" data-widget_type=\"heading.default\">\n\t\t\t\t\t<h2 class=\"elementor-heading-title elementor-size-default\">CE QUE NOUS OFFRONS :<\/h2>\t\t\t\t<\/div>\n\t\t\t\t<div class=\"elementor-element elementor-element-6506053 elementor-widget elementor-widget-text-editor\" data-id=\"6506053\" data-element_type=\"widget\" data-widget_type=\"text-editor.default\">\n\t\t\t\t\t\t\t\t\t<div class=\"page\" title=\"Page 1\"><div class=\"section\"><div class=\"layoutArea\"><div class=\"column\"><ul><li class=\"p1\">Un cadre de travail dynamique et bienveillant, port\u00e9 par une culture d&#8217;entreprise solide et un ADN distinctif.<br \/><br \/><\/li><li class=\"p1\">Une progression rapide assur\u00e9e dans votre apprentissage.<br \/><br \/><\/li><li class=\"p1\">Une aventure humaine et entrepreneuriale exceptionnelle !<br \/><br \/><\/li><li class=\"p1\">Des \u00e9v\u00e9nements d&#8217;entreprise exclusifs, con\u00e7us pour encourager l&#8217;esprit d&#8217;\u00e9quipe et des interactions enrichissantes.<\/li><\/ul><\/div><\/div><\/div><\/div>\t\t\t\t\t\t\t\t<\/div>\n\t\t\t\t<div class=\"elementor-element elementor-element-082b628 elementor-align-center elementor-widget elementor-widget-button\" data-id=\"082b628\" data-element_type=\"widget\" data-widget_type=\"button.default\">\n\t\t\t\t\t\t\t\t\t\t<a class=\"elementor-button elementor-button-link elementor-size-sm\" href=\"mailto:serviceclient@2points.fr?subject=Candidature%20Consultant%20en%20gestion%20de%20patrimoine\">\n\t\t\t\t\t\t<span class=\"elementor-button-content-wrapper\">\n\t\t\t\t\t\t\t\t\t<span class=\"elementor-button-text\">POSTULER !<\/span>\n\t\t\t\t\t<\/span>\n\t\t\t\t\t<\/a>\n\t\t\t\t\t\t\t\t<\/div>\n\t\t\t\t<\/div>\n\t\t<div class=\"elementor-element elementor-element-5e9d07e5 e-flex e-con-boxed e-con e-parent\" data-id=\"5e9d07e5\" data-element_type=\"container\" data-settings=\"{&quot;background_background&quot;:&quot;classic&quot;}\">\n\t\t\t\t\t<div class=\"e-con-inner\">\n\t\t<div class=\"elementor-element elementor-element-7f7da841 e-flex e-con-boxed e-con e-child\" data-id=\"7f7da841\" data-element_type=\"container\">\n\t\t\t\t\t<div class=\"e-con-inner\">\n\t\t<div class=\"elementor-element elementor-element-5244d1a3 e-flex e-con-boxed e-con e-child\" data-id=\"5244d1a3\" data-element_type=\"container\">\n\t\t\t\t\t<div class=\"e-con-inner\">\n\t\t<div class=\"elementor-element elementor-element-3e7ef927 e-con-full e-flex e-con e-child\" data-id=\"3e7ef927\" data-element_type=\"container\">\n\t\t\t\t<div class=\"elementor-element elementor-element-52d3cf elementor-widget__width-inherit animated-slow elementor-invisible elementor-widget elementor-widget-jkit_heading\" data-id=\"52d3cf\" data-element_type=\"widget\" data-settings=\"{&quot;_animation&quot;:&quot;zoomIn&quot;}\" data-widget_type=\"jkit_heading.default\">\n\t\t\t\t<div class=\"elementor-widget-container\">\n\t\t\t\t\t<div  class=\"jeg-elementor-kit jkit-heading  align-center align-tablet-center align-mobile- jeg_module___6a04892126646\" ><h2 class=\"heading-section-subtitle  style-color\">Collaborons ensemble<\/h2><div class=\"heading-section-separator\"><div class=\"separator-wrapper style-solid\"><\/div><\/div><div class=\"heading-section-title  display-inline-block\"><h2 class=\"heading-title\">Pr\u00eat \u00e0 collaborer avec nous ?<\/h2><\/div><div class=\"heading-section-description\"><p>Vous souhaitez collaborer ou avez une question ? Contactez-nous<\/p><\/div><\/div>\t\t\t\t<\/div>\n\t\t\t\t<\/div>\n\t\t\t\t<\/div>\n\t\t<div class=\"elementor-element elementor-element-4d31670a e-con-full e-flex e-con e-child\" data-id=\"4d31670a\" data-element_type=\"container\" data-settings=\"{&quot;background_background&quot;:&quot;classic&quot;}\">\n\t\t\t\t<div class=\"elementor-element elementor-element-5417ff65 elementor-widget elementor-widget-jkit_heading\" data-id=\"5417ff65\" data-element_type=\"widget\" data-widget_type=\"jkit_heading.default\">\n\t\t\t\t<div class=\"elementor-widget-container\">\n\t\t\t\t\t<div  class=\"jeg-elementor-kit jkit-heading  align-center align-tablet- align-mobile- jeg_module__1_6a048921274b2\" ><h3 class=\"heading-section-subtitle  style-color\">Travaillez avec nous<\/h3><div class=\"heading-section-title  display-inline-block\"><h2 class=\"heading-title\">Envoyez-nous un email pour collaborer<\/h2><\/div><\/div>\t\t\t\t<\/div>\n\t\t\t\t<\/div>\n\t\t\t\t<div class=\"elementor-element elementor-element-64e422ca elementor-widget elementor-widget-jkit_button\" data-id=\"64e422ca\" data-element_type=\"widget\" data-widget_type=\"jkit_button.default\">\n\t\t\t\t<div class=\"elementor-widget-container\">\n\t\t\t\t\t<div  class=\"jeg-elementor-kit jkit-button  icon-position-before jeg_module__2_6a04892128080\" ><a href=\"#\" class=\"jkit-button-wrapper hover-gradient\"><span><svg viewBox=\"0 0 512 512\" xmlns=\"http:\/\/www.w3.org\/2000\/svg\"><path d=\"M502.3 190.8c3.9-3.1 9.7-.2 9.7 4.7V400c0 26.5-21.5 48-48 48H48c-26.5 0-48-21.5-48-48V195.6c0-5 5.7-7.8 9.7-4.7 22.4 17.4 52.1 39.5 154.1 113.6 21.1 15.4 56.7 47.8 92.2 47.6 35.7.3 72-32.8 92.3-47.6 102-74.1 131.6-96.3 154-113.7zM256 320c23.2.4 56.6-29.2 73.4-41.4 132.7-96.3 142.8-104.7 173.4-128.7 5.8-4.5 9.2-11.5 9.2-18.9v-19c0-26.5-21.5-48-48-48H48C21.5 64 0 85.5 0 112v19c0 7.4 3.4 14.3 9.2 18.9 30.6 23.9 40.7 32.4 173.4 128.7 16.8 12.2 50.2 41.8 73.4 41.4z\"><\/path><\/svg>contact@2points.fr<\/span><\/a><\/div>\t\t\t\t<\/div>\n\t\t\t\t<\/div>\n\t\t\t\t<\/div>\n\t\t<div class=\"elementor-element elementor-element-28115aa6 e-con-full e-flex e-con e-child\" data-id=\"28115aa6\" data-element_type=\"container\" data-settings=\"{&quot;background_background&quot;:&quot;classic&quot;}\">\n\t\t\t\t<div class=\"elementor-element elementor-element-526bb4c elementor-widget elementor-widget-jkit_heading\" data-id=\"526bb4c\" data-element_type=\"widget\" data-widget_type=\"jkit_heading.default\">\n\t\t\t\t<div class=\"elementor-widget-container\">\n\t\t\t\t\t<div  class=\"jeg-elementor-kit jkit-heading  align-center align-tablet- align-mobile- jeg_module__3_6a0489212940f\" ><h3 class=\"heading-section-subtitle  style-color\">Rapprochez-vous<\/h3><div class=\"heading-section-title  display-inline-block\"><h2 class=\"heading-title\">Venez visiter notre bureau<\/h2><\/div><\/div>\t\t\t\t<\/div>\n\t\t\t\t<\/div>\n\t\t\t\t<div class=\"elementor-element elementor-element-1fd4ba46 elementor-widget elementor-widget-jkit_button\" data-id=\"1fd4ba46\" data-element_type=\"widget\" data-widget_type=\"jkit_button.default\">\n\t\t\t\t<div class=\"elementor-widget-container\">\n\t\t\t\t\t<div  class=\"jeg-elementor-kit jkit-button  icon-position-before jeg_module__4_6a04892129f0b\" ><a href=\"#\" class=\"jkit-button-wrapper hover-gradient\"><span><svg viewBox=\"0 0 384 512\" xmlns=\"http:\/\/www.w3.org\/2000\/svg\"><path d=\"M172.268 501.67C26.97 291.031 0 269.413 0 192 0 85.961 85.961 0 192 0s192 85.961 192 192c0 77.413-26.97 99.031-172.268 309.67-9.535 13.774-29.93 13.773-39.464 0zM192 272c44.183 0 80-35.817 80-80s-35.817-80-80-80-80 35.817-80 80 35.817 80 80 80z\"><\/path><\/svg>Directement au bureau<\/span><\/a><\/div>\t\t\t\t<\/div>\n\t\t\t\t<\/div>\n\t\t\t\t<\/div>\n\t\t<div class=\"elementor-element elementor-element-62a41b06 e-con-full e-flex e-con e-child\" data-id=\"62a41b06\" data-element_type=\"container\" data-settings=\"{&quot;background_background&quot;:&quot;classic&quot;}\">\n\t\t\t\t<div class=\"elementor-element elementor-element-39caaedf elementor-widget elementor-widget-jkit_heading\" data-id=\"39caaedf\" data-element_type=\"widget\" data-widget_type=\"jkit_heading.default\">\n\t\t\t\t<div class=\"elementor-widget-container\">\n\t\t\t\t\t<div  class=\"jeg-elementor-kit jkit-heading  align-center align-tablet- align-mobile- jeg_module__5_6a0489212ac55\" ><h3 class=\"heading-section-subtitle  style-color\">Pour des consultations<\/h3><div class=\"heading-section-title  display-inline-block\"><h2 class=\"heading-title\">Prenez contact et appelez-nous<\/h2><\/div><\/div>\t\t\t\t<\/div>\n\t\t\t\t<\/div>\n\t\t\t\t<div class=\"elementor-element elementor-element-61a5debf elementor-widget elementor-widget-jkit_button\" data-id=\"61a5debf\" data-element_type=\"widget\" data-widget_type=\"jkit_button.default\">\n\t\t\t\t<div class=\"elementor-widget-container\">\n\t\t\t\t\t<div  class=\"jeg-elementor-kit jkit-button  icon-position-before jeg_module__6_6a0489212b736\" ><a href=\"#\" class=\"jkit-button-wrapper hover-gradient\"><span><svg viewBox=\"0 0 512 512\" xmlns=\"http:\/\/www.w3.org\/2000\/svg\"><path d=\"M497.39 361.8l-112-48a24 24 0 0 0-28 6.9l-49.6 60.6A370.66 370.66 0 0 1 130.6 204.11l60.6-49.6a23.94 23.94 0 0 0 6.9-28l-48-112A24.16 24.16 0 0 0 122.6.61l-104 24A24 24 0 0 0 0 48c0 256.5 207.9 464 464 464a24 24 0 0 0 23.4-18.6l24-104a24.29 24.29 0 0 0-14.01-27.6z\"><\/path><\/svg>01 85 61 09 30<\/span><\/a><\/div>\t\t\t\t<\/div>\n\t\t\t\t<\/div>\n\t\t\t\t<\/div>\n\t\t\t\t\t<\/div>\n\t\t\t\t<\/div>\n\t\t\t\t\t<\/div>\n\t\t\t\t<\/div>\n\t\t\t\t\t<\/div>\n\t\t\t\t<\/div>\n\t\t\t\t<\/div>\n\t\t","protected":false},"excerpt":{"rendered":"<p>Consultant(e) en gestion de patrimoine CDI Vous \u00eates passionn\u00e9(e) par l&#8217;univers de l&#8217;assurance et de la gestion de\u00a0patrimoine ?Vous souhaitez int\u00e9grer une entreprise innovante qui place la\u00a0satisfaction client au c\u0153ur de ses pr\u00e9occupations ? Bienviyance est faite pour vous ! Depuis notre cr\u00e9ation, notre mission est d&#8217;accompagner nos clients,\u00a0particuliers et entreprises, dans leurs choix financiers [&hellip;]<\/p>\n","protected":false},"author":1,"featured_media":0,"parent":0,"menu_order":0,"comment_status":"closed","ping_status":"closed","template":"","meta":{"footnotes":""},"class_list":["post-4310","page","type-page","status-publish","hentry"],"_links":{"self":[{"href":"https:\/\/2points.fr\/bnvce\/wp-json\/wp\/v2\/pages\/4310","targetHints":{"allow":["GET"]}}],"collection":[{"href":"https:\/\/2points.fr\/bnvce\/wp-json\/wp\/v2\/pages"}],"about":[{"href":"https:\/\/2points.fr\/bnvce\/wp-json\/wp\/v2\/types\/page"}],"author":[{"embeddable":true,"href":"https:\/\/2points.fr\/bnvce\/wp-json\/wp\/v2\/users\/1"}],"replies":[{"embeddable":true,"href":"https:\/\/2points.fr\/bnvce\/wp-json\/wp\/v2\/comments?post=4310"}],"version-history":[{"count":10,"href":"https:\/\/2points.fr\/bnvce\/wp-json\/wp\/v2\/pages\/4310\/revisions"}],"predecessor-version":[{"id":4726,"href":"https:\/\/2points.fr\/bnvce\/wp-json\/wp\/v2\/pages\/4310\/revisions\/4726"}],"wp:attachment":[{"href":"https:\/\/2points.fr\/bnvce\/wp-json\/wp\/v2\/media?parent=4310"}],"curies":[{"name":"wp","href":"https:\/\/api.w.org\/{rel}","templated":true}]}}