{"id":4268,"date":"2025-04-24T07:47:28","date_gmt":"2025-04-24T07:47:28","guid":{"rendered":"https:\/\/2points.fr\/bnvce\/?page_id=4268"},"modified":"2025-04-29T10:46:57","modified_gmt":"2025-04-29T10:46:57","slug":"pole-client","status":"publish","type":"page","link":"https:\/\/2points.fr\/bnvce\/pole-client\/","title":{"rendered":"P\u00f4le relation client"},"content":{"rendered":"\t\t<div data-elementor-type=\"wp-page\" data-elementor-id=\"4268\" class=\"elementor elementor-4268\" data-elementor-post-type=\"page\">\n\t\t\t\t<div class=\"elementor-element elementor-element-ea9bde0 e-flex e-con-boxed e-con e-parent\" data-id=\"ea9bde0\" data-element_type=\"container\" data-settings=\"{&quot;background_background&quot;:&quot;classic&quot;}\">\n\t\t\t\t\t<div class=\"e-con-inner\">\n\t\t\t\t\t<\/div>\n\t\t\t\t<\/div>\n\t\t<div class=\"elementor-element elementor-element-573a090 e-flex e-con-boxed e-con e-parent\" data-id=\"573a090\" data-element_type=\"container\" data-settings=\"{&quot;background_background&quot;:&quot;classic&quot;}\">\n\t\t\t\t\t<div class=\"e-con-inner\">\n\t\t<div class=\"elementor-element elementor-element-8130541 e-con-full e-flex e-con e-child\" data-id=\"8130541\" data-element_type=\"container\" data-settings=\"{&quot;background_background&quot;:&quot;classic&quot;}\">\n\t\t\t\t<div class=\"elementor-element elementor-element-9ae1109 elementor-widget elementor-widget-heading\" data-id=\"9ae1109\" data-element_type=\"widget\" data-widget_type=\"heading.default\">\n\t\t\t\t\t<h2 class=\"elementor-heading-title elementor-size-default\">P\u00f4le relation client<\/h2>\t\t\t\t<\/div>\n\t\t\t\t<div class=\"elementor-element elementor-element-7e56e8c elementor-widget__width-initial elementor-widget elementor-widget-text-editor\" data-id=\"7e56e8c\" data-element_type=\"widget\" data-widget_type=\"text-editor.default\">\n\t\t\t\t\t\t\t\t\t<p class=\"p1\">Chez Bienviyance, notre p\u00f4le relation client est d\u00e9di\u00e9 \u00e0 votre \u00e9coute et \u00e0 votre satisfaction.<br \/>Disponibles, r\u00e9actifs et bienveillants, nos conseillers vous accompagnent \u00e0 chaque \u00e9tape, pour vous garantir un suivi personnalis\u00e9 et des r\u00e9ponses claires \u00e0 toutes vos questions.<\/p>\t\t\t\t\t\t\t\t<\/div>\n\t\t\t\t<\/div>\n\t\t\t\t\t<\/div>\n\t\t\t\t<\/div>\n\t\t<div class=\"elementor-element elementor-element-62d4021 e-con-full e-flex e-con e-parent\" data-id=\"62d4021\" data-element_type=\"container\" data-settings=\"{&quot;background_background&quot;:&quot;classic&quot;}\">\n\t\t\t\t<div class=\"elementor-element elementor-element-0690994 elementor-widget elementor-widget-wpforms\" data-id=\"0690994\" data-element_type=\"widget\" data-widget_type=\"wpforms.default\">\n\t\t\t\t<div class=\"elementor-widget-container\">\n\t\t\t\t\t<style id=\"wpforms-css-vars-elementor-widget-0690994\">\n\t\t\t\t.elementor-widget-wpforms.elementor-element-0690994 {\n\t\t\t\t--wpforms-field-background-color: #FFFFFF;\n--wpforms-field-border-color: #00000000;\n--wpforms-field-border-color-spare: #00000000;\n--wpforms-field-size-input-height: 43px;\n--wpforms-field-size-input-spacing: 15px;\n--wpforms-field-size-font-size: 16px;\n--wpforms-field-size-line-height: 19px;\n--wpforms-field-size-padding-h: 14px;\n--wpforms-field-size-checkbox-size: 16px;\n--wpforms-field-size-sublabel-spacing: 5px;\n--wpforms-field-size-icon-size: 1;\n--wpforms-label-size-font-size: 16px;\n--wpforms-label-size-line-height: 19px;\n--wpforms-label-size-sublabel-font-size: 14px;\n--wpforms-label-size-sublabel-line-height: 17px;\n--wpforms-button-size-font-size: 17px;\n--wpforms-button-size-height: 41px;\n--wpforms-button-size-padding-h: 15px;\n--wpforms-button-size-margin-top: 10px;\n\n\t\t\t}\n\t\t\t<\/style><div class=\"wpforms-container wpforms-container-full wpforms-render-modern\" id=\"wpforms-4272\"><form id=\"wpforms-form-4272\" class=\"wpforms-validate wpforms-form wpforms-ajax-form\" data-formid=\"4272\" method=\"post\" enctype=\"multipart\/form-data\" action=\"\/bnvce\/wp-json\/wp\/v2\/pages\/4268\" data-token=\"dd3816dffbd65d76544ab73c0760fc27\" data-token-time=\"1778683367\"><noscript class=\"wpforms-error-noscript\">Veuillez activer JavaScript dans votre navigateur pour remplir ce formulaire.<\/noscript><div class=\"wpforms-hidden\" id=\"wpforms-error-noscript\">Veuillez activer JavaScript dans votre navigateur pour remplir ce formulaire.<\/div><div class=\"wpforms-field-container\"><div id=\"wpforms-4272-field_1-container\" class=\"wpforms-field wpforms-field-layout\" data-field-id=\"1\"><div class=\"wpforms-field-layout-columns wpforms-field-layout-preset-50-50\"><div class=\"wpforms-layout-column wpforms-layout-column-50\" ><div id=\"wpforms-4272-field_3-container\" class=\"wpforms-field wpforms-field-text\" data-field-id=\"3\"><label class=\"wpforms-field-label wpforms-label-hide\" for=\"wpforms-4272-field_3\" aria-hidden=\"false\">Nom<\/label><input type=\"text\" id=\"wpforms-4272-field_3\" class=\"wpforms-field-medium\" name=\"wpforms[fields][3]\" placeholder=\"Nom\" aria-errormessage=\"wpforms-4272-field_3-error\" ><\/div><div id=\"wpforms-4272-field_5-container\" class=\"wpforms-field wpforms-field-email\" data-field-id=\"5\"><label class=\"wpforms-field-label wpforms-label-hide\" for=\"wpforms-4272-field_5\" aria-hidden=\"false\">Email <span class=\"wpforms-required-label\" aria-hidden=\"true\">*<\/span><\/label><input type=\"email\" id=\"wpforms-4272-field_5\" class=\"wpforms-field-medium wpforms-field-required\" name=\"wpforms[fields][5]\" placeholder=\"Email\" spellcheck=\"false\" aria-errormessage=\"wpforms-4272-field_5-error\" required><\/div><\/div><div class=\"wpforms-layout-column wpforms-layout-column-50\" ><div id=\"wpforms-4272-field_4-container\" class=\"wpforms-field wpforms-field-text\" data-field-id=\"4\"><label class=\"wpforms-field-label wpforms-label-hide\" for=\"wpforms-4272-field_4\" aria-hidden=\"false\">Pr\u00e9nom<\/label><input type=\"text\" id=\"wpforms-4272-field_4\" class=\"wpforms-field-medium\" name=\"wpforms[fields][4]\" placeholder=\"Pr\u00e9nom\" aria-errormessage=\"wpforms-4272-field_4-error\" ><\/div><div id=\"wpforms-4272-field_6-container\" class=\"wpforms-field wpforms-field-phone\" data-field-id=\"6\"><label class=\"wpforms-field-label wpforms-label-hide\" for=\"wpforms-4272-field_6\" aria-hidden=\"false\">T\u00e9l\u00e9phone<\/label><input type=\"tel\" id=\"wpforms-4272-field_6\" class=\"wpforms-field-medium wpforms-smart-phone-field\" data-rule-smart-phone-field=\"true\" name=\"wpforms[fields][6]\" placeholder=\"T\u00e9l\u00e9phone\" aria-label=\"T\u00e9l\u00e9phone\" aria-errormessage=\"wpforms-4272-field_6-error\" ><\/div><\/div><\/div><\/div><div id=\"wpforms-4272-field_7-container\" class=\"wpforms-field wpforms-field-textarea\" data-field-id=\"7\"><label class=\"wpforms-field-label wpforms-label-hide\" for=\"wpforms-4272-field_7\" aria-hidden=\"false\">Message<\/label><textarea id=\"wpforms-4272-field_7\" class=\"wpforms-field-medium\" name=\"wpforms[fields][7]\" placeholder=\"Message\" aria-errormessage=\"wpforms-4272-field_7-error\" ><\/textarea><\/div><\/div><!-- .wpforms-field-container --><div class=\"wpforms-submit-container\" ><input type=\"hidden\" name=\"wpforms[id]\" value=\"4272\"><input type=\"hidden\" name=\"page_title\" value=\"\"><input type=\"hidden\" name=\"page_url\" value=\"https:\/\/2points.fr\/bnvce\/wp-json\/wp\/v2\/pages\/4268\"><input type=\"hidden\" name=\"url_referer\" value=\"\"><button type=\"submit\" name=\"wpforms[submit]\" id=\"wpforms-submit-4272\" class=\"wpforms-submit\" data-alt-text=\"Envoi...\" data-submit-text=\"Envoyer\" aria-live=\"assertive\" value=\"wpforms-submit\">Envoyer<\/button><img decoding=\"async\" src=\"https:\/\/2points.fr\/bnvce\/wp-content\/plugins\/wpforms\/assets\/images\/submit-spin.svg\" class=\"wpforms-submit-spinner\" style=\"display: none;\" width=\"26\" height=\"26\" alt=\"Chargement en cours\"><\/div><\/form><\/div>  <!-- .wpforms-container -->\t\t\t\t<\/div>\n\t\t\t\t<\/div>\n\t\t\t\t<\/div>\n\t\t<div class=\"elementor-element elementor-element-5e9d07e5 e-flex e-con-boxed e-con e-parent\" data-id=\"5e9d07e5\" data-element_type=\"container\" data-settings=\"{&quot;background_background&quot;:&quot;classic&quot;}\">\n\t\t\t\t\t<div class=\"e-con-inner\">\n\t\t<div class=\"elementor-element elementor-element-7f7da841 e-flex e-con-boxed e-con e-child\" data-id=\"7f7da841\" data-element_type=\"container\">\n\t\t\t\t\t<div class=\"e-con-inner\">\n\t\t<div class=\"elementor-element elementor-element-5244d1a3 e-flex e-con-boxed e-con e-child\" data-id=\"5244d1a3\" data-element_type=\"container\">\n\t\t\t\t\t<div class=\"e-con-inner\">\n\t\t<div class=\"elementor-element elementor-element-3e7ef927 e-con-full e-flex e-con e-child\" data-id=\"3e7ef927\" data-element_type=\"container\">\n\t\t\t\t<div class=\"elementor-element elementor-element-52d3cf elementor-widget__width-inherit animated-slow elementor-invisible elementor-widget elementor-widget-jkit_heading\" data-id=\"52d3cf\" data-element_type=\"widget\" data-settings=\"{&quot;_animation&quot;:&quot;zoomIn&quot;}\" data-widget_type=\"jkit_heading.default\">\n\t\t\t\t<div class=\"elementor-widget-container\">\n\t\t\t\t\t<div  class=\"jeg-elementor-kit jkit-heading  align-center align-tablet-center align-mobile- jeg_module___6a048de7a317e\" ><h2 class=\"heading-section-subtitle  style-color\">Collaborons ensemble<\/h2><div class=\"heading-section-separator\"><div class=\"separator-wrapper style-solid\"><\/div><\/div><div class=\"heading-section-title  display-inline-block\"><h2 class=\"heading-title\">Pr\u00eat \u00e0 collaborer avec nous ?<\/h2><\/div><div class=\"heading-section-description\"><p>Vous souhaitez collaborer ou avez une question ? Contactez-nous<\/p><\/div><\/div>\t\t\t\t<\/div>\n\t\t\t\t<\/div>\n\t\t\t\t<\/div>\n\t\t<div class=\"elementor-element elementor-element-4d31670a e-con-full e-flex e-con e-child\" data-id=\"4d31670a\" data-element_type=\"container\" data-settings=\"{&quot;background_background&quot;:&quot;classic&quot;}\">\n\t\t\t\t<div class=\"elementor-element elementor-element-5417ff65 elementor-widget elementor-widget-jkit_heading\" data-id=\"5417ff65\" data-element_type=\"widget\" data-widget_type=\"jkit_heading.default\">\n\t\t\t\t<div class=\"elementor-widget-container\">\n\t\t\t\t\t<div  class=\"jeg-elementor-kit jkit-heading  align-center align-tablet- align-mobile- jeg_module__1_6a048de7a4106\" ><h3 class=\"heading-section-subtitle  style-color\">Travaillez avec nous<\/h3><div class=\"heading-section-title  display-inline-block\"><h2 class=\"heading-title\">Envoyez-nous un email pour collaborer<\/h2><\/div><\/div>\t\t\t\t<\/div>\n\t\t\t\t<\/div>\n\t\t\t\t<div class=\"elementor-element elementor-element-64e422ca elementor-widget elementor-widget-jkit_button\" data-id=\"64e422ca\" data-element_type=\"widget\" data-widget_type=\"jkit_button.default\">\n\t\t\t\t<div class=\"elementor-widget-container\">\n\t\t\t\t\t<div  class=\"jeg-elementor-kit jkit-button  icon-position-before jeg_module__2_6a048de7a4eaa\" ><a href=\"#\" class=\"jkit-button-wrapper hover-gradient\"><span><svg viewBox=\"0 0 512 512\" xmlns=\"http:\/\/www.w3.org\/2000\/svg\"><path d=\"M502.3 190.8c3.9-3.1 9.7-.2 9.7 4.7V400c0 26.5-21.5 48-48 48H48c-26.5 0-48-21.5-48-48V195.6c0-5 5.7-7.8 9.7-4.7 22.4 17.4 52.1 39.5 154.1 113.6 21.1 15.4 56.7 47.8 92.2 47.6 35.7.3 72-32.8 92.3-47.6 102-74.1 131.6-96.3 154-113.7zM256 320c23.2.4 56.6-29.2 73.4-41.4 132.7-96.3 142.8-104.7 173.4-128.7 5.8-4.5 9.2-11.5 9.2-18.9v-19c0-26.5-21.5-48-48-48H48C21.5 64 0 85.5 0 112v19c0 7.4 3.4 14.3 9.2 18.9 30.6 23.9 40.7 32.4 173.4 128.7 16.8 12.2 50.2 41.8 73.4 41.4z\"><\/path><\/svg>contact@2points.fr<\/span><\/a><\/div>\t\t\t\t<\/div>\n\t\t\t\t<\/div>\n\t\t\t\t<\/div>\n\t\t<div class=\"elementor-element elementor-element-28115aa6 e-con-full e-flex e-con e-child\" data-id=\"28115aa6\" data-element_type=\"container\" data-settings=\"{&quot;background_background&quot;:&quot;classic&quot;}\">\n\t\t\t\t<div class=\"elementor-element elementor-element-526bb4c elementor-widget elementor-widget-jkit_heading\" data-id=\"526bb4c\" data-element_type=\"widget\" data-widget_type=\"jkit_heading.default\">\n\t\t\t\t<div class=\"elementor-widget-container\">\n\t\t\t\t\t<div  class=\"jeg-elementor-kit jkit-heading  align-center align-tablet- align-mobile- jeg_module__3_6a048de7a655f\" ><h3 class=\"heading-section-subtitle  style-color\">Rapprochez-vous<\/h3><div class=\"heading-section-title  display-inline-block\"><h2 class=\"heading-title\">Venez visiter notre bureau<\/h2><\/div><\/div>\t\t\t\t<\/div>\n\t\t\t\t<\/div>\n\t\t\t\t<div class=\"elementor-element elementor-element-1fd4ba46 elementor-widget elementor-widget-jkit_button\" data-id=\"1fd4ba46\" data-element_type=\"widget\" data-widget_type=\"jkit_button.default\">\n\t\t\t\t<div class=\"elementor-widget-container\">\n\t\t\t\t\t<div  class=\"jeg-elementor-kit jkit-button  icon-position-before jeg_module__4_6a048de7a71cc\" ><a href=\"#\" class=\"jkit-button-wrapper hover-gradient\"><span><svg viewBox=\"0 0 384 512\" xmlns=\"http:\/\/www.w3.org\/2000\/svg\"><path d=\"M172.268 501.67C26.97 291.031 0 269.413 0 192 0 85.961 85.961 0 192 0s192 85.961 192 192c0 77.413-26.97 99.031-172.268 309.67-9.535 13.774-29.93 13.773-39.464 0zM192 272c44.183 0 80-35.817 80-80s-35.817-80-80-80-80 35.817-80 80 35.817 80 80 80z\"><\/path><\/svg>Directement au bureau<\/span><\/a><\/div>\t\t\t\t<\/div>\n\t\t\t\t<\/div>\n\t\t\t\t<\/div>\n\t\t<div class=\"elementor-element elementor-element-62a41b06 e-con-full e-flex e-con e-child\" data-id=\"62a41b06\" data-element_type=\"container\" data-settings=\"{&quot;background_background&quot;:&quot;classic&quot;}\">\n\t\t\t\t<div class=\"elementor-element elementor-element-39caaedf elementor-widget elementor-widget-jkit_heading\" data-id=\"39caaedf\" data-element_type=\"widget\" data-widget_type=\"jkit_heading.default\">\n\t\t\t\t<div class=\"elementor-widget-container\">\n\t\t\t\t\t<div  class=\"jeg-elementor-kit jkit-heading  align-center align-tablet- align-mobile- jeg_module__5_6a048de7a81dd\" ><h3 class=\"heading-section-subtitle  style-color\">Pour des consultations<\/h3><div class=\"heading-section-title  display-inline-block\"><h2 class=\"heading-title\">Prenez contact et appelez-nous<\/h2><\/div><\/div>\t\t\t\t<\/div>\n\t\t\t\t<\/div>\n\t\t\t\t<div class=\"elementor-element elementor-element-61a5debf elementor-widget elementor-widget-jkit_button\" data-id=\"61a5debf\" data-element_type=\"widget\" data-widget_type=\"jkit_button.default\">\n\t\t\t\t<div class=\"elementor-widget-container\">\n\t\t\t\t\t<div  class=\"jeg-elementor-kit jkit-button  icon-position-before jeg_module__6_6a048de7a8e0a\" ><a href=\"#\" class=\"jkit-button-wrapper hover-gradient\"><span><svg viewBox=\"0 0 512 512\" xmlns=\"http:\/\/www.w3.org\/2000\/svg\"><path d=\"M497.39 361.8l-112-48a24 24 0 0 0-28 6.9l-49.6 60.6A370.66 370.66 0 0 1 130.6 204.11l60.6-49.6a23.94 23.94 0 0 0 6.9-28l-48-112A24.16 24.16 0 0 0 122.6.61l-104 24A24 24 0 0 0 0 48c0 256.5 207.9 464 464 464a24 24 0 0 0 23.4-18.6l24-104a24.29 24.29 0 0 0-14.01-27.6z\"><\/path><\/svg>01 85 61 09 30<\/span><\/a><\/div>\t\t\t\t<\/div>\n\t\t\t\t<\/div>\n\t\t\t\t<\/div>\n\t\t\t\t\t<\/div>\n\t\t\t\t<\/div>\n\t\t\t\t\t<\/div>\n\t\t\t\t<\/div>\n\t\t\t\t\t<\/div>\n\t\t\t\t<\/div>\n\t\t\t\t<\/div>\n\t\t","protected":false},"excerpt":{"rendered":"<p>P\u00f4le relation client Chez Bienviyance, notre p\u00f4le relation client est d\u00e9di\u00e9 \u00e0 votre \u00e9coute et \u00e0 votre satisfaction.Disponibles, r\u00e9actifs et bienveillants, nos conseillers vous accompagnent \u00e0 chaque \u00e9tape, pour vous garantir un suivi personnalis\u00e9 et des r\u00e9ponses claires \u00e0 toutes vos questions. Veuillez activer JavaScript dans votre navigateur pour remplir ce formulaire.Veuillez activer JavaScript dans [&hellip;]<\/p>\n","protected":false},"author":1,"featured_media":0,"parent":0,"menu_order":0,"comment_status":"closed","ping_status":"closed","template":"","meta":{"footnotes":""},"class_list":["post-4268","page","type-page","status-publish","hentry"],"_links":{"self":[{"href":"https:\/\/2points.fr\/bnvce\/wp-json\/wp\/v2\/pages\/4268","targetHints":{"allow":["GET"]}}],"collection":[{"href":"https:\/\/2points.fr\/bnvce\/wp-json\/wp\/v2\/pages"}],"about":[{"href":"https:\/\/2points.fr\/bnvce\/wp-json\/wp\/v2\/types\/page"}],"author":[{"embeddable":true,"href":"https:\/\/2points.fr\/bnvce\/wp-json\/wp\/v2\/users\/1"}],"replies":[{"embeddable":true,"href":"https:\/\/2points.fr\/bnvce\/wp-json\/wp\/v2\/comments?post=4268"}],"version-history":[{"count":22,"href":"https:\/\/2points.fr\/bnvce\/wp-json\/wp\/v2\/pages\/4268\/revisions"}],"predecessor-version":[{"id":4759,"href":"https:\/\/2points.fr\/bnvce\/wp-json\/wp\/v2\/pages\/4268\/revisions\/4759"}],"wp:attachment":[{"href":"https:\/\/2points.fr\/bnvce\/wp-json\/wp\/v2\/media?parent=4268"}],"curies":[{"name":"wp","href":"https:\/\/api.w.org\/{rel}","templated":true}]}}