{"id":4204,"date":"2025-04-23T16:15:09","date_gmt":"2025-04-23T16:15:09","guid":{"rendered":"https:\/\/2points.fr\/bnvce\/?page_id=4204"},"modified":"2025-04-25T08:36:14","modified_gmt":"2025-04-25T08:36:14","slug":"per","status":"publish","type":"page","link":"https:\/\/2points.fr\/bnvce\/per\/","title":{"rendered":"PER"},"content":{"rendered":"\t\t<div data-elementor-type=\"wp-page\" data-elementor-id=\"4204\" class=\"elementor elementor-4204\" data-elementor-post-type=\"page\">\n\t\t\t\t<div class=\"elementor-element elementor-element-ea9bde0 e-flex e-con-boxed e-con e-parent\" data-id=\"ea9bde0\" data-element_type=\"container\" data-settings=\"{&quot;background_background&quot;:&quot;classic&quot;}\">\n\t\t\t\t\t<div class=\"e-con-inner\">\n\t\t\t\t\t<\/div>\n\t\t\t\t<\/div>\n\t\t<div class=\"elementor-element elementor-element-44fc94c e-flex e-con-boxed e-con e-parent\" data-id=\"44fc94c\" data-element_type=\"container\" data-settings=\"{&quot;background_background&quot;:&quot;classic&quot;}\">\n\t\t\t\t\t<div class=\"e-con-inner\">\n\t\t<div class=\"elementor-element elementor-element-08a6a98 e-con-full e-flex e-con e-child\" data-id=\"08a6a98\" data-element_type=\"container\" data-settings=\"{&quot;background_background&quot;:&quot;classic&quot;}\">\n\t\t\t\t<div class=\"elementor-element elementor-element-519ded1 elementor-widget elementor-widget-heading\" data-id=\"519ded1\" data-element_type=\"widget\" data-widget_type=\"heading.default\">\n\t\t\t\t\t<h2 class=\"elementor-heading-title elementor-size-default\">Plan Epargne Retraite<\/h2>\t\t\t\t<\/div>\n\t\t\t\t<div class=\"elementor-element elementor-element-33f2191 elementor-widget__width-initial elementor-widget elementor-widget-text-editor\" data-id=\"33f2191\" data-element_type=\"widget\" data-widget_type=\"text-editor.default\">\n\t\t\t\t\t\t\t\t\t<p>Le Plan d\u2019\u00c9pargne Retraite (PER) est un dispositif d\u2019\u00e9pargne sur mesure con\u00e7u pour vous permettre de constituer un capital en vue de votre retraite, tout en b\u00e9n\u00e9ficiant d\u2019avantages fiscaux attractifs. Nous vous proposons un PER adapt\u00e9 \u00e0 vos besoins sp\u00e9cifiques, avec une partie d\u00e9di\u00e9e au fonctionnement pour les Travailleurs Non-Salari\u00e9s (TNS).<\/p>\t\t\t\t\t\t\t\t<\/div>\n\t\t\t\t<div class=\"elementor-element elementor-element-e79a54b elementor-align-center elementor-widget elementor-widget-button\" data-id=\"e79a54b\" data-element_type=\"widget\" data-widget_type=\"button.default\">\n\t\t\t\t\t\t\t\t\t\t<a class=\"elementor-button elementor-button-link elementor-size-sm\" href=\"https:\/\/2points.fr\/bnvce\/simulateur\/\">\n\t\t\t\t\t\t<span class=\"elementor-button-content-wrapper\">\n\t\t\t\t\t\t\t\t\t<span class=\"elementor-button-text\">Simuler votre PER<\/span>\n\t\t\t\t\t<\/span>\n\t\t\t\t\t<\/a>\n\t\t\t\t\t\t\t\t<\/div>\n\t\t\t\t<\/div>\n\t\t\t\t\t<\/div>\n\t\t\t\t<\/div>\n\t\t<div class=\"elementor-element elementor-element-62d4021 e-flex e-con-boxed e-con e-parent\" data-id=\"62d4021\" data-element_type=\"container\" data-settings=\"{&quot;background_background&quot;:&quot;classic&quot;}\">\n\t\t\t\t\t<div class=\"e-con-inner\">\n\t\t<div class=\"elementor-element elementor-element-0eb93c2 e-con-full e-flex e-con e-child\" data-id=\"0eb93c2\" data-element_type=\"container\">\n\t\t\t\t<div class=\"elementor-element elementor-element-7faeba3 elementor-widget elementor-widget-heading\" data-id=\"7faeba3\" data-element_type=\"widget\" data-widget_type=\"heading.default\">\n\t\t\t\t\t<h2 class=\"elementor-heading-title elementor-size-default\">Comment fonctionne le PER ?<\/h2>\t\t\t\t<\/div>\n\t\t\t\t<div class=\"elementor-element elementor-element-05b1d8d elementor-widget__width-initial elementor-widget elementor-widget-text-editor\" data-id=\"05b1d8d\" data-element_type=\"widget\" data-widget_type=\"text-editor.default\">\n\t\t\t\t\t\t\t\t\t<p>Le principe du PER est simple : vous effectuez des versements sur votre contrat, que vous pouvez r\u00e9aliser de mani\u00e8re r\u00e9guli\u00e8re ou ponctuelle, selon votre situation professionnelle et vos capacit\u00e9s financi\u00e8res. Ces versements sont d\u00e9ductibles de votre revenu imposable, vous permettant ainsi de r\u00e9duire votre base d\u2019imposition annuelle et de b\u00e9n\u00e9ficier d\u2019un avantage fiscal imm\u00e9diat.<\/p>\t\t\t\t\t\t\t\t<\/div>\n\t\t\t\t<\/div>\n\t\t<div class=\"elementor-element elementor-element-94f9dea e-con-full e-flex e-con e-child\" data-id=\"94f9dea\" data-element_type=\"container\">\n\t\t\t\t<div class=\"elementor-element elementor-element-79ff3de elementor-widget elementor-widget-image\" data-id=\"79ff3de\" data-element_type=\"widget\" data-widget_type=\"image.default\">\n\t\t\t\t\t\t\t\t\t\t\t\t\t\t\t<img decoding=\"async\" src=\"https:\/\/2points.fr\/bnvce\/old\/wp-content\/uploads\/2023\/09\/PER2.jpg\" title=\"\" alt=\"\" loading=\"lazy\" \/>\t\t\t\t\t\t\t\t\t\t\t\t\t\t\t<\/div>\n\t\t\t\t<\/div>\n\t\t\t\t\t<\/div>\n\t\t\t\t<\/div>\n\t\t<div class=\"elementor-element elementor-element-5fb0888 e-flex e-con-boxed e-con e-parent\" data-id=\"5fb0888\" data-element_type=\"container\" data-settings=\"{&quot;background_background&quot;:&quot;classic&quot;}\">\n\t\t\t\t\t<div class=\"e-con-inner\">\n\t\t<div class=\"elementor-element elementor-element-74b4b96 e-con-full e-flex e-con e-child\" data-id=\"74b4b96\" data-element_type=\"container\">\n\t\t\t\t<div class=\"elementor-element elementor-element-8a29274 elementor-widget elementor-widget-heading\" data-id=\"8a29274\" data-element_type=\"widget\" data-widget_type=\"heading.default\">\n\t\t\t\t\t<h2 class=\"elementor-heading-title elementor-size-default\">Les avantages du PER en g\u00e9n\u00e9ral :<\/h2>\t\t\t\t<\/div>\n\t\t\t\t<div class=\"elementor-element elementor-element-03bbe9f elementor-widget elementor-widget-elementskit-accordion\" data-id=\"03bbe9f\" data-element_type=\"widget\" data-widget_type=\"elementskit-accordion.default\">\n\t\t\t\t\t<div class=\"ekit-wid-con\" >\n        <div class=\"elementskit-accordion accoedion-primary\" id=\"accordion-6a04892e148fc\">\n\n            \n                <div class=\"elementskit-card active\">\n                    <div class=\"elementskit-card-header\" id=\"primaryHeading-0-03bbe9f\">\n                        <a href=\"#collapse-7b8baae6a04892e148fc\" class=\"ekit-accordion--toggler elementskit-btn-link collapsed\" data-ekit-toggle=\"collapse\" data-target=\"#Collapse-7b8baae6a04892e148fc\" aria-expanded=\"true\" aria-controls=\"Collapse-7b8baae6a04892e148fc\">\n                            \n                            <span class=\"ekit-accordion-title\">Avantage fiscal<\/span>\n\n                            \n                                <div class=\"ekit_accordion_icon_group\">\n                                    <div class=\"ekit_accordion_normal_icon\">\n                                        <!-- Normal Icon -->\n\t\t\t\t\t\t\t\t\t\t<i class=\"icon icon-down-arrow1\"><\/i>                                    <\/div>\n\n                                    <div class=\"ekit_accordion_active_icon\">\n                                        <!-- Active Icon -->\n\t\t\t\t\t\t\t\t\t\t<i class=\"icon icon-up-arrow\"><\/i>                                    <\/div>\n                                <\/div>\n\n                            \n                                                    <\/a>\n                    <\/div>\n\n                    <div id=\"Collapse-7b8baae6a04892e148fc\" class=\" show collapse\" aria-labelledby=\"primaryHeading-0-03bbe9f\" data-parent=\"#accordion-6a04892e148fc\">\n\n                        <div class=\"elementskit-card-body ekit-accordion--content\">\n                            <p>Vous b\u00e9n\u00e9ficiez d\u2019une d\u00e9duction fiscale sur les versements effectu\u00e9s, r\u00e9duisant ainsi votre revenu imposable et votre charge fiscale annuelle.<\/p>                        <\/div>\n\n                    <\/div>\n\n                <\/div><!-- .elementskit-card END -->\n\n                \n                <div class=\"elementskit-card \">\n                    <div class=\"elementskit-card-header\" id=\"primaryHeading-1-03bbe9f\">\n                        <a href=\"#collapse-049d76f6a04892e148fc\" class=\"ekit-accordion--toggler elementskit-btn-link collapsed\" data-ekit-toggle=\"collapse\" data-target=\"#Collapse-049d76f6a04892e148fc\" aria-expanded=\"false\" aria-controls=\"Collapse-049d76f6a04892e148fc\">\n                            \n                            <span class=\"ekit-accordion-title\">Gestion souple<\/span>\n\n                            \n                                <div class=\"ekit_accordion_icon_group\">\n                                    <div class=\"ekit_accordion_normal_icon\">\n                                        <!-- Normal Icon -->\n\t\t\t\t\t\t\t\t\t\t<i class=\"icon icon-down-arrow1\"><\/i>                                    <\/div>\n\n                                    <div class=\"ekit_accordion_active_icon\">\n                                        <!-- Active Icon -->\n\t\t\t\t\t\t\t\t\t\t<i class=\"icon icon-up-arrow\"><\/i>                                    <\/div>\n                                <\/div>\n\n                            \n                                                    <\/a>\n                    <\/div>\n\n                    <div id=\"Collapse-049d76f6a04892e148fc\" class=\" collapse\" aria-labelledby=\"primaryHeading-1-03bbe9f\" data-parent=\"#accordion-6a04892e148fc\">\n\n                        <div class=\"elementskit-card-body ekit-accordion--content\">\n                            <p>Vous avez la possibilit\u00e9 de choisir entre diff\u00e9rents types de gestion : gestion libre, gestion pilot\u00e9e, ou gestion sous mandat. Vous pouvez ainsi opter pour celle qui correspond le mieux \u00e0 vos objectifs d\u2019investissement.<\/p>                        <\/div>\n\n                    <\/div>\n\n                <\/div><!-- .elementskit-card END -->\n\n                \n                <div class=\"elementskit-card \">\n                    <div class=\"elementskit-card-header\" id=\"primaryHeading-2-03bbe9f\">\n                        <a href=\"#collapse-5efaec46a04892e148fc\" class=\"ekit-accordion--toggler elementskit-btn-link collapsed\" data-ekit-toggle=\"collapse\" data-target=\"#Collapse-5efaec46a04892e148fc\" aria-expanded=\"false\" aria-controls=\"Collapse-5efaec46a04892e148fc\">\n                            \n                            <span class=\"ekit-accordion-title\">Transmissions optimis\u00e9es<\/span>\n\n                            \n                                <div class=\"ekit_accordion_icon_group\">\n                                    <div class=\"ekit_accordion_normal_icon\">\n                                        <!-- Normal Icon -->\n\t\t\t\t\t\t\t\t\t\t<i class=\"icon icon-down-arrow1\"><\/i>                                    <\/div>\n\n                                    <div class=\"ekit_accordion_active_icon\">\n                                        <!-- Active Icon -->\n\t\t\t\t\t\t\t\t\t\t<i class=\"icon icon-up-arrow\"><\/i>                                    <\/div>\n                                <\/div>\n\n                            \n                                                    <\/a>\n                    <\/div>\n\n                    <div id=\"Collapse-5efaec46a04892e148fc\" class=\" collapse\" aria-labelledby=\"primaryHeading-2-03bbe9f\" data-parent=\"#accordion-6a04892e148fc\">\n\n                        <div class=\"elementskit-card-body ekit-accordion--content\">\n                            <p>En cas de d\u00e9c\u00e8s, le capital constitu\u00e9 dans votre PER est transmis \u00e0 vos b\u00e9n\u00e9ficiaires d\u00e9sign\u00e9s dans des conditions avantageuses, hors succession.<\/p>                        <\/div>\n\n                    <\/div>\n\n                <\/div><!-- .elementskit-card END -->\n\n                \n                <div class=\"elementskit-card \">\n                    <div class=\"elementskit-card-header\" id=\"primaryHeading-3-03bbe9f\">\n                        <a href=\"#collapse-dc0be356a04892e148fc\" class=\"ekit-accordion--toggler elementskit-btn-link collapsed\" data-ekit-toggle=\"collapse\" data-target=\"#Collapse-dc0be356a04892e148fc\" aria-expanded=\"false\" aria-controls=\"Collapse-dc0be356a04892e148fc\">\n                            \n                            <span class=\"ekit-accordion-title\">Pr\u00e9paration de la retraite<\/span>\n\n                            \n                                <div class=\"ekit_accordion_icon_group\">\n                                    <div class=\"ekit_accordion_normal_icon\">\n                                        <!-- Normal Icon -->\n\t\t\t\t\t\t\t\t\t\t<i class=\"icon icon-down-arrow1\"><\/i>                                    <\/div>\n\n                                    <div class=\"ekit_accordion_active_icon\">\n                                        <!-- Active Icon -->\n\t\t\t\t\t\t\t\t\t\t<i class=\"icon icon-up-arrow\"><\/i>                                    <\/div>\n                                <\/div>\n\n                            \n                                                    <\/a>\n                    <\/div>\n\n                    <div id=\"Collapse-dc0be356a04892e148fc\" class=\" collapse\" aria-labelledby=\"primaryHeading-3-03bbe9f\" data-parent=\"#accordion-6a04892e148fc\">\n\n                        <div class=\"elementskit-card-body ekit-accordion--content\">\n                            <p>Le PER vous offre la possibilit\u00e9 de vous constituer un compl\u00e9ment de revenu r\u00e9gulier pour votre retraite, assurant ainsi une meilleure s\u00e9curit\u00e9 financi\u00e8re pour vos ann\u00e9es de retraite.<\/p>                        <\/div>\n\n                    <\/div>\n\n                <\/div><!-- .elementskit-card END -->\n\n                                        <\/div>\n    <\/div>\t\t\t\t<\/div>\n\t\t\t\t<\/div>\n\t\t<div class=\"elementor-element elementor-element-0d56826 e-con-full e-flex e-con e-child\" data-id=\"0d56826\" data-element_type=\"container\">\n\t\t\t\t<div class=\"elementor-element elementor-element-f10a209 elementor-widget elementor-widget-image\" data-id=\"f10a209\" data-element_type=\"widget\" data-widget_type=\"image.default\">\n\t\t\t\t\t\t\t\t\t\t\t\t\t\t\t<img decoding=\"async\" src=\"https:\/\/2points.fr\/bnvce\/old\/wp-content\/uploads\/2023\/09\/PER3.jpg\" title=\"\" alt=\"\" loading=\"lazy\" \/>\t\t\t\t\t\t\t\t\t\t\t\t\t\t\t<\/div>\n\t\t\t\t<\/div>\n\t\t\t\t\t<\/div>\n\t\t\t\t<\/div>\n\t\t<div class=\"elementor-element elementor-element-3454239 e-flex e-con-boxed e-con e-parent\" data-id=\"3454239\" data-element_type=\"container\">\n\t\t\t\t\t<div class=\"e-con-inner\">\n\t\t\t\t<div class=\"elementor-element elementor-element-30594a0 elementor-widget-divider--view-line elementor-widget elementor-widget-divider\" data-id=\"30594a0\" data-element_type=\"widget\" data-widget_type=\"divider.default\">\n\t\t\t\t\t\t\t<div class=\"elementor-divider\">\n\t\t\t<span class=\"elementor-divider-separator\">\n\t\t\t\t\t\t<\/span>\n\t\t<\/div>\n\t\t\t\t\t\t<\/div>\n\t\t\t\t<div class=\"elementor-element elementor-element-a14b33e elementor-widget elementor-widget-heading\" data-id=\"a14b33e\" data-element_type=\"widget\" data-widget_type=\"heading.default\">\n\t\t\t\t\t<h2 class=\"elementor-heading-title elementor-size-default\">Pourquoi choisir Bienviyance pour votre PER ?<\/h2>\t\t\t\t<\/div>\n\t\t\t\t<div class=\"elementor-element elementor-element-d65581c elementor-widget elementor-widget-text-editor\" data-id=\"d65581c\" data-element_type=\"widget\" data-widget_type=\"text-editor.default\">\n\t\t\t\t\t\t\t\t\t<p>Chez Bienviyance, nous pla\u00e7ons votre int\u00e9r\u00eat au c\u0153ur de notre engagement. Notre \u00e9quipe de conseillers exp\u00e9riment\u00e9s est l\u00e0 pour vous guider dans la mise en place d\u2019un PER sur mesure, adapt\u00e9 \u00e0 votre situation, que vous soyez TNS ou salari\u00e9. Nous vous offrons un suivi personnalis\u00e9, vous aidant \u00e0 choisir la meilleure strat\u00e9gie d\u2019investissement pour votre retraite, en fonction de vos objectifs financiers et de votre profil d\u2019investisseur.<\/p><p>En collaborant avec nous, vous b\u00e9n\u00e9ficierez d\u2019une gestion rigoureuse de votre PER, avec un acc\u00e8s \u00e0 une large gamme de supports d\u2019investissement soigneusement s\u00e9lectionn\u00e9s. Nous veillons \u00e0 optimiser les rendements tout en pr\u00e9servant votre capital, pour vous offrir la meilleure performance possible en toute s\u00e9curit\u00e9.<\/p><p>De plus, en passant par Cabinet Bienveillance, vous avez acc\u00e8s \u00e0 un conseil global en mati\u00e8re de protection sociale et d\u2019\u00e9pargne. En tant que family office, nous avons \u00e0 c\u0153ur de vous accompagner dans tous les aspects de votre patrimoine financier, assurant ainsi une vision \u00e0 360 degr\u00e9s pour une meilleure gestion globale de vos actifs.<\/p><p>Pr\u00e9parez votre avenir avec s\u00e9r\u00e9nit\u00e9 en choisissant notre expertise en mati\u00e8re de PER. Contactez-nous d\u00e8s aujourd\u2019hui pour b\u00e9n\u00e9ficier de conseils avis\u00e9s, d\u2019avantages fiscaux sur mesure, et d\u2019une gestion proactive de votre \u00e9pargne retraite. Ensemble, b\u00e2tissons un futur financier \u00e9panouissant et p\u00e9renne pour vous et vos proches.<\/p>\t\t\t\t\t\t\t\t<\/div>\n\t\t\t\t<div class=\"elementor-element elementor-element-fe6d424 elementor-widget-divider--view-line elementor-widget elementor-widget-divider\" data-id=\"fe6d424\" data-element_type=\"widget\" data-widget_type=\"divider.default\">\n\t\t\t\t\t\t\t<div class=\"elementor-divider\">\n\t\t\t<span class=\"elementor-divider-separator\">\n\t\t\t\t\t\t<\/span>\n\t\t<\/div>\n\t\t\t\t\t\t<\/div>\n\t\t\t\t\t<\/div>\n\t\t\t\t<\/div>\n\t\t<div class=\"elementor-element elementor-element-5e9d07e5 e-flex e-con-boxed e-con e-parent\" data-id=\"5e9d07e5\" data-element_type=\"container\" data-settings=\"{&quot;background_background&quot;:&quot;classic&quot;}\">\n\t\t\t\t\t<div class=\"e-con-inner\">\n\t\t<div class=\"elementor-element elementor-element-7f7da841 e-flex e-con-boxed e-con e-child\" data-id=\"7f7da841\" data-element_type=\"container\">\n\t\t\t\t\t<div class=\"e-con-inner\">\n\t\t<div class=\"elementor-element elementor-element-5244d1a3 e-flex e-con-boxed e-con e-child\" data-id=\"5244d1a3\" data-element_type=\"container\">\n\t\t\t\t\t<div class=\"e-con-inner\">\n\t\t<div class=\"elementor-element elementor-element-3e7ef927 e-con-full e-flex e-con e-child\" data-id=\"3e7ef927\" data-element_type=\"container\">\n\t\t\t\t<div class=\"elementor-element elementor-element-52d3cf elementor-widget__width-inherit animated-slow elementor-invisible elementor-widget elementor-widget-jkit_heading\" data-id=\"52d3cf\" data-element_type=\"widget\" data-settings=\"{&quot;_animation&quot;:&quot;zoomIn&quot;}\" data-widget_type=\"jkit_heading.default\">\n\t\t\t\t<div class=\"elementor-widget-container\">\n\t\t\t\t\t<div  class=\"jeg-elementor-kit jkit-heading  align-center align-tablet-center align-mobile- jeg_module___6a04892e217d7\" ><h2 class=\"heading-section-subtitle  style-color\">Collaborons ensemble<\/h2><div class=\"heading-section-separator\"><div class=\"separator-wrapper style-solid\"><\/div><\/div><div class=\"heading-section-title  display-inline-block\"><h2 class=\"heading-title\">Pr\u00eat \u00e0 collaborer avec nous ?<\/h2><\/div><div class=\"heading-section-description\"><p>Vous souhaitez collaborer ou avez une question ? Contactez-nous<\/p><\/div><\/div>\t\t\t\t<\/div>\n\t\t\t\t<\/div>\n\t\t\t\t<\/div>\n\t\t<div class=\"elementor-element elementor-element-4d31670a e-con-full e-flex e-con e-child\" data-id=\"4d31670a\" data-element_type=\"container\" data-settings=\"{&quot;background_background&quot;:&quot;classic&quot;}\">\n\t\t\t\t<div class=\"elementor-element elementor-element-5417ff65 elementor-widget elementor-widget-jkit_heading\" data-id=\"5417ff65\" data-element_type=\"widget\" data-widget_type=\"jkit_heading.default\">\n\t\t\t\t<div class=\"elementor-widget-container\">\n\t\t\t\t\t<div  class=\"jeg-elementor-kit jkit-heading  align-center align-tablet- align-mobile- jeg_module__1_6a04892e2210a\" ><h3 class=\"heading-section-subtitle  style-color\">Travaillez avec nous<\/h3><div class=\"heading-section-title  display-inline-block\"><h2 class=\"heading-title\">Envoyez-nous un email pour collaborer<\/h2><\/div><\/div>\t\t\t\t<\/div>\n\t\t\t\t<\/div>\n\t\t\t\t<div class=\"elementor-element elementor-element-64e422ca elementor-widget elementor-widget-jkit_button\" data-id=\"64e422ca\" data-element_type=\"widget\" data-widget_type=\"jkit_button.default\">\n\t\t\t\t<div class=\"elementor-widget-container\">\n\t\t\t\t\t<div  class=\"jeg-elementor-kit jkit-button  icon-position-before jeg_module__2_6a04892e22894\" ><a href=\"#\" class=\"jkit-button-wrapper hover-gradient\"><span><svg viewBox=\"0 0 512 512\" xmlns=\"http:\/\/www.w3.org\/2000\/svg\"><path d=\"M502.3 190.8c3.9-3.1 9.7-.2 9.7 4.7V400c0 26.5-21.5 48-48 48H48c-26.5 0-48-21.5-48-48V195.6c0-5 5.7-7.8 9.7-4.7 22.4 17.4 52.1 39.5 154.1 113.6 21.1 15.4 56.7 47.8 92.2 47.6 35.7.3 72-32.8 92.3-47.6 102-74.1 131.6-96.3 154-113.7zM256 320c23.2.4 56.6-29.2 73.4-41.4 132.7-96.3 142.8-104.7 173.4-128.7 5.8-4.5 9.2-11.5 9.2-18.9v-19c0-26.5-21.5-48-48-48H48C21.5 64 0 85.5 0 112v19c0 7.4 3.4 14.3 9.2 18.9 30.6 23.9 40.7 32.4 173.4 128.7 16.8 12.2 50.2 41.8 73.4 41.4z\"><\/path><\/svg>contact@2points.fr<\/span><\/a><\/div>\t\t\t\t<\/div>\n\t\t\t\t<\/div>\n\t\t\t\t<\/div>\n\t\t<div class=\"elementor-element elementor-element-28115aa6 e-con-full e-flex e-con e-child\" data-id=\"28115aa6\" data-element_type=\"container\" data-settings=\"{&quot;background_background&quot;:&quot;classic&quot;}\">\n\t\t\t\t<div class=\"elementor-element elementor-element-526bb4c elementor-widget elementor-widget-jkit_heading\" data-id=\"526bb4c\" data-element_type=\"widget\" data-widget_type=\"jkit_heading.default\">\n\t\t\t\t<div class=\"elementor-widget-container\">\n\t\t\t\t\t<div  class=\"jeg-elementor-kit jkit-heading  align-center align-tablet- align-mobile- jeg_module__3_6a04892e231af\" ><h3 class=\"heading-section-subtitle  style-color\">Rapprochez-vous<\/h3><div class=\"heading-section-title  display-inline-block\"><h2 class=\"heading-title\">Venez visiter notre bureau<\/h2><\/div><\/div>\t\t\t\t<\/div>\n\t\t\t\t<\/div>\n\t\t\t\t<div class=\"elementor-element elementor-element-1fd4ba46 elementor-widget elementor-widget-jkit_button\" data-id=\"1fd4ba46\" data-element_type=\"widget\" data-widget_type=\"jkit_button.default\">\n\t\t\t\t<div class=\"elementor-widget-container\">\n\t\t\t\t\t<div  class=\"jeg-elementor-kit jkit-button  icon-position-before jeg_module__4_6a04892e23856\" ><a href=\"#\" class=\"jkit-button-wrapper hover-gradient\"><span><svg viewBox=\"0 0 384 512\" xmlns=\"http:\/\/www.w3.org\/2000\/svg\"><path d=\"M172.268 501.67C26.97 291.031 0 269.413 0 192 0 85.961 85.961 0 192 0s192 85.961 192 192c0 77.413-26.97 99.031-172.268 309.67-9.535 13.774-29.93 13.773-39.464 0zM192 272c44.183 0 80-35.817 80-80s-35.817-80-80-80-80 35.817-80 80 35.817 80 80 80z\"><\/path><\/svg>Directement au bureau<\/span><\/a><\/div>\t\t\t\t<\/div>\n\t\t\t\t<\/div>\n\t\t\t\t<\/div>\n\t\t<div class=\"elementor-element elementor-element-62a41b06 e-con-full e-flex e-con e-child\" data-id=\"62a41b06\" data-element_type=\"container\" data-settings=\"{&quot;background_background&quot;:&quot;classic&quot;}\">\n\t\t\t\t<div class=\"elementor-element elementor-element-39caaedf elementor-widget elementor-widget-jkit_heading\" data-id=\"39caaedf\" data-element_type=\"widget\" data-widget_type=\"jkit_heading.default\">\n\t\t\t\t<div class=\"elementor-widget-container\">\n\t\t\t\t\t<div  class=\"jeg-elementor-kit jkit-heading  align-center align-tablet- align-mobile- jeg_module__5_6a04892e24107\" ><h3 class=\"heading-section-subtitle  style-color\">Pour des consultations<\/h3><div class=\"heading-section-title  display-inline-block\"><h2 class=\"heading-title\">Prenez contact et appelez-nous<\/h2><\/div><\/div>\t\t\t\t<\/div>\n\t\t\t\t<\/div>\n\t\t\t\t<div class=\"elementor-element elementor-element-61a5debf elementor-widget elementor-widget-jkit_button\" data-id=\"61a5debf\" data-element_type=\"widget\" data-widget_type=\"jkit_button.default\">\n\t\t\t\t<div class=\"elementor-widget-container\">\n\t\t\t\t\t<div  class=\"jeg-elementor-kit jkit-button  icon-position-before jeg_module__6_6a04892e24775\" ><a href=\"#\" class=\"jkit-button-wrapper hover-gradient\"><span><svg viewBox=\"0 0 512 512\" xmlns=\"http:\/\/www.w3.org\/2000\/svg\"><path d=\"M497.39 361.8l-112-48a24 24 0 0 0-28 6.9l-49.6 60.6A370.66 370.66 0 0 1 130.6 204.11l60.6-49.6a23.94 23.94 0 0 0 6.9-28l-48-112A24.16 24.16 0 0 0 122.6.61l-104 24A24 24 0 0 0 0 48c0 256.5 207.9 464 464 464a24 24 0 0 0 23.4-18.6l24-104a24.29 24.29 0 0 0-14.01-27.6z\"><\/path><\/svg>01 85 61 09 30<\/span><\/a><\/div>\t\t\t\t<\/div>\n\t\t\t\t<\/div>\n\t\t\t\t<\/div>\n\t\t\t\t\t<\/div>\n\t\t\t\t<\/div>\n\t\t\t\t\t<\/div>\n\t\t\t\t<\/div>\n\t\t\t\t\t<\/div>\n\t\t\t\t<\/div>\n\t\t\t\t<\/div>\n\t\t","protected":false},"excerpt":{"rendered":"<p>Plan Epargne Retraite Le Plan d\u2019\u00c9pargne Retraite (PER) est un dispositif d\u2019\u00e9pargne sur mesure con\u00e7u pour vous permettre de constituer un capital en vue de votre retraite, tout en b\u00e9n\u00e9ficiant d\u2019avantages fiscaux attractifs. Nous vous proposons un PER adapt\u00e9 \u00e0 vos besoins sp\u00e9cifiques, avec une partie d\u00e9di\u00e9e au fonctionnement pour les Travailleurs Non-Salari\u00e9s (TNS). Simuler [&hellip;]<\/p>\n","protected":false},"author":1,"featured_media":0,"parent":0,"menu_order":0,"comment_status":"closed","ping_status":"closed","template":"","meta":{"footnotes":""},"class_list":["post-4204","page","type-page","status-publish","hentry"],"_links":{"self":[{"href":"https:\/\/2points.fr\/bnvce\/wp-json\/wp\/v2\/pages\/4204","targetHints":{"allow":["GET"]}}],"collection":[{"href":"https:\/\/2points.fr\/bnvce\/wp-json\/wp\/v2\/pages"}],"about":[{"href":"https:\/\/2points.fr\/bnvce\/wp-json\/wp\/v2\/types\/page"}],"author":[{"embeddable":true,"href":"https:\/\/2points.fr\/bnvce\/wp-json\/wp\/v2\/users\/1"}],"replies":[{"embeddable":true,"href":"https:\/\/2points.fr\/bnvce\/wp-json\/wp\/v2\/comments?post=4204"}],"version-history":[{"count":13,"href":"https:\/\/2points.fr\/bnvce\/wp-json\/wp\/v2\/pages\/4204\/revisions"}],"predecessor-version":[{"id":4559,"href":"https:\/\/2points.fr\/bnvce\/wp-json\/wp\/v2\/pages\/4204\/revisions\/4559"}],"wp:attachment":[{"href":"https:\/\/2points.fr\/bnvce\/wp-json\/wp\/v2\/media?parent=4204"}],"curies":[{"name":"wp","href":"https:\/\/api.w.org\/{rel}","templated":true}]}}