{"id":4063,"date":"2025-04-23T08:17:28","date_gmt":"2025-04-23T08:17:28","guid":{"rendered":"https:\/\/2points.fr\/bnvce\/?page_id=4063"},"modified":"2025-04-29T10:44:42","modified_gmt":"2025-04-29T10:44:42","slug":"bienvisport","status":"publish","type":"page","link":"https:\/\/2points.fr\/bnvce\/bienvisport\/","title":{"rendered":"Bienvi&#8217;sport"},"content":{"rendered":"\t\t<div data-elementor-type=\"wp-page\" data-elementor-id=\"4063\" class=\"elementor elementor-4063\" data-elementor-post-type=\"page\">\n\t\t\t\t<div class=\"elementor-element elementor-element-ea9bde0 e-flex e-con-boxed e-con e-parent\" data-id=\"ea9bde0\" data-element_type=\"container\" data-settings=\"{&quot;background_background&quot;:&quot;classic&quot;}\">\n\t\t\t\t\t<div class=\"e-con-inner\">\n\t\t\t\t<div class=\"elementor-element elementor-element-9303e25 elementor-widget elementor-widget-image\" data-id=\"9303e25\" data-element_type=\"widget\" data-widget_type=\"image.default\">\n\t\t\t\t\t\t\t\t\t\t\t\t\t\t\t<img fetchpriority=\"high\" decoding=\"async\" width=\"1650\" height=\"773\" src=\"https:\/\/2points.fr\/bnvce\/wp-content\/uploads\/2025\/04\/Bienvisport-logo-w.png\" class=\"attachment-full size-full wp-image-4070\" alt=\"\" srcset=\"https:\/\/2points.fr\/bnvce\/wp-content\/uploads\/2025\/04\/Bienvisport-logo-w.png 1650w, https:\/\/2points.fr\/bnvce\/wp-content\/uploads\/2025\/04\/Bienvisport-logo-w-300x141.png 300w, https:\/\/2points.fr\/bnvce\/wp-content\/uploads\/2025\/04\/Bienvisport-logo-w-1024x480.png 1024w, https:\/\/2points.fr\/bnvce\/wp-content\/uploads\/2025\/04\/Bienvisport-logo-w-768x360.png 768w, https:\/\/2points.fr\/bnvce\/wp-content\/uploads\/2025\/04\/Bienvisport-logo-w-1536x720.png 1536w\" sizes=\"(max-width: 1650px) 100vw, 1650px\" \/>\t\t\t\t\t\t\t\t\t\t\t\t\t\t\t<\/div>\n\t\t\t\t\t<\/div>\n\t\t\t\t<\/div>\n\t\t<div class=\"elementor-element elementor-element-e543a18 e-con-full e-flex e-con e-parent\" data-id=\"e543a18\" data-element_type=\"container\" data-settings=\"{&quot;background_background&quot;:&quot;classic&quot;}\">\n\t\t<div class=\"elementor-element elementor-element-f944255 e-con-full e-flex e-con e-child\" data-id=\"f944255\" data-element_type=\"container\">\n\t\t<div class=\"elementor-element elementor-element-0b99d22 e-con-full animated-slow e-flex elementor-invisible e-con e-child\" data-id=\"0b99d22\" data-element_type=\"container\" data-settings=\"{&quot;background_background&quot;:&quot;classic&quot;,&quot;animation&quot;:&quot;fadeInUp&quot;}\">\n\t\t\t\t<div class=\"elementor-element elementor-element-75337b0 elementor-widget elementor-widget-heading\" data-id=\"75337b0\" data-element_type=\"widget\" data-widget_type=\"heading.default\">\n\t\t\t\t\t<h2 class=\"elementor-heading-title elementor-size-default\">LES OBJECTIFS\n\n<\/h2>\t\t\t\t<\/div>\n\t\t\t\t<div class=\"elementor-element elementor-element-0ec2cee elementor-widget elementor-widget-text-editor\" data-id=\"0ec2cee\" data-element_type=\"widget\" data-widget_type=\"text-editor.default\">\n\t\t\t\t\t\t\t\t\t<p>&#8211; Pr\u00e9server et valoriser le patrimoine des sportifs<br \/>&#8211; Accompagner les transitions de carri\u00e8re<br \/>&#8211; Assurer un avenir financier s\u00e9curis\u00e9<\/p>\t\t\t\t\t\t\t\t<\/div>\n\t\t\t\t<\/div>\n\t\t<div class=\"elementor-element elementor-element-d938f94 e-con-full animated-slow e-flex elementor-invisible e-con e-child\" data-id=\"d938f94\" data-element_type=\"container\" data-settings=\"{&quot;background_background&quot;:&quot;classic&quot;,&quot;animation&quot;:&quot;fadeInUp&quot;}\">\n\t\t\t\t<div class=\"elementor-element elementor-element-5c17b11 elementor-widget elementor-widget-heading\" data-id=\"5c17b11\" data-element_type=\"widget\" data-widget_type=\"heading.default\">\n\t\t\t\t\t<h2 class=\"elementor-heading-title elementor-size-default\">L'ENGAGEMENT DE BIENVI\u2019SPORT<\/h2>\t\t\t\t<\/div>\n\t\t\t\t<div class=\"elementor-element elementor-element-b008946 elementor-widget elementor-widget-text-editor\" data-id=\"b008946\" data-element_type=\"widget\" data-widget_type=\"text-editor.default\">\n\t\t\t\t\t\t\t\t\t<p>Notre mission : Apporter des solutions sur-mesure pour accompagner chaque sportif dans la r\u00e9ussite de ses objectifs financiers et personnels.<\/p>\t\t\t\t\t\t\t\t<\/div>\n\t\t\t\t<div class=\"elementor-element elementor-element-22f6259 elementor-widget elementor-widget-heading\" data-id=\"22f6259\" data-element_type=\"widget\" data-widget_type=\"heading.default\">\n\t\t\t\t\t<h2 class=\"elementor-heading-title elementor-size-default\">APPROCHE DURABLE\n\n<\/h2>\t\t\t\t<\/div>\n\t\t\t\t<div class=\"elementor-element elementor-element-bd3b745 elementor-widget elementor-widget-text-editor\" data-id=\"bd3b745\" data-element_type=\"widget\" data-widget_type=\"text-editor.default\">\n\t\t\t\t\t\t\t\t\t<p>Accompagnement durable et flexible pour s\u2019adapter \u00e0 vos projets de vie par le biais d\u2019entretiens r\u00e9guliers.<\/p>\t\t\t\t\t\t\t\t<\/div>\n\t\t\t\t<\/div>\n\t\t<div class=\"elementor-element elementor-element-a2e1487 e-con-full animated-slow e-flex elementor-invisible e-con e-child\" data-id=\"a2e1487\" data-element_type=\"container\" data-settings=\"{&quot;background_background&quot;:&quot;classic&quot;,&quot;animation&quot;:&quot;fadeInUp&quot;}\">\n\t\t\t\t<div class=\"elementor-element elementor-element-310fb85 elementor-widget elementor-widget-heading\" data-id=\"310fb85\" data-element_type=\"widget\" data-widget_type=\"heading.default\">\n\t\t\t\t\t<h2 class=\"elementor-heading-title elementor-size-default\">APPROCHE P\u00c9DAGOGIQUE<\/h2>\t\t\t\t<\/div>\n\t\t\t\t<div class=\"elementor-element elementor-element-83d9e42 elementor-widget elementor-widget-text-editor\" data-id=\"83d9e42\" data-element_type=\"widget\" data-widget_type=\"text-editor.default\">\n\t\t\t\t\t\t\t\t\t<p>Comprendre les int\u00e9r\u00eats des diff\u00e9rentes solutions propos\u00e9es pour rester le premier acteur de votre strat\u00e9gie d\u2019optimisation.<\/p>\t\t\t\t\t\t\t\t<\/div>\n\t\t\t\t<div class=\"elementor-element elementor-element-8d4c227 elementor-widget elementor-widget-heading\" data-id=\"8d4c227\" data-element_type=\"widget\" data-widget_type=\"heading.default\">\n\t\t\t\t\t<h2 class=\"elementor-heading-title elementor-size-default\">APPROCHE P\u00c9DAGOGIQUE<\/h2>\t\t\t\t<\/div>\n\t\t\t\t<div class=\"elementor-element elementor-element-35fd727 elementor-widget elementor-widget-text-editor\" data-id=\"35fd727\" data-element_type=\"widget\" data-widget_type=\"text-editor.default\">\n\t\t\t\t\t\t\t\t\t<p>Apporter une gamme de solutions la plus compl\u00e8te pour r\u00e9pondre le plus pr\u00e9cis\u00e9ment \u00e0 vos besoins et \u00e0 votre profil<\/p><p>Bienvi\u2019Sport est repr\u00e9sent\u00e9 par Jean-Baptiste Dimartino, ancien coach sportif de Massy, dont la vision et le parcours apportent une r\u00e9elle valeur ajout\u00e9e.<\/p>\t\t\t\t\t\t\t\t<\/div>\n\t\t\t\t<\/div>\n\t\t\t\t<\/div>\n\t\t<div class=\"elementor-element elementor-element-36c7e11 e-con-full e-flex e-con e-child\" data-id=\"36c7e11\" data-element_type=\"container\" data-settings=\"{&quot;motion_fx_motion_fx_scrolling&quot;:&quot;yes&quot;,&quot;motion_fx_translateY_effect&quot;:&quot;yes&quot;,&quot;motion_fx_translateY_speed&quot;:{&quot;unit&quot;:&quot;px&quot;,&quot;size&quot;:10,&quot;sizes&quot;:[]},&quot;motion_fx_translateY_affectedRange&quot;:{&quot;unit&quot;:&quot;%&quot;,&quot;size&quot;:&quot;&quot;,&quot;sizes&quot;:{&quot;start&quot;:0,&quot;end&quot;:50}},&quot;motion_fx_devices&quot;:[&quot;desktop&quot;,&quot;tablet&quot;,&quot;mobile&quot;]}\">\n\t\t\t\t<div class=\"elementor-element elementor-element-37758e6 elementor-widget elementor-widget-image\" data-id=\"37758e6\" data-element_type=\"widget\" data-widget_type=\"image.default\">\n\t\t\t\t\t\t\t\t\t\t\t\t\t\t\t<img decoding=\"async\" src=\"https:\/\/2points.fr\/bnvce\/old\/wp-content\/uploads\/2024\/11\/DSC04626.jpg\" title=\"\" alt=\"\" loading=\"lazy\" \/>\t\t\t\t\t\t\t\t\t\t\t\t\t\t\t<\/div>\n\t\t\t\t<div class=\"elementor-element elementor-element-cd08c79 elementor-widget elementor-widget-heading\" data-id=\"cd08c79\" data-element_type=\"widget\" data-widget_type=\"heading.default\">\n\t\t\t\t\t<h2 class=\"elementor-heading-title elementor-size-default\">Jean-Baptiste Dimartino<\/h2>\t\t\t\t<\/div>\n\t\t\t\t<div class=\"elementor-element elementor-element-2e4c27a elementor-widget elementor-widget-elementskit-social-media\" data-id=\"2e4c27a\" data-element_type=\"widget\" data-widget_type=\"elementskit-social-media.default\">\n\t\t\t\t<div class=\"elementor-widget-container\">\n\t\t\t\t\t<div class=\"ekit-wid-con\" >\t\t\t <ul class=\"ekit_social_media\">\n\t\t\t\t\t\t\t\t\t\t\t\t\t\t<li class=\"elementor-repeater-item-158d4dc\">\n\t\t\t\t\t    <a\n\t\t\t\t\t\thref=\"https:\/\/www.linkedin.com\/company\/bienviyance\/\" aria-label=\"LinkedIn\" class=\"linkedin\" >\n\t\t\t\t\t\t\t\t\t\t\t\t\t\t\n\t\t\t\t\t\t\t<i aria-hidden=\"true\" class=\"icon icon-linkedin\"><\/i>\t\t\t\t\t\t\t\t\t\n                                                                                                            <\/a>\n                    <\/li>\n                    \t\t\t\t\t\t\t\t\t\t\t\t\t\t<li class=\"elementor-repeater-item-bfce8da\">\n\t\t\t\t\t    <a\n\t\t\t\t\t\thref=\"mailto:jb.dimartino@2points.fr\" aria-label=\"Mail\" class=\"line\" >\n\t\t\t\t\t\t\t\t\t\t\t\t\t\t\n\t\t\t\t\t\t\t<i aria-hidden=\"true\" class=\"jki jki-mail-line\"><\/i>\t\t\t\t\t\t\t\t\t\n                                                                                                            <\/a>\n                    <\/li>\n                    \t\t\t\t\t\t\t<\/ul>\n\t\t<\/div>\t\t\t\t<\/div>\n\t\t\t\t<\/div>\n\t\t\t\t<\/div>\n\t\t\t\t<\/div>\n\t\t<div class=\"elementor-element elementor-element-2942729 e-flex e-con-boxed e-con e-parent\" data-id=\"2942729\" data-element_type=\"container\" data-settings=\"{&quot;background_background&quot;:&quot;classic&quot;}\">\n\t\t\t\t\t<div class=\"e-con-inner\">\n\t\t\t\t<div class=\"elementor-element elementor-element-877c4ef elementor-widget elementor-widget-jkit_client_logo\" data-id=\"877c4ef\" data-element_type=\"widget\" data-widget_type=\"jkit_client_logo.default\">\n\t\t\t\t<div class=\"elementor-widget-container\">\n\t\t\t\t\t<div  class=\"jeg-elementor-kit jkit-client-logo arrow-bottom-middle jeg_module___6a0488f1ec5a2\"  data-id=\"jeg_module___6a0488f1ec5a2\" data-settings=\"{&quot;autoplay&quot;:true,&quot;autoplay_speed&quot;:3500,&quot;autoplay_hover_pause&quot;:false,&quot;show_navigation&quot;:false,&quot;navigation_left&quot;:&quot;&lt;span&gt;&lt;svg aria-hidden=\\&quot;true\\&quot; class=\\&quot;e-font-icon-svg e-fas-angle-left\\&quot; viewBox=\\&quot;0 0 256 512\\&quot; xmlns=\\&quot;http:\\\/\\\/www.w3.org\\\/2000\\\/svg\\&quot;&gt;&lt;path d=\\&quot;M31.7 239l136-136c9.4-9.4 24.6-9.4 33.9 0l22.6 22.6c9.4 9.4 9.4 24.6 0 33.9L127.9 256l96.4 96.4c9.4 9.4 9.4 24.6 0 33.9L201.7 409c-9.4 9.4-24.6 9.4-33.9 0l-136-136c-9.5-9.4-9.5-24.6-.1-34z\\&quot;&gt;&lt;\\\/path&gt;&lt;\\\/svg&gt;&lt;\\\/span&gt;&quot;,&quot;navigation_right&quot;:&quot;&lt;span&gt;&lt;svg aria-hidden=\\&quot;true\\&quot; class=\\&quot;e-font-icon-svg e-fas-angle-right\\&quot; viewBox=\\&quot;0 0 256 512\\&quot; xmlns=\\&quot;http:\\\/\\\/www.w3.org\\\/2000\\\/svg\\&quot;&gt;&lt;path d=\\&quot;M224.3 273l-136 136c-9.4 9.4-24.6 9.4-33.9 0l-22.6-22.6c-9.4-9.4-9.4-24.6 0-33.9l96.4-96.4-96.4-96.4c-9.4-9.4-9.4-24.6 0-33.9L54.3 103c9.4-9.4 24.6-9.4 33.9 0l136 136c9.5 9.4 9.5 24.6.1 34z\\&quot;&gt;&lt;\\\/path&gt;&lt;\\\/svg&gt;&lt;\\\/span&gt;&quot;,&quot;show_dots&quot;:false,&quot;arrow_position&quot;:&quot;bottom&quot;,&quot;responsive&quot;:{&quot;desktop&quot;:{&quot;items&quot;:6,&quot;margin&quot;:100,&quot;breakpoint&quot;:1025},&quot;tablet&quot;:{&quot;items&quot;:4,&quot;margin&quot;:100,&quot;breakpoint&quot;:768},&quot;mobile&quot;:{&quot;items&quot;:2,&quot;margin&quot;:50,&quot;breakpoint&quot;:0}}}\"><div class=\"client-list\"><div class=\"client-track\"><div class=\"client-slider item \"><div class=\"image-list\"><div class=\"content-image\"><img decoding=\"async\" width=\"752\" height=\"400\" src=\"https:\/\/2points.fr\/bnvce\/wp-content\/uploads\/2025\/04\/MMA.png\" class=\"main-image\" alt=\"Title\" url=\"https:\/\/2points.fr\/bnvce\/wp-content\/uploads\/2025\/04\/MMA.png\" source=\"library\" srcset=\"https:\/\/2points.fr\/bnvce\/wp-content\/uploads\/2025\/04\/MMA.png 752w, https:\/\/2points.fr\/bnvce\/wp-content\/uploads\/2025\/04\/MMA-300x160.png 300w\" sizes=\"(max-width: 752px) 100vw, 752px\" \/><\/div><\/div><\/div><div class=\"client-slider item \"><div class=\"image-list\"><div class=\"content-image\"><img decoding=\"async\" width=\"752\" height=\"611\" src=\"https:\/\/2points.fr\/bnvce\/wp-content\/uploads\/2025\/04\/GENERALI.png\" class=\"main-image\" alt=\"Title\" url=\"https:\/\/2points.fr\/bnvce\/wp-content\/uploads\/2025\/04\/GENERALI.png\" source=\"library\" srcset=\"https:\/\/2points.fr\/bnvce\/wp-content\/uploads\/2025\/04\/GENERALI.png 752w, https:\/\/2points.fr\/bnvce\/wp-content\/uploads\/2025\/04\/GENERALI-300x244.png 300w\" sizes=\"(max-width: 752px) 100vw, 752px\" \/><\/div><\/div><\/div><div class=\"client-slider item \"><div class=\"image-list\"><div class=\"content-image\"><img loading=\"lazy\" decoding=\"async\" width=\"689\" height=\"481\" src=\"https:\/\/2points.fr\/bnvce\/wp-content\/uploads\/2025\/04\/SWISSLIFE.png\" class=\"main-image\" alt=\"Title\" url=\"https:\/\/2points.fr\/bnvce\/wp-content\/uploads\/2025\/04\/SWISSLIFE.png\" source=\"library\" srcset=\"https:\/\/2points.fr\/bnvce\/wp-content\/uploads\/2025\/04\/SWISSLIFE.png 689w, https:\/\/2points.fr\/bnvce\/wp-content\/uploads\/2025\/04\/SWISSLIFE-300x209.png 300w\" sizes=\"(max-width: 689px) 100vw, 689px\" \/><\/div><\/div><\/div><div class=\"client-slider item \"><div class=\"image-list\"><div class=\"content-image\"><img loading=\"lazy\" decoding=\"async\" width=\"185\" height=\"44\" src=\"https:\/\/2points.fr\/bnvce\/wp-content\/uploads\/2025\/02\/april.webp\" class=\"main-image\" alt=\"Title\" url=\"https:\/\/2points.fr\/bnvce\/wp-content\/uploads\/2025\/02\/april.webp\" source=\"library\" \/><\/div><\/div><\/div><div class=\"client-slider item \"><div class=\"image-list\"><div class=\"content-image\"><img loading=\"lazy\" decoding=\"async\" width=\"544\" height=\"452\" src=\"https:\/\/2points.fr\/bnvce\/wp-content\/uploads\/2025\/04\/ALPTIS.png\" class=\"main-image\" alt=\"Titre\" url=\"https:\/\/2points.fr\/bnvce\/wp-content\/uploads\/2025\/04\/ALPTIS.png\" source=\"library\" srcset=\"https:\/\/2points.fr\/bnvce\/wp-content\/uploads\/2025\/04\/ALPTIS.png 544w, https:\/\/2points.fr\/bnvce\/wp-content\/uploads\/2025\/04\/ALPTIS-300x249.png 300w\" sizes=\"(max-width: 544px) 100vw, 544px\" \/><\/div><\/div><\/div><div class=\"client-slider item \"><div class=\"image-list\"><div class=\"content-image\"><img loading=\"lazy\" decoding=\"async\" width=\"668\" height=\"281\" src=\"https:\/\/2points.fr\/bnvce\/wp-content\/uploads\/2025\/04\/ZENIOO.png\" class=\"main-image\" alt=\"Titre\" url=\"https:\/\/2points.fr\/bnvce\/wp-content\/uploads\/2025\/04\/ZENIOO.png\" source=\"library\" srcset=\"https:\/\/2points.fr\/bnvce\/wp-content\/uploads\/2025\/04\/ZENIOO.png 668w, https:\/\/2points.fr\/bnvce\/wp-content\/uploads\/2025\/04\/ZENIOO-300x126.png 300w\" sizes=\"(max-width: 668px) 100vw, 668px\" \/><\/div><\/div><\/div><div class=\"client-slider item \"><div class=\"image-list\"><div class=\"content-image\"><img loading=\"lazy\" decoding=\"async\" width=\"849\" height=\"227\" src=\"https:\/\/2points.fr\/bnvce\/wp-content\/uploads\/2025\/04\/ENTORIA.png\" class=\"main-image\" alt=\"Titre\" url=\"https:\/\/2points.fr\/bnvce\/wp-content\/uploads\/2025\/04\/ENTORIA.png\" source=\"library\" srcset=\"https:\/\/2points.fr\/bnvce\/wp-content\/uploads\/2025\/04\/ENTORIA.png 849w, https:\/\/2points.fr\/bnvce\/wp-content\/uploads\/2025\/04\/ENTORIA-300x80.png 300w, https:\/\/2points.fr\/bnvce\/wp-content\/uploads\/2025\/04\/ENTORIA-768x205.png 768w\" sizes=\"(max-width: 849px) 100vw, 849px\" \/><\/div><\/div><\/div><div class=\"client-slider item \"><div class=\"image-list\"><div class=\"content-image\"><img loading=\"lazy\" decoding=\"async\" width=\"680\" height=\"135\" src=\"https:\/\/2points.fr\/bnvce\/wp-content\/uploads\/2025\/04\/GARANCE.png\" class=\"main-image\" alt=\"Titre\" url=\"https:\/\/2points.fr\/bnvce\/wp-content\/uploads\/2025\/04\/GARANCE.png\" source=\"library\" srcset=\"https:\/\/2points.fr\/bnvce\/wp-content\/uploads\/2025\/04\/GARANCE.png 680w, https:\/\/2points.fr\/bnvce\/wp-content\/uploads\/2025\/04\/GARANCE-300x60.png 300w\" sizes=\"(max-width: 680px) 100vw, 680px\" \/><\/div><\/div><\/div><div class=\"client-slider item \"><div class=\"image-list\"><div class=\"content-image\"><img loading=\"lazy\" decoding=\"async\" width=\"211\" height=\"41\" src=\"https:\/\/2points.fr\/bnvce\/wp-content\/uploads\/2025\/02\/neoliane.webp\" class=\"main-image\" alt=\"Title\" url=\"https:\/\/2points.fr\/bnvce\/wp-content\/uploads\/2025\/02\/neoliane.webp\" source=\"library\" \/><\/div><\/div><\/div><div class=\"client-slider item \"><div class=\"image-list\"><div class=\"content-image\"><img loading=\"lazy\" decoding=\"async\" width=\"209\" height=\"45\" src=\"https:\/\/2points.fr\/bnvce\/wp-content\/uploads\/2025\/02\/metlife.webp\" class=\"main-image\" alt=\"Title\" url=\"https:\/\/2points.fr\/bnvce\/wp-content\/uploads\/2025\/02\/metlife.webp\" source=\"library\" \/><\/div><\/div><\/div><\/div><\/div><\/div>\t\t\t\t<\/div>\n\t\t\t\t<\/div>\n\t\t\t\t\t<\/div>\n\t\t\t\t<\/div>\n\t\t<div class=\"elementor-element elementor-element-5e9d07e5 e-flex e-con-boxed e-con e-parent\" data-id=\"5e9d07e5\" data-element_type=\"container\" data-settings=\"{&quot;background_background&quot;:&quot;classic&quot;}\">\n\t\t\t\t\t<div class=\"e-con-inner\">\n\t\t<div class=\"elementor-element elementor-element-7f7da841 e-flex e-con-boxed e-con e-child\" data-id=\"7f7da841\" data-element_type=\"container\">\n\t\t\t\t\t<div class=\"e-con-inner\">\n\t\t<div class=\"elementor-element elementor-element-5244d1a3 e-flex e-con-boxed e-con e-child\" data-id=\"5244d1a3\" data-element_type=\"container\">\n\t\t\t\t\t<div class=\"e-con-inner\">\n\t\t<div class=\"elementor-element elementor-element-3e7ef927 e-con-full e-flex e-con e-child\" data-id=\"3e7ef927\" data-element_type=\"container\">\n\t\t\t\t<div class=\"elementor-element elementor-element-52d3cf elementor-widget__width-inherit animated-slow elementor-invisible elementor-widget elementor-widget-jkit_heading\" data-id=\"52d3cf\" data-element_type=\"widget\" data-settings=\"{&quot;_animation&quot;:&quot;zoomIn&quot;}\" data-widget_type=\"jkit_heading.default\">\n\t\t\t\t<div class=\"elementor-widget-container\">\n\t\t\t\t\t<div  class=\"jeg-elementor-kit jkit-heading  align-center align-tablet-center align-mobile- jeg_module__1_6a0488f1effa9\" ><h2 class=\"heading-section-subtitle  style-color\">Collaborons ensemble<\/h2><div class=\"heading-section-separator\"><div class=\"separator-wrapper style-solid\"><\/div><\/div><div class=\"heading-section-title  display-inline-block\"><h2 class=\"heading-title\">Pr\u00eat \u00e0 collaborer avec nous ?<\/h2><\/div><div class=\"heading-section-description\"><p>Vous souhaitez collaborer ou avez une question ? Contactez-nous<\/p><\/div><\/div>\t\t\t\t<\/div>\n\t\t\t\t<\/div>\n\t\t\t\t<\/div>\n\t\t<div class=\"elementor-element elementor-element-4d31670a e-con-full e-flex e-con e-child\" data-id=\"4d31670a\" data-element_type=\"container\" data-settings=\"{&quot;background_background&quot;:&quot;classic&quot;}\">\n\t\t\t\t<div class=\"elementor-element elementor-element-5417ff65 elementor-widget elementor-widget-jkit_heading\" data-id=\"5417ff65\" data-element_type=\"widget\" data-widget_type=\"jkit_heading.default\">\n\t\t\t\t<div class=\"elementor-widget-container\">\n\t\t\t\t\t<div  class=\"jeg-elementor-kit jkit-heading  align-center align-tablet- align-mobile- jeg_module__2_6a0488f1f096e\" ><h3 class=\"heading-section-subtitle  style-color\">Travaillez avec nous<\/h3><div class=\"heading-section-title  display-inline-block\"><h2 class=\"heading-title\">Envoyez-nous un email pour collaborer<\/h2><\/div><\/div>\t\t\t\t<\/div>\n\t\t\t\t<\/div>\n\t\t\t\t<div class=\"elementor-element elementor-element-64e422ca elementor-widget elementor-widget-jkit_button\" data-id=\"64e422ca\" data-element_type=\"widget\" data-widget_type=\"jkit_button.default\">\n\t\t\t\t<div class=\"elementor-widget-container\">\n\t\t\t\t\t<div  class=\"jeg-elementor-kit jkit-button  icon-position-before jeg_module__3_6a0488f1f11b0\" ><a href=\"#\" class=\"jkit-button-wrapper hover-gradient\"><span><svg viewBox=\"0 0 512 512\" xmlns=\"http:\/\/www.w3.org\/2000\/svg\"><path d=\"M502.3 190.8c3.9-3.1 9.7-.2 9.7 4.7V400c0 26.5-21.5 48-48 48H48c-26.5 0-48-21.5-48-48V195.6c0-5 5.7-7.8 9.7-4.7 22.4 17.4 52.1 39.5 154.1 113.6 21.1 15.4 56.7 47.8 92.2 47.6 35.7.3 72-32.8 92.3-47.6 102-74.1 131.6-96.3 154-113.7zM256 320c23.2.4 56.6-29.2 73.4-41.4 132.7-96.3 142.8-104.7 173.4-128.7 5.8-4.5 9.2-11.5 9.2-18.9v-19c0-26.5-21.5-48-48-48H48C21.5 64 0 85.5 0 112v19c0 7.4 3.4 14.3 9.2 18.9 30.6 23.9 40.7 32.4 173.4 128.7 16.8 12.2 50.2 41.8 73.4 41.4z\"><\/path><\/svg>contact@2points.fr<\/span><\/a><\/div>\t\t\t\t<\/div>\n\t\t\t\t<\/div>\n\t\t\t\t<\/div>\n\t\t<div class=\"elementor-element elementor-element-28115aa6 e-con-full e-flex e-con e-child\" data-id=\"28115aa6\" data-element_type=\"container\" data-settings=\"{&quot;background_background&quot;:&quot;classic&quot;}\">\n\t\t\t\t<div class=\"elementor-element elementor-element-526bb4c elementor-widget elementor-widget-jkit_heading\" data-id=\"526bb4c\" data-element_type=\"widget\" data-widget_type=\"jkit_heading.default\">\n\t\t\t\t<div class=\"elementor-widget-container\">\n\t\t\t\t\t<div  class=\"jeg-elementor-kit jkit-heading  align-center align-tablet- align-mobile- jeg_module__4_6a0488f1f1b4d\" ><h3 class=\"heading-section-subtitle  style-color\">Rapprochez-vous<\/h3><div class=\"heading-section-title  display-inline-block\"><h2 class=\"heading-title\">Venez visiter notre bureau<\/h2><\/div><\/div>\t\t\t\t<\/div>\n\t\t\t\t<\/div>\n\t\t\t\t<div class=\"elementor-element elementor-element-1fd4ba46 elementor-widget elementor-widget-jkit_button\" data-id=\"1fd4ba46\" data-element_type=\"widget\" data-widget_type=\"jkit_button.default\">\n\t\t\t\t<div class=\"elementor-widget-container\">\n\t\t\t\t\t<div  class=\"jeg-elementor-kit jkit-button  icon-position-before jeg_module__5_6a0488f1f2255\" ><a href=\"#\" class=\"jkit-button-wrapper hover-gradient\"><span><svg viewBox=\"0 0 384 512\" xmlns=\"http:\/\/www.w3.org\/2000\/svg\"><path d=\"M172.268 501.67C26.97 291.031 0 269.413 0 192 0 85.961 85.961 0 192 0s192 85.961 192 192c0 77.413-26.97 99.031-172.268 309.67-9.535 13.774-29.93 13.773-39.464 0zM192 272c44.183 0 80-35.817 80-80s-35.817-80-80-80-80 35.817-80 80 35.817 80 80 80z\"><\/path><\/svg>Directement au bureau<\/span><\/a><\/div>\t\t\t\t<\/div>\n\t\t\t\t<\/div>\n\t\t\t\t<\/div>\n\t\t<div class=\"elementor-element elementor-element-62a41b06 e-con-full e-flex e-con e-child\" data-id=\"62a41b06\" data-element_type=\"container\" data-settings=\"{&quot;background_background&quot;:&quot;classic&quot;}\">\n\t\t\t\t<div class=\"elementor-element elementor-element-39caaedf elementor-widget elementor-widget-jkit_heading\" data-id=\"39caaedf\" data-element_type=\"widget\" data-widget_type=\"jkit_heading.default\">\n\t\t\t\t<div class=\"elementor-widget-container\">\n\t\t\t\t\t<div  class=\"jeg-elementor-kit jkit-heading  align-center align-tablet- align-mobile- jeg_module__6_6a0488f1f2b8a\" ><h3 class=\"heading-section-subtitle  style-color\">Pour des consultations<\/h3><div class=\"heading-section-title  display-inline-block\"><h2 class=\"heading-title\">Prenez contact et appelez-nous<\/h2><\/div><\/div>\t\t\t\t<\/div>\n\t\t\t\t<\/div>\n\t\t\t\t<div class=\"elementor-element elementor-element-61a5debf elementor-widget elementor-widget-jkit_button\" data-id=\"61a5debf\" data-element_type=\"widget\" data-widget_type=\"jkit_button.default\">\n\t\t\t\t<div class=\"elementor-widget-container\">\n\t\t\t\t\t<div  class=\"jeg-elementor-kit jkit-button  icon-position-before jeg_module__7_6a0488f1f3566\" ><a href=\"#\" class=\"jkit-button-wrapper hover-gradient\"><span><svg viewBox=\"0 0 512 512\" xmlns=\"http:\/\/www.w3.org\/2000\/svg\"><path d=\"M497.39 361.8l-112-48a24 24 0 0 0-28 6.9l-49.6 60.6A370.66 370.66 0 0 1 130.6 204.11l60.6-49.6a23.94 23.94 0 0 0 6.9-28l-48-112A24.16 24.16 0 0 0 122.6.61l-104 24A24 24 0 0 0 0 48c0 256.5 207.9 464 464 464a24 24 0 0 0 23.4-18.6l24-104a24.29 24.29 0 0 0-14.01-27.6z\"><\/path><\/svg>01 85 61 09 30<\/span><\/a><\/div>\t\t\t\t<\/div>\n\t\t\t\t<\/div>\n\t\t\t\t<\/div>\n\t\t\t\t\t<\/div>\n\t\t\t\t<\/div>\n\t\t\t\t\t<\/div>\n\t\t\t\t<\/div>\n\t\t\t\t\t<\/div>\n\t\t\t\t<\/div>\n\t\t\t\t<\/div>\n\t\t","protected":false},"excerpt":{"rendered":"<p>LES OBJECTIFS &#8211; Pr\u00e9server et valoriser le patrimoine des sportifs&#8211; Accompagner les transitions de carri\u00e8re&#8211; Assurer un avenir financier s\u00e9curis\u00e9 L&#8217;ENGAGEMENT DE BIENVI\u2019SPORT Notre mission : Apporter des solutions sur-mesure pour accompagner chaque sportif dans la r\u00e9ussite de ses objectifs financiers et personnels. APPROCHE DURABLE Accompagnement durable et flexible pour s\u2019adapter \u00e0 vos projets de [&hellip;]<\/p>\n","protected":false},"author":1,"featured_media":0,"parent":0,"menu_order":0,"comment_status":"closed","ping_status":"closed","template":"","meta":{"footnotes":""},"class_list":["post-4063","page","type-page","status-publish","hentry"],"_links":{"self":[{"href":"https:\/\/2points.fr\/bnvce\/wp-json\/wp\/v2\/pages\/4063","targetHints":{"allow":["GET"]}}],"collection":[{"href":"https:\/\/2points.fr\/bnvce\/wp-json\/wp\/v2\/pages"}],"about":[{"href":"https:\/\/2points.fr\/bnvce\/wp-json\/wp\/v2\/types\/page"}],"author":[{"embeddable":true,"href":"https:\/\/2points.fr\/bnvce\/wp-json\/wp\/v2\/users\/1"}],"replies":[{"embeddable":true,"href":"https:\/\/2points.fr\/bnvce\/wp-json\/wp\/v2\/comments?post=4063"}],"version-history":[{"count":19,"href":"https:\/\/2points.fr\/bnvce\/wp-json\/wp\/v2\/pages\/4063\/revisions"}],"predecessor-version":[{"id":4729,"href":"https:\/\/2points.fr\/bnvce\/wp-json\/wp\/v2\/pages\/4063\/revisions\/4729"}],"wp:attachment":[{"href":"https:\/\/2points.fr\/bnvce\/wp-json\/wp\/v2\/media?parent=4063"}],"curies":[{"name":"wp","href":"https:\/\/api.w.org\/{rel}","templated":true}]}}