{"id":4031,"date":"2025-04-22T17:37:27","date_gmt":"2025-04-22T17:37:27","guid":{"rendered":"https:\/\/2points.fr\/bnvce\/?page_id=4031"},"modified":"2025-04-29T10:44:05","modified_gmt":"2025-04-29T10:44:05","slug":"mutuelle","status":"publish","type":"page","link":"https:\/\/2points.fr\/bnvce\/mutuelle\/","title":{"rendered":"La Mutuelle"},"content":{"rendered":"\t\t<div data-elementor-type=\"wp-page\" data-elementor-id=\"4031\" class=\"elementor elementor-4031\" data-elementor-post-type=\"page\">\n\t\t\t\t<div class=\"elementor-element elementor-element-ea9bde0 e-flex e-con-boxed e-con e-parent\" data-id=\"ea9bde0\" data-element_type=\"container\" data-settings=\"{&quot;background_background&quot;:&quot;classic&quot;}\">\n\t\t\t\t\t<div class=\"e-con-inner\">\n\t\t\t\t\t<\/div>\n\t\t\t\t<\/div>\n\t\t<div class=\"elementor-element elementor-element-44fc94c e-flex e-con-boxed e-con e-parent\" data-id=\"44fc94c\" data-element_type=\"container\" data-settings=\"{&quot;background_background&quot;:&quot;classic&quot;}\">\n\t\t\t\t\t<div class=\"e-con-inner\">\n\t\t<div class=\"elementor-element elementor-element-08a6a98 e-con-full e-flex e-con e-child\" data-id=\"08a6a98\" data-element_type=\"container\" data-settings=\"{&quot;background_background&quot;:&quot;classic&quot;}\">\n\t\t\t\t<div class=\"elementor-element elementor-element-519ded1 elementor-widget elementor-widget-heading\" data-id=\"519ded1\" data-element_type=\"widget\" data-widget_type=\"heading.default\">\n\t\t\t\t\t<h2 class=\"elementor-heading-title elementor-size-default\">La Mutuelle<\/h2>\t\t\t\t<\/div>\n\t\t\t\t<div class=\"elementor-element elementor-element-33f2191 elementor-widget__width-initial elementor-widget elementor-widget-text-editor\" data-id=\"33f2191\" data-element_type=\"widget\" data-widget_type=\"text-editor.default\">\n\t\t\t\t\t\t\t\t\t<p>Une mutuelle sante\u0301, e\u0301galement appele\u0301e comple\u0301mentaire sante\u0301 ou assurance sante\u0301 comple\u0301mentaire, est un contrat d\u2019assurance souscrit par un individu ou une famille pour comple\u0301ter la couverture offerte par la se\u0301curite\u0301 sociale ou tout autre re\u0301gime de sante\u0301 public. L\u2019objectif principal d\u2019une mutuelle sante\u0301 est de prendre en charge les frais me\u0301dicaux non rembourse\u0301s inte\u0301gralement par la se\u0301curite\u0301 sociale, ce qui permet aux assure\u0301s de be\u0301ne\u0301ficier d\u2019une meilleure protection financie\u0300re en cas de maladie, d\u2019accident ou de besoin me\u0301dical.<\/p>\t\t\t\t\t\t\t\t<\/div>\n\t\t\t\t<\/div>\n\t\t\t\t\t<\/div>\n\t\t\t\t<\/div>\n\t\t<div class=\"elementor-element elementor-element-62d4021 e-flex e-con-boxed e-con e-parent\" data-id=\"62d4021\" data-element_type=\"container\" data-settings=\"{&quot;background_background&quot;:&quot;classic&quot;}\">\n\t\t\t\t\t<div class=\"e-con-inner\">\n\t\t<div class=\"elementor-element elementor-element-94f9dea e-con-full e-flex e-con e-child\" data-id=\"94f9dea\" data-element_type=\"container\">\n\t\t\t\t<div class=\"elementor-element elementor-element-79ff3de elementor-widget elementor-widget-image\" data-id=\"79ff3de\" data-element_type=\"widget\" data-widget_type=\"image.default\">\n\t\t\t\t\t\t\t\t\t\t\t\t\t\t\t<img decoding=\"async\" src=\"https:\/\/2points.fr\/bnvce\/old\/wp-content\/uploads\/2023\/09\/MUTUELLE1.jpg\" title=\"\" alt=\"\" loading=\"lazy\" \/>\t\t\t\t\t\t\t\t\t\t\t\t\t\t\t<\/div>\n\t\t\t\t<\/div>\n\t\t<div class=\"elementor-element elementor-element-0eb93c2 e-con-full e-flex e-con e-child\" data-id=\"0eb93c2\" data-element_type=\"container\">\n\t\t\t\t<div class=\"elementor-element elementor-element-7faeba3 elementor-widget elementor-widget-heading\" data-id=\"7faeba3\" data-element_type=\"widget\" data-widget_type=\"heading.default\">\n\t\t\t\t\t<h2 class=\"elementor-heading-title elementor-size-default\">Voici quelques points cl\u00e9s \u00e0 retenir \u00e0 propos des mutuelles sant\u00e9 :<\/h2>\t\t\t\t<\/div>\n\t\t\t\t<div class=\"elementor-element elementor-element-03bbe9f elementor-widget elementor-widget-elementskit-accordion\" data-id=\"03bbe9f\" data-element_type=\"widget\" data-widget_type=\"elementskit-accordion.default\">\n\t\t\t\t\t<div class=\"ekit-wid-con\" >\n        <div class=\"elementskit-accordion accoedion-primary\" id=\"accordion-6a04892e19ef0\">\n\n            \n                <div class=\"elementskit-card active\">\n                    <div class=\"elementskit-card-header\" id=\"primaryHeading-0-03bbe9f\">\n                        <a href=\"#collapse-7b8baae6a04892e19ef0\" class=\"ekit-accordion--toggler elementskit-btn-link collapsed\" data-ekit-toggle=\"collapse\" data-target=\"#Collapse-7b8baae6a04892e19ef0\" aria-expanded=\"true\" aria-controls=\"Collapse-7b8baae6a04892e19ef0\">\n                            \n                            <span class=\"ekit-accordion-title\">Cotisations<\/span>\n\n                            \n                                <div class=\"ekit_accordion_icon_group\">\n                                    <div class=\"ekit_accordion_normal_icon\">\n                                        <!-- Normal Icon -->\n\t\t\t\t\t\t\t\t\t\t<i class=\"icon icon-down-arrow1\"><\/i>                                    <\/div>\n\n                                    <div class=\"ekit_accordion_active_icon\">\n                                        <!-- Active Icon -->\n\t\t\t\t\t\t\t\t\t\t<i class=\"icon icon-up-arrow\"><\/i>                                    <\/div>\n                                <\/div>\n\n                            \n                                                    <\/a>\n                    <\/div>\n\n                    <div id=\"Collapse-7b8baae6a04892e19ef0\" class=\" show collapse\" aria-labelledby=\"primaryHeading-0-03bbe9f\" data-parent=\"#accordion-6a04892e19ef0\">\n\n                        <div class=\"elementskit-card-body ekit-accordion--content\">\n                            <p>Les assure\u0301s paient des cotisations mensuelles ou annuelles a\u0300 leur mutuelle sante\u0301 en e\u0301change de la couverture me\u0301dicale comple\u0301mentaire. Le cou\u0302t de la cotisation de\u0301pend du niveau de couverture choisi et d\u2019autres facteurs tels que l\u2019a\u0302ge, le sexe et la situation ge\u0301ographique.<\/p>                        <\/div>\n\n                    <\/div>\n\n                <\/div><!-- .elementskit-card END -->\n\n                \n                <div class=\"elementskit-card \">\n                    <div class=\"elementskit-card-header\" id=\"primaryHeading-1-03bbe9f\">\n                        <a href=\"#collapse-049d76f6a04892e19ef0\" class=\"ekit-accordion--toggler elementskit-btn-link collapsed\" data-ekit-toggle=\"collapse\" data-target=\"#Collapse-049d76f6a04892e19ef0\" aria-expanded=\"false\" aria-controls=\"Collapse-049d76f6a04892e19ef0\">\n                            \n                            <span class=\"ekit-accordion-title\">Remboursements<\/span>\n\n                            \n                                <div class=\"ekit_accordion_icon_group\">\n                                    <div class=\"ekit_accordion_normal_icon\">\n                                        <!-- Normal Icon -->\n\t\t\t\t\t\t\t\t\t\t<i class=\"icon icon-down-arrow1\"><\/i>                                    <\/div>\n\n                                    <div class=\"ekit_accordion_active_icon\">\n                                        <!-- Active Icon -->\n\t\t\t\t\t\t\t\t\t\t<i class=\"icon icon-up-arrow\"><\/i>                                    <\/div>\n                                <\/div>\n\n                            \n                                                    <\/a>\n                    <\/div>\n\n                    <div id=\"Collapse-049d76f6a04892e19ef0\" class=\" collapse\" aria-labelledby=\"primaryHeading-1-03bbe9f\" data-parent=\"#accordion-6a04892e19ef0\">\n\n                        <div class=\"elementskit-card-body ekit-accordion--content\">\n                            <p>Lorsque l\u2019assure\u0301 rec\u0327oit des soins me\u0301dicaux, la mutuelle sante\u0301 rembourse une partie ou la totalite\u0301 des frais me\u0301dicaux non pris en charge par la se\u0301curite\u0301 sociale. Les taux de remboursement varient en fonction des garanties souscrites.<\/p>                        <\/div>\n\n                    <\/div>\n\n                <\/div><!-- .elementskit-card END -->\n\n                \n                <div class=\"elementskit-card \">\n                    <div class=\"elementskit-card-header\" id=\"primaryHeading-2-03bbe9f\">\n                        <a href=\"#collapse-5efaec46a04892e19ef0\" class=\"ekit-accordion--toggler elementskit-btn-link collapsed\" data-ekit-toggle=\"collapse\" data-target=\"#Collapse-5efaec46a04892e19ef0\" aria-expanded=\"false\" aria-controls=\"Collapse-5efaec46a04892e19ef0\">\n                            \n                            <span class=\"ekit-accordion-title\">Garanties<\/span>\n\n                            \n                                <div class=\"ekit_accordion_icon_group\">\n                                    <div class=\"ekit_accordion_normal_icon\">\n                                        <!-- Normal Icon -->\n\t\t\t\t\t\t\t\t\t\t<i class=\"icon icon-down-arrow1\"><\/i>                                    <\/div>\n\n                                    <div class=\"ekit_accordion_active_icon\">\n                                        <!-- Active Icon -->\n\t\t\t\t\t\t\t\t\t\t<i class=\"icon icon-up-arrow\"><\/i>                                    <\/div>\n                                <\/div>\n\n                            \n                                                    <\/a>\n                    <\/div>\n\n                    <div id=\"Collapse-5efaec46a04892e19ef0\" class=\" collapse\" aria-labelledby=\"primaryHeading-2-03bbe9f\" data-parent=\"#accordion-6a04892e19ef0\">\n\n                        <div class=\"elementskit-card-body ekit-accordion--content\">\n                            <p>Les mutuelles sante\u0301 offrent diffe\u0301rentes garanties en fonction des besoins de l\u2019assure\u0301. Ces garanties peuvent inclure la prise en charge des consultations me\u0301dicales, des me\u0301dicaments, des hospitalisations, des soins dentaires, de l\u2019optique, etc. Les assure\u0301s peuvent choisir les garanties qui correspondent le mieux a\u0300 leurs besoins et a\u0300 leur budget.<\/p>                        <\/div>\n\n                    <\/div>\n\n                <\/div><!-- .elementskit-card END -->\n\n                \n                <div class=\"elementskit-card \">\n                    <div class=\"elementskit-card-header\" id=\"primaryHeading-3-03bbe9f\">\n                        <a href=\"#collapse-dc0be356a04892e19ef0\" class=\"ekit-accordion--toggler elementskit-btn-link collapsed\" data-ekit-toggle=\"collapse\" data-target=\"#Collapse-dc0be356a04892e19ef0\" aria-expanded=\"false\" aria-controls=\"Collapse-dc0be356a04892e19ef0\">\n                            \n                            <span class=\"ekit-accordion-title\">R\u00e9seau de soin<\/span>\n\n                            \n                                <div class=\"ekit_accordion_icon_group\">\n                                    <div class=\"ekit_accordion_normal_icon\">\n                                        <!-- Normal Icon -->\n\t\t\t\t\t\t\t\t\t\t<i class=\"icon icon-down-arrow1\"><\/i>                                    <\/div>\n\n                                    <div class=\"ekit_accordion_active_icon\">\n                                        <!-- Active Icon -->\n\t\t\t\t\t\t\t\t\t\t<i class=\"icon icon-up-arrow\"><\/i>                                    <\/div>\n                                <\/div>\n\n                            \n                                                    <\/a>\n                    <\/div>\n\n                    <div id=\"Collapse-dc0be356a04892e19ef0\" class=\" collapse\" aria-labelledby=\"primaryHeading-3-03bbe9f\" data-parent=\"#accordion-6a04892e19ef0\">\n\n                        <div class=\"elementskit-card-body ekit-accordion--content\">\n                            <p>Certaines mutuelles sante\u0301 proposent des re\u0301seaux de professionnels de sante\u0301 partenaires, ce qui peut permettre aux assure\u0301s de be\u0301ne\u0301ficier de tarifs pre\u0301fe\u0301rentiels ou de remboursements plus e\u0301leve\u0301s s\u2019ils consultent des professionnels de sante\u0301 du re\u0301seau.<\/p>                        <\/div>\n\n                    <\/div>\n\n                <\/div><!-- .elementskit-card END -->\n\n                \n                <div class=\"elementskit-card \">\n                    <div class=\"elementskit-card-header\" id=\"primaryHeading-4-03bbe9f\">\n                        <a href=\"#collapse-0067ef26a04892e19ef0\" class=\"ekit-accordion--toggler elementskit-btn-link collapsed\" data-ekit-toggle=\"collapse\" data-target=\"#Collapse-0067ef26a04892e19ef0\" aria-expanded=\"false\" aria-controls=\"Collapse-0067ef26a04892e19ef0\">\n                            \n                            <span class=\"ekit-accordion-title\">Franchise &amp; d\u00e9lai de carence<\/span>\n\n                            \n                                <div class=\"ekit_accordion_icon_group\">\n                                    <div class=\"ekit_accordion_normal_icon\">\n                                        <!-- Normal Icon -->\n\t\t\t\t\t\t\t\t\t\t<i class=\"icon icon-down-arrow1\"><\/i>                                    <\/div>\n\n                                    <div class=\"ekit_accordion_active_icon\">\n                                        <!-- Active Icon -->\n\t\t\t\t\t\t\t\t\t\t<i class=\"icon icon-up-arrow\"><\/i>                                    <\/div>\n                                <\/div>\n\n                            \n                                                    <\/a>\n                    <\/div>\n\n                    <div id=\"Collapse-0067ef26a04892e19ef0\" class=\" collapse\" aria-labelledby=\"primaryHeading-4-03bbe9f\" data-parent=\"#accordion-6a04892e19ef0\">\n\n                        <div class=\"elementskit-card-body ekit-accordion--content\">\n                            <p>Certains contrats de mutuelle sante\u0301 peuvent inclure une franchise (une somme a\u0300 payer avant que la mutuelle ne commence a\u0300 rembourser) ou un de\u0301lai de carence (une pe\u0301riode pendant laquelle certaines prestations ne sont pas couvertes).<\/p>                        <\/div>\n\n                    <\/div>\n\n                <\/div><!-- .elementskit-card END -->\n\n                                        <\/div>\n    <\/div>\t\t\t\t<\/div>\n\t\t\t\t<\/div>\n\t\t\t\t\t<\/div>\n\t\t\t\t<\/div>\n\t\t<div class=\"elementor-element elementor-element-3454239 e-flex e-con-boxed e-con e-parent\" data-id=\"3454239\" data-element_type=\"container\">\n\t\t\t\t\t<div class=\"e-con-inner\">\n\t\t\t\t<div class=\"elementor-element elementor-element-30594a0 elementor-widget-divider--view-line elementor-widget elementor-widget-divider\" data-id=\"30594a0\" data-element_type=\"widget\" data-widget_type=\"divider.default\">\n\t\t\t\t\t\t\t<div class=\"elementor-divider\">\n\t\t\t<span class=\"elementor-divider-separator\">\n\t\t\t\t\t\t<\/span>\n\t\t<\/div>\n\t\t\t\t\t\t<\/div>\n\t\t\t\t<div class=\"elementor-element elementor-element-a14b33e elementor-widget elementor-widget-heading\" data-id=\"a14b33e\" data-element_type=\"widget\" data-widget_type=\"heading.default\">\n\t\t\t\t\t<h2 class=\"elementor-heading-title elementor-size-default\">Pourquoi choisir Bienviyance pour votre Mutuelle ?<\/h2>\t\t\t\t<\/div>\n\t\t\t\t<div class=\"elementor-element elementor-element-d65581c elementor-widget elementor-widget-text-editor\" data-id=\"d65581c\" data-element_type=\"widget\" data-widget_type=\"text-editor.default\">\n\t\t\t\t\t\t\t\t\t<div class=\"elementor-element elementor-element-30bee5f e-flex e-con-boxed e-con e-parent e-lazyloaded\" data-id=\"30bee5f\" data-element_type=\"container\">\n<div class=\"e-con-inner\">\n<div class=\"elementor-element elementor-element-d3eb09b elementor-widget elementor-widget-text-editor\" data-id=\"d3eb09b\" data-element_type=\"widget\" data-widget_type=\"text-editor.default\">\n<div class=\"elementor-widget-container\">\n<div class=\"page\" title=\"Page 2\">\n<div class=\"section\">\n<div class=\"layoutArea\">\n<div class=\"column\">\n<p>Il est important de noter que les mutuelles sant\u00e9 peuvent varier consid\u00e9rablement en termes de couverture, de cou\u0302ts et de conditions.<br>Il est donc recommande\u0301 de comparer les offres de diffe\u0301rentes mutuelles avant de souscrire une police pour s\u2019assurer qu\u2019elle correspond bien a\u0300 vos besoins spe\u0301cifiques en matie\u0300re de sante\u0301.<\/p>\n<p>En re\u0301sume\u0301, une mutuelle sante\u0301 est un contrat d\u2019assurance comple\u0301mentaire qui vise a\u0300 couvrir les de\u0301penses me\u0301dicales non rembourse\u0301es par la se\u0301curite\u0301 sociale, offrant ainsi une meilleure protection financie\u0300re aux assure\u0301s pour faire face aux cou\u0302ts de la sante\u0301.<\/p>\n<\/div>\n<\/div>\n<\/div>\n<\/div>\n<\/div>\n<\/div>\n<\/div>\n<\/div>\t\t\t\t\t\t\t\t<\/div>\n\t\t\t\t<div class=\"elementor-element elementor-element-fe6d424 elementor-widget-divider--view-line elementor-widget elementor-widget-divider\" data-id=\"fe6d424\" data-element_type=\"widget\" data-widget_type=\"divider.default\">\n\t\t\t\t\t\t\t<div class=\"elementor-divider\">\n\t\t\t<span class=\"elementor-divider-separator\">\n\t\t\t\t\t\t<\/span>\n\t\t<\/div>\n\t\t\t\t\t\t<\/div>\n\t\t\t\t\t<\/div>\n\t\t\t\t<\/div>\n\t\t<div class=\"elementor-element elementor-element-5e9d07e5 e-flex e-con-boxed e-con e-parent\" data-id=\"5e9d07e5\" data-element_type=\"container\" data-settings=\"{&quot;background_background&quot;:&quot;classic&quot;}\">\n\t\t\t\t\t<div class=\"e-con-inner\">\n\t\t<div class=\"elementor-element elementor-element-7f7da841 e-flex e-con-boxed e-con e-child\" data-id=\"7f7da841\" data-element_type=\"container\">\n\t\t\t\t\t<div class=\"e-con-inner\">\n\t\t<div class=\"elementor-element elementor-element-5244d1a3 e-flex e-con-boxed e-con e-child\" data-id=\"5244d1a3\" data-element_type=\"container\">\n\t\t\t\t\t<div class=\"e-con-inner\">\n\t\t<div class=\"elementor-element elementor-element-3e7ef927 e-con-full e-flex e-con e-child\" data-id=\"3e7ef927\" data-element_type=\"container\">\n\t\t\t\t<div class=\"elementor-element elementor-element-52d3cf elementor-widget__width-inherit animated-slow elementor-invisible elementor-widget elementor-widget-jkit_heading\" data-id=\"52d3cf\" data-element_type=\"widget\" data-settings=\"{&quot;_animation&quot;:&quot;zoomIn&quot;}\" data-widget_type=\"jkit_heading.default\">\n\t\t\t\t<div class=\"elementor-widget-container\">\n\t\t\t\t\t<div  class=\"jeg-elementor-kit jkit-heading  align-center align-tablet-center align-mobile- jeg_module___6a04892e25979\" ><h2 class=\"heading-section-subtitle  style-color\">Collaborons ensemble<\/h2><div class=\"heading-section-separator\"><div class=\"separator-wrapper style-solid\"><\/div><\/div><div class=\"heading-section-title  display-inline-block\"><h2 class=\"heading-title\">Pr\u00eat \u00e0 collaborer avec nous ?<\/h2><\/div><div class=\"heading-section-description\"><p>Vous souhaitez collaborer ou avez une question ? Contactez-nous<\/p><\/div><\/div>\t\t\t\t<\/div>\n\t\t\t\t<\/div>\n\t\t\t\t<\/div>\n\t\t<div class=\"elementor-element elementor-element-4d31670a e-con-full e-flex e-con e-child\" data-id=\"4d31670a\" data-element_type=\"container\" data-settings=\"{&quot;background_background&quot;:&quot;classic&quot;}\">\n\t\t\t\t<div class=\"elementor-element elementor-element-5417ff65 elementor-widget elementor-widget-jkit_heading\" data-id=\"5417ff65\" data-element_type=\"widget\" data-widget_type=\"jkit_heading.default\">\n\t\t\t\t<div class=\"elementor-widget-container\">\n\t\t\t\t\t<div  class=\"jeg-elementor-kit jkit-heading  align-center align-tablet- align-mobile- jeg_module__1_6a04892e262a1\" ><h3 class=\"heading-section-subtitle  style-color\">Travaillez avec nous<\/h3><div class=\"heading-section-title  display-inline-block\"><h2 class=\"heading-title\">Envoyez-nous un email pour collaborer<\/h2><\/div><\/div>\t\t\t\t<\/div>\n\t\t\t\t<\/div>\n\t\t\t\t<div class=\"elementor-element elementor-element-64e422ca elementor-widget elementor-widget-jkit_button\" data-id=\"64e422ca\" data-element_type=\"widget\" data-widget_type=\"jkit_button.default\">\n\t\t\t\t<div class=\"elementor-widget-container\">\n\t\t\t\t\t<div  class=\"jeg-elementor-kit jkit-button  icon-position-before jeg_module__2_6a04892e26a4d\" ><a href=\"#\" class=\"jkit-button-wrapper hover-gradient\"><span><svg viewBox=\"0 0 512 512\" xmlns=\"http:\/\/www.w3.org\/2000\/svg\"><path d=\"M502.3 190.8c3.9-3.1 9.7-.2 9.7 4.7V400c0 26.5-21.5 48-48 48H48c-26.5 0-48-21.5-48-48V195.6c0-5 5.7-7.8 9.7-4.7 22.4 17.4 52.1 39.5 154.1 113.6 21.1 15.4 56.7 47.8 92.2 47.6 35.7.3 72-32.8 92.3-47.6 102-74.1 131.6-96.3 154-113.7zM256 320c23.2.4 56.6-29.2 73.4-41.4 132.7-96.3 142.8-104.7 173.4-128.7 5.8-4.5 9.2-11.5 9.2-18.9v-19c0-26.5-21.5-48-48-48H48C21.5 64 0 85.5 0 112v19c0 7.4 3.4 14.3 9.2 18.9 30.6 23.9 40.7 32.4 173.4 128.7 16.8 12.2 50.2 41.8 73.4 41.4z\"><\/path><\/svg>contact@2points.fr<\/span><\/a><\/div>\t\t\t\t<\/div>\n\t\t\t\t<\/div>\n\t\t\t\t<\/div>\n\t\t<div class=\"elementor-element elementor-element-28115aa6 e-con-full e-flex e-con e-child\" data-id=\"28115aa6\" data-element_type=\"container\" data-settings=\"{&quot;background_background&quot;:&quot;classic&quot;}\">\n\t\t\t\t<div class=\"elementor-element elementor-element-526bb4c elementor-widget elementor-widget-jkit_heading\" data-id=\"526bb4c\" data-element_type=\"widget\" data-widget_type=\"jkit_heading.default\">\n\t\t\t\t<div class=\"elementor-widget-container\">\n\t\t\t\t\t<div  class=\"jeg-elementor-kit jkit-heading  align-center align-tablet- align-mobile- jeg_module__3_6a04892e273b3\" ><h3 class=\"heading-section-subtitle  style-color\">Rapprochez-vous<\/h3><div class=\"heading-section-title  display-inline-block\"><h2 class=\"heading-title\">Venez visiter notre bureau<\/h2><\/div><\/div>\t\t\t\t<\/div>\n\t\t\t\t<\/div>\n\t\t\t\t<div class=\"elementor-element elementor-element-1fd4ba46 elementor-widget elementor-widget-jkit_button\" data-id=\"1fd4ba46\" data-element_type=\"widget\" data-widget_type=\"jkit_button.default\">\n\t\t\t\t<div class=\"elementor-widget-container\">\n\t\t\t\t\t<div  class=\"jeg-elementor-kit jkit-button  icon-position-before jeg_module__4_6a04892e27a57\" ><a href=\"#\" class=\"jkit-button-wrapper hover-gradient\"><span><svg viewBox=\"0 0 384 512\" xmlns=\"http:\/\/www.w3.org\/2000\/svg\"><path d=\"M172.268 501.67C26.97 291.031 0 269.413 0 192 0 85.961 85.961 0 192 0s192 85.961 192 192c0 77.413-26.97 99.031-172.268 309.67-9.535 13.774-29.93 13.773-39.464 0zM192 272c44.183 0 80-35.817 80-80s-35.817-80-80-80-80 35.817-80 80 35.817 80 80 80z\"><\/path><\/svg>Directement au bureau<\/span><\/a><\/div>\t\t\t\t<\/div>\n\t\t\t\t<\/div>\n\t\t\t\t<\/div>\n\t\t<div class=\"elementor-element elementor-element-62a41b06 e-con-full e-flex e-con e-child\" data-id=\"62a41b06\" data-element_type=\"container\" data-settings=\"{&quot;background_background&quot;:&quot;classic&quot;}\">\n\t\t\t\t<div class=\"elementor-element elementor-element-39caaedf elementor-widget elementor-widget-jkit_heading\" data-id=\"39caaedf\" data-element_type=\"widget\" data-widget_type=\"jkit_heading.default\">\n\t\t\t\t<div class=\"elementor-widget-container\">\n\t\t\t\t\t<div  class=\"jeg-elementor-kit jkit-heading  align-center align-tablet- align-mobile- jeg_module__5_6a04892e282fc\" ><h3 class=\"heading-section-subtitle  style-color\">Pour des consultations<\/h3><div class=\"heading-section-title  display-inline-block\"><h2 class=\"heading-title\">Prenez contact et appelez-nous<\/h2><\/div><\/div>\t\t\t\t<\/div>\n\t\t\t\t<\/div>\n\t\t\t\t<div class=\"elementor-element elementor-element-61a5debf elementor-widget elementor-widget-jkit_button\" data-id=\"61a5debf\" data-element_type=\"widget\" data-widget_type=\"jkit_button.default\">\n\t\t\t\t<div class=\"elementor-widget-container\">\n\t\t\t\t\t<div  class=\"jeg-elementor-kit jkit-button  icon-position-before jeg_module__6_6a04892e28984\" ><a href=\"#\" class=\"jkit-button-wrapper hover-gradient\"><span><svg viewBox=\"0 0 512 512\" xmlns=\"http:\/\/www.w3.org\/2000\/svg\"><path d=\"M497.39 361.8l-112-48a24 24 0 0 0-28 6.9l-49.6 60.6A370.66 370.66 0 0 1 130.6 204.11l60.6-49.6a23.94 23.94 0 0 0 6.9-28l-48-112A24.16 24.16 0 0 0 122.6.61l-104 24A24 24 0 0 0 0 48c0 256.5 207.9 464 464 464a24 24 0 0 0 23.4-18.6l24-104a24.29 24.29 0 0 0-14.01-27.6z\"><\/path><\/svg>01 85 61 09 30<\/span><\/a><\/div>\t\t\t\t<\/div>\n\t\t\t\t<\/div>\n\t\t\t\t<\/div>\n\t\t\t\t\t<\/div>\n\t\t\t\t<\/div>\n\t\t\t\t\t<\/div>\n\t\t\t\t<\/div>\n\t\t\t\t\t<\/div>\n\t\t\t\t<\/div>\n\t\t\t\t<\/div>\n\t\t","protected":false},"excerpt":{"rendered":"<p>La Mutuelle Une mutuelle sante\u0301, e\u0301galement appele\u0301e comple\u0301mentaire sante\u0301 ou assurance sante\u0301 comple\u0301mentaire, est un contrat d\u2019assurance souscrit par un individu ou une famille pour comple\u0301ter la couverture offerte par la se\u0301curite\u0301 sociale ou tout autre re\u0301gime de sante\u0301 public. L\u2019objectif principal d\u2019une mutuelle sante\u0301 est de prendre en charge les frais me\u0301dicaux non rembourse\u0301s [&hellip;]<\/p>\n","protected":false},"author":1,"featured_media":0,"parent":0,"menu_order":0,"comment_status":"closed","ping_status":"closed","template":"","meta":{"footnotes":""},"class_list":["post-4031","page","type-page","status-publish","hentry"],"_links":{"self":[{"href":"https:\/\/2points.fr\/bnvce\/wp-json\/wp\/v2\/pages\/4031","targetHints":{"allow":["GET"]}}],"collection":[{"href":"https:\/\/2points.fr\/bnvce\/wp-json\/wp\/v2\/pages"}],"about":[{"href":"https:\/\/2points.fr\/bnvce\/wp-json\/wp\/v2\/types\/page"}],"author":[{"embeddable":true,"href":"https:\/\/2points.fr\/bnvce\/wp-json\/wp\/v2\/users\/1"}],"replies":[{"embeddable":true,"href":"https:\/\/2points.fr\/bnvce\/wp-json\/wp\/v2\/comments?post=4031"}],"version-history":[{"count":19,"href":"https:\/\/2points.fr\/bnvce\/wp-json\/wp\/v2\/pages\/4031\/revisions"}],"predecessor-version":[{"id":4714,"href":"https:\/\/2points.fr\/bnvce\/wp-json\/wp\/v2\/pages\/4031\/revisions\/4714"}],"wp:attachment":[{"href":"https:\/\/2points.fr\/bnvce\/wp-json\/wp\/v2\/media?parent=4031"}],"curies":[{"name":"wp","href":"https:\/\/api.w.org\/{rel}","templated":true}]}}