{"id":4017,"date":"2025-04-22T17:20:20","date_gmt":"2025-04-22T17:20:20","guid":{"rendered":"https:\/\/2points.fr\/bnvce\/?page_id=4017"},"modified":"2025-04-29T10:46:30","modified_gmt":"2025-04-29T10:46:30","slug":"prevoyance","status":"publish","type":"page","link":"https:\/\/2points.fr\/bnvce\/prevoyance\/","title":{"rendered":"Pr\u00e9voyance"},"content":{"rendered":"\t\t<div data-elementor-type=\"wp-page\" data-elementor-id=\"4017\" class=\"elementor elementor-4017\" data-elementor-post-type=\"page\">\n\t\t\t\t<div class=\"elementor-element elementor-element-ea9bde0 e-flex e-con-boxed e-con e-parent\" data-id=\"ea9bde0\" data-element_type=\"container\" data-settings=\"{&quot;background_background&quot;:&quot;classic&quot;}\">\n\t\t\t\t\t<div class=\"e-con-inner\">\n\t\t\t\t\t<\/div>\n\t\t\t\t<\/div>\n\t\t<div class=\"elementor-element elementor-element-44fc94c e-flex e-con-boxed e-con e-parent\" data-id=\"44fc94c\" data-element_type=\"container\" data-settings=\"{&quot;background_background&quot;:&quot;classic&quot;}\">\n\t\t\t\t\t<div class=\"e-con-inner\">\n\t\t<div class=\"elementor-element elementor-element-08a6a98 e-con-full e-flex e-con e-child\" data-id=\"08a6a98\" data-element_type=\"container\" data-settings=\"{&quot;background_background&quot;:&quot;classic&quot;}\">\n\t\t\t\t<div class=\"elementor-element elementor-element-519ded1 elementor-widget elementor-widget-heading\" data-id=\"519ded1\" data-element_type=\"widget\" data-widget_type=\"heading.default\">\n\t\t\t\t\t<h2 class=\"elementor-heading-title elementor-size-default\">Pr\u00e9voyance<\/h2>\t\t\t\t<\/div>\n\t\t\t\t<div class=\"elementor-element elementor-element-33f2191 elementor-widget__width-initial elementor-widget elementor-widget-text-editor\" data-id=\"33f2191\" data-element_type=\"widget\" data-widget_type=\"text-editor.default\">\n\t\t\t\t\t\t\t\t\t<p>La pr\u00e9voyance est un pilier essentiel pour les Travailleurs Ind\u00e9pendants qui souhaitent se prot\u00e9ger efficacement face aux risques professionnels et assurer leur bien-\u00eatre ainsi que celui de leur famille.<\/p>\t\t\t\t\t\t\t\t<\/div>\n\t\t\t\t<\/div>\n\t\t\t\t\t<\/div>\n\t\t\t\t<\/div>\n\t\t<div class=\"elementor-element elementor-element-3b0a47f e-flex e-con-boxed e-con e-parent\" data-id=\"3b0a47f\" data-element_type=\"container\" data-settings=\"{&quot;background_background&quot;:&quot;classic&quot;}\">\n\t\t\t\t\t<div class=\"e-con-inner\">\n\t\t<div class=\"elementor-element elementor-element-12cd5b2 e-con-full e-flex e-con e-child\" data-id=\"12cd5b2\" data-element_type=\"container\">\n\t\t\t\t<div class=\"elementor-element elementor-element-36811c3 elementor-widget elementor-widget-heading\" data-id=\"36811c3\" data-element_type=\"widget\" data-widget_type=\"heading.default\">\n\t\t\t\t\t<h2 class=\"elementor-heading-title elementor-size-default\">Comment fonctionne la pr\u00e9voyance pour les Travailleurs Ind\u00e9pendants ?<\/h2>\t\t\t\t<\/div>\n\t\t\t\t<div class=\"elementor-element elementor-element-8ce8695 elementor-widget__width-initial elementor-widget elementor-widget-text-editor\" data-id=\"8ce8695\" data-element_type=\"widget\" data-widget_type=\"text-editor.default\">\n\t\t\t\t\t\t\t\t\t<p>En tant que lib\u00e9ral, votre activit\u00e9 ind\u00e9pendante peut vous exposer \u00e0 des impr\u00e9vus qui n\u00e9cessitent une protection ad\u00e9quate.<br \/><br \/>Notre pr\u00e9voyance sp\u00e9cialement con\u00e7ue pour les ind\u00e9pendants vous offre une couverture sur mesure, adapt\u00e9e \u00e0 vos besoins sp\u00e9cifiques.<br \/><br \/>En cas d\u2019invalidit\u00e9, d\u2019incapacit\u00e9 de travail ou de d\u00e9c\u00e8s, la pr\u00e9voyance vous permet de percevoir des prestations financi\u00e8res pour pr\u00e9server votre niveau de vie et celui de vos proches.<\/p>\t\t\t\t\t\t\t\t<\/div>\n\t\t\t\t<\/div>\n\t\t<div class=\"elementor-element elementor-element-2c84132 e-con-full e-flex e-con e-child\" data-id=\"2c84132\" data-element_type=\"container\">\n\t\t\t\t<div class=\"elementor-element elementor-element-1dddff7 elementor-widget elementor-widget-image\" data-id=\"1dddff7\" data-element_type=\"widget\" data-widget_type=\"image.default\">\n\t\t\t\t\t\t\t\t\t\t\t\t\t\t\t<img decoding=\"async\" src=\"https:\/\/2points.fr\/bnvce\/old\/wp-content\/uploads\/2023\/09\/PREVOYANCE2.jpg\" title=\"\" alt=\"\" loading=\"lazy\" \/>\t\t\t\t\t\t\t\t\t\t\t\t\t\t\t<\/div>\n\t\t\t\t<\/div>\n\t\t\t\t\t<\/div>\n\t\t\t\t<\/div>\n\t\t<div class=\"elementor-element elementor-element-5ad3e45 e-flex e-con-boxed e-con e-parent\" data-id=\"5ad3e45\" data-element_type=\"container\" data-settings=\"{&quot;background_background&quot;:&quot;classic&quot;}\">\n\t\t\t\t\t<div class=\"e-con-inner\">\n\t\t<div class=\"elementor-element elementor-element-b6cd1b6 e-con-full e-flex e-con e-child\" data-id=\"b6cd1b6\" data-element_type=\"container\">\n\t\t\t\t<div class=\"elementor-element elementor-element-21bcd59 elementor-widget elementor-widget-heading\" data-id=\"21bcd59\" data-element_type=\"widget\" data-widget_type=\"heading.default\">\n\t\t\t\t\t<h2 class=\"elementor-heading-title elementor-size-default\">Les avantages de la pr\u00e9voyance :<\/h2>\t\t\t\t<\/div>\n\t\t\t\t<div class=\"elementor-element elementor-element-1a46331 elementor-widget elementor-widget-elementskit-accordion\" data-id=\"1a46331\" data-element_type=\"widget\" data-widget_type=\"elementskit-accordion.default\">\n\t\t\t\t\t<div class=\"ekit-wid-con\" >\n        <div class=\"elementskit-accordion accoedion-primary\" id=\"accordion-6a03ec0c68f74\">\n\n            \n                <div class=\"elementskit-card active\">\n                    <div class=\"elementskit-card-header\" id=\"primaryHeading-0-1a46331\">\n                        <a href=\"#collapse-7b8baae6a03ec0c68f74\" class=\"ekit-accordion--toggler elementskit-btn-link collapsed\" data-ekit-toggle=\"collapse\" data-target=\"#Collapse-7b8baae6a03ec0c68f74\" aria-expanded=\"true\" aria-controls=\"Collapse-7b8baae6a03ec0c68f74\">\n                            \n                            <span class=\"ekit-accordion-title\">S\u00e9curit\u00e9 financi\u00e8re<\/span>\n\n                            \n                                <div class=\"ekit_accordion_icon_group\">\n                                    <div class=\"ekit_accordion_normal_icon\">\n                                        <!-- Normal Icon -->\n\t\t\t\t\t\t\t\t\t\t<i class=\"icon icon-down-arrow1\"><\/i>                                    <\/div>\n\n                                    <div class=\"ekit_accordion_active_icon\">\n                                        <!-- Active Icon -->\n\t\t\t\t\t\t\t\t\t\t<i class=\"icon icon-up-arrow\"><\/i>                                    <\/div>\n                                <\/div>\n\n                            \n                                                    <\/a>\n                    <\/div>\n\n                    <div id=\"Collapse-7b8baae6a03ec0c68f74\" class=\" show collapse\" aria-labelledby=\"primaryHeading-0-1a46331\" data-parent=\"#accordion-6a03ec0c68f74\">\n\n                        <div class=\"elementskit-card-body ekit-accordion--content\">\n                            <p>En cas d\u2019accident, de maladie ou d\u2019invalidit\u00e9, la pr\u00e9voyance vous garantit une source de revenus compl\u00e9mentaires pour maintenir votre niveau de vie et faire face aux d\u00e9penses quotidiennes.<\/p>                        <\/div>\n\n                    <\/div>\n\n                <\/div><!-- .elementskit-card END -->\n\n                \n                <div class=\"elementskit-card \">\n                    <div class=\"elementskit-card-header\" id=\"primaryHeading-1-1a46331\">\n                        <a href=\"#collapse-049d76f6a03ec0c68f74\" class=\"ekit-accordion--toggler elementskit-btn-link collapsed\" data-ekit-toggle=\"collapse\" data-target=\"#Collapse-049d76f6a03ec0c68f74\" aria-expanded=\"false\" aria-controls=\"Collapse-049d76f6a03ec0c68f74\">\n                            \n                            <span class=\"ekit-accordion-title\">Protection des proches<\/span>\n\n                            \n                                <div class=\"ekit_accordion_icon_group\">\n                                    <div class=\"ekit_accordion_normal_icon\">\n                                        <!-- Normal Icon -->\n\t\t\t\t\t\t\t\t\t\t<i class=\"icon icon-down-arrow1\"><\/i>                                    <\/div>\n\n                                    <div class=\"ekit_accordion_active_icon\">\n                                        <!-- Active Icon -->\n\t\t\t\t\t\t\t\t\t\t<i class=\"icon icon-up-arrow\"><\/i>                                    <\/div>\n                                <\/div>\n\n                            \n                                                    <\/a>\n                    <\/div>\n\n                    <div id=\"Collapse-049d76f6a03ec0c68f74\" class=\" collapse\" aria-labelledby=\"primaryHeading-1-1a46331\" data-parent=\"#accordion-6a03ec0c68f74\">\n\n                        <div class=\"elementskit-card-body ekit-accordion--content\">\n                            <p>En cas de d\u00e9c\u00e8s, la pr\u00e9voyance offre un capital ou une rente \u00e0 vos b\u00e9n\u00e9ficiaires d\u00e9sign\u00e9s, leur offrant ainsi une s\u00e9curit\u00e9 financi\u00e8re dans une p\u00e9riode difficile.<\/p>                        <\/div>\n\n                    <\/div>\n\n                <\/div><!-- .elementskit-card END -->\n\n                \n                <div class=\"elementskit-card \">\n                    <div class=\"elementskit-card-header\" id=\"primaryHeading-2-1a46331\">\n                        <a href=\"#collapse-5efaec46a03ec0c68f74\" class=\"ekit-accordion--toggler elementskit-btn-link collapsed\" data-ekit-toggle=\"collapse\" data-target=\"#Collapse-5efaec46a03ec0c68f74\" aria-expanded=\"false\" aria-controls=\"Collapse-5efaec46a03ec0c68f74\">\n                            \n                            <span class=\"ekit-accordion-title\">Adaptabilit\u00e9<\/span>\n\n                            \n                                <div class=\"ekit_accordion_icon_group\">\n                                    <div class=\"ekit_accordion_normal_icon\">\n                                        <!-- Normal Icon -->\n\t\t\t\t\t\t\t\t\t\t<i class=\"icon icon-down-arrow1\"><\/i>                                    <\/div>\n\n                                    <div class=\"ekit_accordion_active_icon\">\n                                        <!-- Active Icon -->\n\t\t\t\t\t\t\t\t\t\t<i class=\"icon icon-up-arrow\"><\/i>                                    <\/div>\n                                <\/div>\n\n                            \n                                                    <\/a>\n                    <\/div>\n\n                    <div id=\"Collapse-5efaec46a03ec0c68f74\" class=\" collapse\" aria-labelledby=\"primaryHeading-2-1a46331\" data-parent=\"#accordion-6a03ec0c68f74\">\n\n                        <div class=\"elementskit-card-body ekit-accordion--content\">\n                            <p>Vous pouvez choisir parmi diff\u00e9rentes options de garanties pour personnaliser votre contrat en fonction de vos besoins et de votre situation professionnelle.<\/p>                        <\/div>\n\n                    <\/div>\n\n                <\/div><!-- .elementskit-card END -->\n\n                                        <\/div>\n    <\/div>\t\t\t\t<\/div>\n\t\t\t\t<\/div>\n\t\t<div class=\"elementor-element elementor-element-8092097 e-con-full e-flex e-con e-child\" data-id=\"8092097\" data-element_type=\"container\">\n\t\t\t\t<div class=\"elementor-element elementor-element-60c0bbf elementor-widget elementor-widget-image\" data-id=\"60c0bbf\" data-element_type=\"widget\" data-widget_type=\"image.default\">\n\t\t\t\t\t\t\t\t\t\t\t\t\t\t\t<img decoding=\"async\" src=\"https:\/\/2points.fr\/bnvce\/old\/wp-content\/uploads\/2023\/09\/PREVOYANCE3.jpg\" title=\"\" alt=\"\" loading=\"lazy\" \/>\t\t\t\t\t\t\t\t\t\t\t\t\t\t\t<\/div>\n\t\t\t\t<\/div>\n\t\t\t\t\t<\/div>\n\t\t\t\t<\/div>\n\t\t<div class=\"elementor-element elementor-element-fc247d9 e-flex e-con-boxed e-con e-parent\" data-id=\"fc247d9\" data-element_type=\"container\" data-settings=\"{&quot;background_background&quot;:&quot;classic&quot;}\">\n\t\t\t\t\t<div class=\"e-con-inner\">\n\t\t<div class=\"elementor-element elementor-element-0b63adb e-con-full e-flex e-con e-child\" data-id=\"0b63adb\" data-element_type=\"container\">\n\t\t\t\t<div class=\"elementor-element elementor-element-24bb67a elementor-widget elementor-widget-heading\" data-id=\"24bb67a\" data-element_type=\"widget\" data-widget_type=\"heading.default\">\n\t\t\t\t\t<h2 class=\"elementor-heading-title elementor-size-default\">B\u00e9n\u00e9ficiez d\u2019un avantage fiscal gr\u00e2ce \u00e0 la pr\u00e9voyance :<\/h2>\t\t\t\t<\/div>\n\t\t\t\t<div class=\"elementor-element elementor-element-6cf4ac8 elementor-widget__width-initial elementor-widget elementor-widget-text-editor\" data-id=\"6cf4ac8\" data-element_type=\"widget\" data-widget_type=\"text-editor.default\">\n\t\t\t\t\t\t\t\t\t<p>Le fonctionnement de la d\u00e9duction Madelin pour la pr\u00e9voyance des Travailleurs Non-Salari\u00e9s (TNS) est une opportunit\u00e9 fiscale inestimable.<br \/><br \/>Gr\u00e2ce \u00e0 ce dispositif, les TNS peuvent d\u00e9duire de leur revenu imposable les cotisations vers\u00e9es au titre de leur contrat de pr\u00e9voyance.<\/p><p>Cette d\u00e9duction fiscale leur permet de r\u00e9duire significativement leur charge fiscale annuelle tout en b\u00e9n\u00e9ficiant d\u2019une couverture optimale pour faire face aux risques professionnels.<\/p><p>Ainsi, en investissant dans leur protection avec un contrat de pr\u00e9voyance adapt\u00e9, les TNS allient s\u00e9curit\u00e9 financi\u00e8re et optimisation fiscale, renfor\u00e7ant ainsi leur tranquillit\u00e9 d\u2019esprit pour l\u2019avenir.<\/p>\t\t\t\t\t\t\t\t<\/div>\n\t\t\t\t<\/div>\n\t\t<div class=\"elementor-element elementor-element-0c51408 e-con-full e-flex e-con e-child\" data-id=\"0c51408\" data-element_type=\"container\">\n\t\t\t\t<div class=\"elementor-element elementor-element-c5bcfd4 elementor-widget elementor-widget-image\" data-id=\"c5bcfd4\" data-element_type=\"widget\" data-widget_type=\"image.default\">\n\t\t\t\t\t\t\t\t\t\t\t\t\t\t\t<img decoding=\"async\" src=\"https:\/\/2points.fr\/bnvce\/wp-content\/uploads\/2023\/09\/PREVOYANCE4.jpg\" title=\"\" alt=\"\" loading=\"lazy\" \/>\t\t\t\t\t\t\t\t\t\t\t\t\t\t\t<\/div>\n\t\t\t\t<\/div>\n\t\t\t\t\t<\/div>\n\t\t\t\t<\/div>\n\t\t<div class=\"elementor-element elementor-element-3454239 e-flex e-con-boxed e-con e-parent\" data-id=\"3454239\" data-element_type=\"container\">\n\t\t\t\t\t<div class=\"e-con-inner\">\n\t\t\t\t<div class=\"elementor-element elementor-element-30594a0 elementor-widget-divider--view-line elementor-widget elementor-widget-divider\" data-id=\"30594a0\" data-element_type=\"widget\" data-widget_type=\"divider.default\">\n\t\t\t\t\t\t\t<div class=\"elementor-divider\">\n\t\t\t<span class=\"elementor-divider-separator\">\n\t\t\t\t\t\t<\/span>\n\t\t<\/div>\n\t\t\t\t\t\t<\/div>\n\t\t\t\t<div class=\"elementor-element elementor-element-a14b33e elementor-widget elementor-widget-heading\" data-id=\"a14b33e\" data-element_type=\"widget\" data-widget_type=\"heading.default\">\n\t\t\t\t\t<h2 class=\"elementor-heading-title elementor-size-default\">Pourquoi choisir notre pr\u00e9voyance ?\n<\/h2>\t\t\t\t<\/div>\n\t\t\t\t<div class=\"elementor-element elementor-element-d65581c elementor-widget elementor-widget-text-editor\" data-id=\"d65581c\" data-element_type=\"widget\" data-widget_type=\"text-editor.default\">\n\t\t\t\t\t\t\t\t\t<div class=\"elementor-element elementor-element-30bee5f e-flex e-con-boxed e-con e-parent e-lazyloaded\" data-id=\"30bee5f\" data-element_type=\"container\">\n<div class=\"e-con-inner\">\n<div class=\"elementor-element elementor-element-d3eb09b elementor-widget elementor-widget-text-editor\" data-id=\"d3eb09b\" data-element_type=\"widget\" data-widget_type=\"text-editor.default\">\n<div class=\"elementor-widget-container\">\n<div class=\"page\" title=\"Page 2\">\n<div class=\"section\">\n<div class=\"layoutArea\">\n<div class=\"column\">\n<div class=\"elementor-element elementor-element-30bee5f e-flex e-con-boxed e-con e-parent e-lazyloaded\" data-id=\"30bee5f\" data-element_type=\"container\">\n<div class=\"e-con-inner\">\n<div class=\"elementor-element elementor-element-d3eb09b elementor-widget elementor-widget-text-editor\" data-id=\"d3eb09b\" data-element_type=\"widget\" data-widget_type=\"text-editor.default\">\n<div class=\"elementor-widget-container\">\n<p>Chez Bienviyance, nous comprenons les d\u00e9fis sp\u00e9cifiques auxquels les TNS sont confront\u00e9s. C\u2019est pourquoi nous vous proposons de r\u00e9aliser une \u00e9tude pour une pr\u00e9voyance sur mesure, sp\u00e9cialement con\u00e7ue pour r\u00e9pondre \u00e0 vos besoins uniques en tant qu\u2019ind\u00e9pendant. Notre \u00e9quipe de conseillers exp\u00e9riment\u00e9s est \u00e0 votre disposition pour vous guider dans le choix des garanties les mieux adapt\u00e9es \u00e0 votre activit\u00e9 et \u00e0 votre situation personnelle.<\/p>\n<p>En choisissant l\u2019une des pr\u00e9voyances de nos partenaires, vous vous assurez une protection financi\u00e8re solide et une tranquillit\u00e9 d\u2019esprit inestimable. Pr\u00e9parez-vous \u00e0 faire face aux impr\u00e9vus en toute confiance, sachant que vous et votre famille \u00eates prot\u00e9g\u00e9s contre les al\u00e9as de votre vie professionnelle.<\/p>\n<p>Assurez votre tranquillit\u00e9 d\u2019esprit avec notre pr\u00e9voyance sur mesure. Contactez-nous d\u00e8s aujourd\u2019hui pour d\u00e9couvrir comment nous pouvons vous aider \u00e0 pr\u00e9server votre bien-\u00eatre et \u00e0 s\u00e9curiser l\u2019avenir financier de vos proches. Ensemble, construisons un avenir \u00e9panouissant et prot\u00e9g\u00e9 pour vous et votre famille.<\/p>\n<\/div>\n<\/div>\n<\/div>\n<\/div>\n<\/div>\n<\/div>\n<\/div>\n<\/div>\n<\/div>\n<\/div>\n<\/div>\n<\/div>\t\t\t\t\t\t\t\t<\/div>\n\t\t\t\t<div class=\"elementor-element elementor-element-fe6d424 elementor-widget-divider--view-line elementor-widget elementor-widget-divider\" data-id=\"fe6d424\" data-element_type=\"widget\" data-widget_type=\"divider.default\">\n\t\t\t\t\t\t\t<div class=\"elementor-divider\">\n\t\t\t<span class=\"elementor-divider-separator\">\n\t\t\t\t\t\t<\/span>\n\t\t<\/div>\n\t\t\t\t\t\t<\/div>\n\t\t\t\t\t<\/div>\n\t\t\t\t<\/div>\n\t\t<div class=\"elementor-element elementor-element-5e9d07e5 e-flex e-con-boxed e-con e-parent\" data-id=\"5e9d07e5\" data-element_type=\"container\" data-settings=\"{&quot;background_background&quot;:&quot;classic&quot;}\">\n\t\t\t\t\t<div class=\"e-con-inner\">\n\t\t<div class=\"elementor-element elementor-element-7f7da841 e-flex e-con-boxed e-con e-child\" data-id=\"7f7da841\" data-element_type=\"container\">\n\t\t\t\t\t<div class=\"e-con-inner\">\n\t\t<div class=\"elementor-element elementor-element-5244d1a3 e-flex e-con-boxed e-con e-child\" data-id=\"5244d1a3\" data-element_type=\"container\">\n\t\t\t\t\t<div class=\"e-con-inner\">\n\t\t<div class=\"elementor-element elementor-element-3e7ef927 e-con-full e-flex e-con e-child\" data-id=\"3e7ef927\" data-element_type=\"container\">\n\t\t\t\t<div class=\"elementor-element elementor-element-52d3cf elementor-widget__width-inherit animated-slow elementor-invisible elementor-widget elementor-widget-jkit_heading\" data-id=\"52d3cf\" data-element_type=\"widget\" data-settings=\"{&quot;_animation&quot;:&quot;zoomIn&quot;}\" data-widget_type=\"jkit_heading.default\">\n\t\t\t\t<div class=\"elementor-widget-container\">\n\t\t\t\t\t<div  class=\"jeg-elementor-kit jkit-heading  align-center align-tablet-center align-mobile- jeg_module___6a0489109a447\" ><h2 class=\"heading-section-subtitle  style-color\">Collaborons ensemble<\/h2><div class=\"heading-section-separator\"><div class=\"separator-wrapper style-solid\"><\/div><\/div><div class=\"heading-section-title  display-inline-block\"><h2 class=\"heading-title\">Pr\u00eat \u00e0 collaborer avec nous ?<\/h2><\/div><div class=\"heading-section-description\"><p>Vous souhaitez collaborer ou avez une question ? Contactez-nous<\/p><\/div><\/div>\t\t\t\t<\/div>\n\t\t\t\t<\/div>\n\t\t\t\t<\/div>\n\t\t<div class=\"elementor-element elementor-element-4d31670a e-con-full e-flex e-con e-child\" data-id=\"4d31670a\" data-element_type=\"container\" data-settings=\"{&quot;background_background&quot;:&quot;classic&quot;}\">\n\t\t\t\t<div class=\"elementor-element elementor-element-5417ff65 elementor-widget elementor-widget-jkit_heading\" data-id=\"5417ff65\" data-element_type=\"widget\" data-widget_type=\"jkit_heading.default\">\n\t\t\t\t<div class=\"elementor-widget-container\">\n\t\t\t\t\t<div  class=\"jeg-elementor-kit jkit-heading  align-center align-tablet- align-mobile- jeg_module__1_6a0489109b264\" ><h3 class=\"heading-section-subtitle  style-color\">Travaillez avec nous<\/h3><div class=\"heading-section-title  display-inline-block\"><h2 class=\"heading-title\">Envoyez-nous un email pour collaborer<\/h2><\/div><\/div>\t\t\t\t<\/div>\n\t\t\t\t<\/div>\n\t\t\t\t<div class=\"elementor-element elementor-element-64e422ca elementor-widget elementor-widget-jkit_button\" data-id=\"64e422ca\" data-element_type=\"widget\" data-widget_type=\"jkit_button.default\">\n\t\t\t\t<div class=\"elementor-widget-container\">\n\t\t\t\t\t<div  class=\"jeg-elementor-kit jkit-button  icon-position-before jeg_module__2_6a0489109d9c7\" ><a href=\"#\" class=\"jkit-button-wrapper hover-gradient\"><span><svg viewBox=\"0 0 512 512\" xmlns=\"http:\/\/www.w3.org\/2000\/svg\"><path d=\"M502.3 190.8c3.9-3.1 9.7-.2 9.7 4.7V400c0 26.5-21.5 48-48 48H48c-26.5 0-48-21.5-48-48V195.6c0-5 5.7-7.8 9.7-4.7 22.4 17.4 52.1 39.5 154.1 113.6 21.1 15.4 56.7 47.8 92.2 47.6 35.7.3 72-32.8 92.3-47.6 102-74.1 131.6-96.3 154-113.7zM256 320c23.2.4 56.6-29.2 73.4-41.4 132.7-96.3 142.8-104.7 173.4-128.7 5.8-4.5 9.2-11.5 9.2-18.9v-19c0-26.5-21.5-48-48-48H48C21.5 64 0 85.5 0 112v19c0 7.4 3.4 14.3 9.2 18.9 30.6 23.9 40.7 32.4 173.4 128.7 16.8 12.2 50.2 41.8 73.4 41.4z\"><\/path><\/svg>contact@2points.fr<\/span><\/a><\/div>\t\t\t\t<\/div>\n\t\t\t\t<\/div>\n\t\t\t\t<\/div>\n\t\t<div class=\"elementor-element elementor-element-28115aa6 e-con-full e-flex e-con e-child\" data-id=\"28115aa6\" data-element_type=\"container\" data-settings=\"{&quot;background_background&quot;:&quot;classic&quot;}\">\n\t\t\t\t<div class=\"elementor-element elementor-element-526bb4c elementor-widget elementor-widget-jkit_heading\" data-id=\"526bb4c\" data-element_type=\"widget\" data-widget_type=\"jkit_heading.default\">\n\t\t\t\t<div class=\"elementor-widget-container\">\n\t\t\t\t\t<div  class=\"jeg-elementor-kit jkit-heading  align-center align-tablet- align-mobile- jeg_module__3_6a0489109ee11\" ><h3 class=\"heading-section-subtitle  style-color\">Rapprochez-vous<\/h3><div class=\"heading-section-title  display-inline-block\"><h2 class=\"heading-title\">Venez visiter notre bureau<\/h2><\/div><\/div>\t\t\t\t<\/div>\n\t\t\t\t<\/div>\n\t\t\t\t<div class=\"elementor-element elementor-element-1fd4ba46 elementor-widget elementor-widget-jkit_button\" data-id=\"1fd4ba46\" data-element_type=\"widget\" data-widget_type=\"jkit_button.default\">\n\t\t\t\t<div class=\"elementor-widget-container\">\n\t\t\t\t\t<div  class=\"jeg-elementor-kit jkit-button  icon-position-before jeg_module__4_6a0489109f989\" ><a href=\"#\" class=\"jkit-button-wrapper hover-gradient\"><span><svg viewBox=\"0 0 384 512\" xmlns=\"http:\/\/www.w3.org\/2000\/svg\"><path d=\"M172.268 501.67C26.97 291.031 0 269.413 0 192 0 85.961 85.961 0 192 0s192 85.961 192 192c0 77.413-26.97 99.031-172.268 309.67-9.535 13.774-29.93 13.773-39.464 0zM192 272c44.183 0 80-35.817 80-80s-35.817-80-80-80-80 35.817-80 80 35.817 80 80 80z\"><\/path><\/svg>Directement au bureau<\/span><\/a><\/div>\t\t\t\t<\/div>\n\t\t\t\t<\/div>\n\t\t\t\t<\/div>\n\t\t<div class=\"elementor-element elementor-element-62a41b06 e-con-full e-flex e-con e-child\" data-id=\"62a41b06\" data-element_type=\"container\" data-settings=\"{&quot;background_background&quot;:&quot;classic&quot;}\">\n\t\t\t\t<div class=\"elementor-element elementor-element-39caaedf elementor-widget elementor-widget-jkit_heading\" data-id=\"39caaedf\" data-element_type=\"widget\" data-widget_type=\"jkit_heading.default\">\n\t\t\t\t<div class=\"elementor-widget-container\">\n\t\t\t\t\t<div  class=\"jeg-elementor-kit jkit-heading  align-center align-tablet- align-mobile- jeg_module__5_6a048910a084b\" ><h3 class=\"heading-section-subtitle  style-color\">Pour des consultations<\/h3><div class=\"heading-section-title  display-inline-block\"><h2 class=\"heading-title\">Prenez contact et appelez-nous<\/h2><\/div><\/div>\t\t\t\t<\/div>\n\t\t\t\t<\/div>\n\t\t\t\t<div class=\"elementor-element elementor-element-61a5debf elementor-widget elementor-widget-jkit_button\" data-id=\"61a5debf\" data-element_type=\"widget\" data-widget_type=\"jkit_button.default\">\n\t\t\t\t<div class=\"elementor-widget-container\">\n\t\t\t\t\t<div  class=\"jeg-elementor-kit jkit-button  icon-position-before jeg_module__6_6a048910a1304\" ><a href=\"#\" class=\"jkit-button-wrapper hover-gradient\"><span><svg viewBox=\"0 0 512 512\" xmlns=\"http:\/\/www.w3.org\/2000\/svg\"><path d=\"M497.39 361.8l-112-48a24 24 0 0 0-28 6.9l-49.6 60.6A370.66 370.66 0 0 1 130.6 204.11l60.6-49.6a23.94 23.94 0 0 0 6.9-28l-48-112A24.16 24.16 0 0 0 122.6.61l-104 24A24 24 0 0 0 0 48c0 256.5 207.9 464 464 464a24 24 0 0 0 23.4-18.6l24-104a24.29 24.29 0 0 0-14.01-27.6z\"><\/path><\/svg>01 85 61 09 30<\/span><\/a><\/div>\t\t\t\t<\/div>\n\t\t\t\t<\/div>\n\t\t\t\t<\/div>\n\t\t\t\t\t<\/div>\n\t\t\t\t<\/div>\n\t\t\t\t\t<\/div>\n\t\t\t\t<\/div>\n\t\t\t\t\t<\/div>\n\t\t\t\t<\/div>\n\t\t\t\t<\/div>\n\t\t","protected":false},"excerpt":{"rendered":"<p>Pr\u00e9voyance La pr\u00e9voyance est un pilier essentiel pour les Travailleurs Ind\u00e9pendants qui souhaitent se prot\u00e9ger efficacement face aux risques professionnels et assurer leur bien-\u00eatre ainsi que celui de leur famille. Comment fonctionne la pr\u00e9voyance pour les Travailleurs Ind\u00e9pendants ? En tant que lib\u00e9ral, votre activit\u00e9 ind\u00e9pendante peut vous exposer \u00e0 des impr\u00e9vus qui n\u00e9cessitent une [&hellip;]<\/p>\n","protected":false},"author":1,"featured_media":0,"parent":0,"menu_order":0,"comment_status":"closed","ping_status":"closed","template":"","meta":{"footnotes":""},"class_list":["post-4017","page","type-page","status-publish","hentry"],"_links":{"self":[{"href":"https:\/\/2points.fr\/bnvce\/wp-json\/wp\/v2\/pages\/4017","targetHints":{"allow":["GET"]}}],"collection":[{"href":"https:\/\/2points.fr\/bnvce\/wp-json\/wp\/v2\/pages"}],"about":[{"href":"https:\/\/2points.fr\/bnvce\/wp-json\/wp\/v2\/types\/page"}],"author":[{"embeddable":true,"href":"https:\/\/2points.fr\/bnvce\/wp-json\/wp\/v2\/users\/1"}],"replies":[{"embeddable":true,"href":"https:\/\/2points.fr\/bnvce\/wp-json\/wp\/v2\/comments?post=4017"}],"version-history":[{"count":19,"href":"https:\/\/2points.fr\/bnvce\/wp-json\/wp\/v2\/pages\/4017\/revisions"}],"predecessor-version":[{"id":4756,"href":"https:\/\/2points.fr\/bnvce\/wp-json\/wp\/v2\/pages\/4017\/revisions\/4756"}],"wp:attachment":[{"href":"https:\/\/2points.fr\/bnvce\/wp-json\/wp\/v2\/media?parent=4017"}],"curies":[{"name":"wp","href":"https:\/\/api.w.org\/{rel}","templated":true}]}}