{"id":3944,"date":"2021-11-23T11:01:17","date_gmt":"2021-11-23T10:01:17","guid":{"rendered":"https:\/\/2points.fr\/beta-3\/?page_id=3944"},"modified":"2021-11-23T11:02:02","modified_gmt":"2021-11-23T10:02:02","slug":"journee-dmla","status":"publish","type":"page","link":"https:\/\/2points.fr\/beta-3\/journee-dmla\/","title":{"rendered":"Journ\u00e9e DMLA"},"content":{"rendered":"\t\t<div data-elementor-type=\"wp-post\" data-elementor-id=\"3944\" class=\"elementor elementor-3944\" data-elementor-settings=\"[]\">\n\t\t\t\t\t\t<div class=\"elementor-inner\">\n\t\t\t\t\t\t\t<div class=\"elementor-section-wrap\">\n\t\t\t\t\t\t\t<section class=\"elementor-section elementor-top-section elementor-element elementor-element-e5dc143 elementor-section-full_width elementor-section-stretched elementor-section-height-default elementor-section-height-default\" data-id=\"e5dc143\" data-element_type=\"section\" data-settings=\"{&quot;stretch_section&quot;:&quot;section-stretched&quot;,&quot;background_background&quot;:&quot;classic&quot;}\">\n\t\t\t\t\t\t\t<div class=\"elementor-background-overlay\"><\/div>\n\t\t\t\t\t\t\t<div class=\"elementor-container elementor-column-gap-default\">\n\t\t\t\t\t\t\t<div class=\"elementor-row\">\n\t\t\t\t\t<div class=\"elementor-column elementor-col-100 elementor-top-column elementor-element elementor-element-f5bcc60\" data-id=\"f5bcc60\" data-element_type=\"column\">\n\t\t\t<div class=\"elementor-column-wrap elementor-element-populated\">\n\t\t\t\t\t\t\t<div class=\"elementor-widget-wrap\">\n\t\t\t\t\t\t<div class=\"elementor-element elementor-element-7700954 elementor-widget elementor-widget-heading\" data-id=\"7700954\" data-element_type=\"widget\" data-widget_type=\"heading.default\">\n\t\t\t\t<div class=\"elementor-widget-container\">\n\t\t\t<h2 class=\"elementor-heading-title elementor-size-default\">Journ\u00e9e DMLA<\/h2>\t\t<\/div>\n\t\t\t\t<\/div>\n\t\t\t\t\t\t<\/div>\n\t\t\t\t\t<\/div>\n\t\t<\/div>\n\t\t\t\t\t\t\t\t<\/div>\n\t\t\t\t\t<\/div>\n\t\t<\/section>\n\t\t\t\t<section class=\"elementor-section elementor-top-section elementor-element elementor-element-0a1cc3d elementor-section-stretched elementor-section-boxed elementor-section-height-default elementor-section-height-default\" data-id=\"0a1cc3d\" data-element_type=\"section\" data-settings=\"{&quot;stretch_section&quot;:&quot;section-stretched&quot;,&quot;background_background&quot;:&quot;classic&quot;}\">\n\t\t\t\t\t\t<div class=\"elementor-container elementor-column-gap-default\">\n\t\t\t\t\t\t\t<div class=\"elementor-row\">\n\t\t\t\t\t<div class=\"elementor-column elementor-col-100 elementor-top-column elementor-element elementor-element-0aa94f6\" data-id=\"0aa94f6\" data-element_type=\"column\">\n\t\t\t<div class=\"elementor-column-wrap elementor-element-populated\">\n\t\t\t\t\t\t\t<div class=\"elementor-widget-wrap\">\n\t\t\t\t\t\t<div class=\"elementor-element elementor-element-7d0966f elementor-widget elementor-widget-text-editor\" data-id=\"7d0966f\" data-element_type=\"widget\" data-widget_type=\"text-editor.default\">\n\t\t\t\t<div class=\"elementor-widget-container\">\n\t\t\t\t\t\t\t\t<div class=\"elementor-text-editor elementor-clearfix\">\n\t\t\t\t<p>Le Centre de Sant\u00e9 Haussmann participe aux journ\u00e9es nationales d\u2019information et de d\u00e9pistage de la D\u00e9g\u00e9n\u00e9rescence Maculaire Li\u00e9e \u00e0 l\u2019Age (DMLA).<\/p><p>Durant cette semaine, les \u00ab\u00a0personnes \u00e0 risque\u00a0\u00bb peuvent prendre rendez-vous avec un ophtalmologue pour b\u00e9n\u00e9ficier d\u2019un d\u00e9pistage.<\/p><p>Un examen du fond de l\u2019\u0153il permettra de rep\u00e9rer les individus qui souffrent d\u00e9j\u00e0 d\u2019une DMLA sans le savoir, ou dont le risque de d\u00e9velopper la maladie est \u00e9lev\u00e9.<\/p><p>Si l\u2019examen de d\u00e9pistage r\u00e9v\u00e8le des signes de DMLA, un bilan plus approfondi sera r\u00e9alis\u00e9 afin de confirmer ou non ce diagnostic.<\/p>\t\t\t\t\t<\/div>\n\t\t\t\t\t\t<\/div>\n\t\t\t\t<\/div>\n\t\t\t\t\t\t<\/div>\n\t\t\t\t\t<\/div>\n\t\t<\/div>\n\t\t\t\t\t\t\t\t<\/div>\n\t\t\t\t\t<\/div>\n\t\t<\/section>\n\t\t\t\t\t\t<\/div>\n\t\t\t\t\t\t<\/div>\n\t\t\t\t\t<\/div>\n\t\t","protected":false},"excerpt":{"rendered":"<p>Le Centre de Sant\u00e9 Haussmann participe aux journ\u00e9es nationales d\u2019information et de d\u00e9pistage de la D\u00e9g\u00e9n\u00e9rescence Maculaire Li\u00e9e \u00e0 l\u2019Age (DMLA). Durant cette semaine, les \u00ab\u00a0personnes \u00e0 risque\u00a0\u00bb peuvent prendre rendez-vous avec un ophtalmologue pour b\u00e9n\u00e9ficier d\u2019un d\u00e9pistage. Un examen du fond de l\u2019\u0153il permettra de rep\u00e9rer les individus qui souffrent d\u00e9j\u00e0 d\u2019une DMLA sans [&hellip;]<\/p>\n","protected":false},"author":1,"featured_media":0,"parent":0,"menu_order":0,"comment_status":"closed","ping_status":"closed","template":"","meta":[],"_links":{"self":[{"href":"https:\/\/2points.fr\/beta-3\/wp-json\/wp\/v2\/pages\/3944"}],"collection":[{"href":"https:\/\/2points.fr\/beta-3\/wp-json\/wp\/v2\/pages"}],"about":[{"href":"https:\/\/2points.fr\/beta-3\/wp-json\/wp\/v2\/types\/page"}],"author":[{"embeddable":true,"href":"https:\/\/2points.fr\/beta-3\/wp-json\/wp\/v2\/users\/1"}],"replies":[{"embeddable":true,"href":"https:\/\/2points.fr\/beta-3\/wp-json\/wp\/v2\/comments?post=3944"}],"version-history":[{"count":4,"href":"https:\/\/2points.fr\/beta-3\/wp-json\/wp\/v2\/pages\/3944\/revisions"}],"predecessor-version":[{"id":3948,"href":"https:\/\/2points.fr\/beta-3\/wp-json\/wp\/v2\/pages\/3944\/revisions\/3948"}],"wp:attachment":[{"href":"https:\/\/2points.fr\/beta-3\/wp-json\/wp\/v2\/media?parent=3944"}],"curies":[{"name":"wp","href":"https:\/\/api.w.org\/{rel}","templated":true}]}}