{"id":3939,"date":"2021-11-23T11:00:08","date_gmt":"2021-11-23T10:00:08","guid":{"rendered":"https:\/\/2points.fr\/beta-3\/?page_id=3939"},"modified":"2021-11-23T11:01:03","modified_gmt":"2021-11-23T10:01:03","slug":"depistage-angine","status":"publish","type":"page","link":"https:\/\/2points.fr\/beta-3\/depistage-angine\/","title":{"rendered":"D\u00e9pistage angine"},"content":{"rendered":"\t\t<div data-elementor-type=\"wp-post\" data-elementor-id=\"3939\" class=\"elementor elementor-3939\" data-elementor-settings=\"[]\">\n\t\t\t\t\t\t<div class=\"elementor-inner\">\n\t\t\t\t\t\t\t<div class=\"elementor-section-wrap\">\n\t\t\t\t\t\t\t<section class=\"elementor-section elementor-top-section elementor-element elementor-element-e5dc143 elementor-section-full_width elementor-section-stretched elementor-section-height-default elementor-section-height-default\" data-id=\"e5dc143\" data-element_type=\"section\" data-settings=\"{&quot;stretch_section&quot;:&quot;section-stretched&quot;,&quot;background_background&quot;:&quot;classic&quot;}\">\n\t\t\t\t\t\t\t<div class=\"elementor-background-overlay\"><\/div>\n\t\t\t\t\t\t\t<div class=\"elementor-container elementor-column-gap-default\">\n\t\t\t\t\t\t\t<div class=\"elementor-row\">\n\t\t\t\t\t<div class=\"elementor-column elementor-col-100 elementor-top-column elementor-element elementor-element-f5bcc60\" data-id=\"f5bcc60\" data-element_type=\"column\">\n\t\t\t<div class=\"elementor-column-wrap elementor-element-populated\">\n\t\t\t\t\t\t\t<div class=\"elementor-widget-wrap\">\n\t\t\t\t\t\t<div class=\"elementor-element elementor-element-7700954 elementor-widget elementor-widget-heading\" data-id=\"7700954\" data-element_type=\"widget\" data-widget_type=\"heading.default\">\n\t\t\t\t<div class=\"elementor-widget-container\">\n\t\t\t<h2 class=\"elementor-heading-title elementor-size-default\">D\u00e9pistage angine<\/h2>\t\t<\/div>\n\t\t\t\t<\/div>\n\t\t\t\t\t\t<\/div>\n\t\t\t\t\t<\/div>\n\t\t<\/div>\n\t\t\t\t\t\t\t\t<\/div>\n\t\t\t\t\t<\/div>\n\t\t<\/section>\n\t\t\t\t<section class=\"elementor-section elementor-top-section elementor-element elementor-element-0a1cc3d elementor-section-stretched elementor-section-boxed elementor-section-height-default elementor-section-height-default\" data-id=\"0a1cc3d\" data-element_type=\"section\" data-settings=\"{&quot;stretch_section&quot;:&quot;section-stretched&quot;,&quot;background_background&quot;:&quot;classic&quot;}\">\n\t\t\t\t\t\t<div class=\"elementor-container elementor-column-gap-default\">\n\t\t\t\t\t\t\t<div class=\"elementor-row\">\n\t\t\t\t\t<div class=\"elementor-column elementor-col-100 elementor-top-column elementor-element elementor-element-0aa94f6\" data-id=\"0aa94f6\" data-element_type=\"column\">\n\t\t\t<div class=\"elementor-column-wrap elementor-element-populated\">\n\t\t\t\t\t\t\t<div class=\"elementor-widget-wrap\">\n\t\t\t\t\t\t<div class=\"elementor-element elementor-element-7d0966f elementor-widget elementor-widget-text-editor\" data-id=\"7d0966f\" data-element_type=\"widget\" data-widget_type=\"text-editor.default\">\n\t\t\t\t<div class=\"elementor-widget-container\">\n\t\t\t\t\t\t\t\t<div class=\"elementor-text-editor elementor-clearfix\">\n\t\t\t\t<p>Les m\u00e9decins g\u00e9n\u00e9ralistes du Centre b\u00e9n\u00e9ficient de Test de D\u00e9pistage Rapide de l\u2019angine.<\/p><p>Il s\u2019agit d\u2019un compl\u00e9ment indispensable de l\u2019examen clinique afin de distinguer les angines d\u2019origine virale ou bact\u00e9rienne (SGA).<\/p><p>Le TDR angine permet de r\u00e9server les antibiotiques aux angines bact\u00e9riennes et \u00e9vite ainsi de prescrire des m\u00e9dicaments inutilement. Utiliser les antibiotiques de mani\u00e8re cibl\u00e9e permet ainsi de pr\u00e9server leur efficacit\u00e9.<\/p><p>Le m\u00e9decin proc\u00e8de aux pr\u00e9l\u00e8vements de s\u00e9rosit\u00e9s avec un \u00e9couvillon au niveau des amygdales ou de l\u2019ensemble du pharynx.<\/p><p>\u00a0<\/p>\t\t\t\t\t<\/div>\n\t\t\t\t\t\t<\/div>\n\t\t\t\t<\/div>\n\t\t\t\t\t\t<\/div>\n\t\t\t\t\t<\/div>\n\t\t<\/div>\n\t\t\t\t\t\t\t\t<\/div>\n\t\t\t\t\t<\/div>\n\t\t<\/section>\n\t\t\t\t\t\t<\/div>\n\t\t\t\t\t\t<\/div>\n\t\t\t\t\t<\/div>\n\t\t","protected":false},"excerpt":{"rendered":"<p>Les m\u00e9decins g\u00e9n\u00e9ralistes du Centre b\u00e9n\u00e9ficient de Test de D\u00e9pistage Rapide de l\u2019angine. Il s\u2019agit d\u2019un compl\u00e9ment indispensable de l\u2019examen clinique afin de distinguer les angines d\u2019origine virale ou bact\u00e9rienne (SGA). Le TDR angine permet de r\u00e9server les antibiotiques aux angines bact\u00e9riennes et \u00e9vite ainsi de prescrire des m\u00e9dicaments inutilement. Utiliser les antibiotiques de mani\u00e8re [&hellip;]<\/p>\n","protected":false},"author":1,"featured_media":0,"parent":0,"menu_order":0,"comment_status":"closed","ping_status":"closed","template":"","meta":[],"_links":{"self":[{"href":"https:\/\/2points.fr\/beta-3\/wp-json\/wp\/v2\/pages\/3939"}],"collection":[{"href":"https:\/\/2points.fr\/beta-3\/wp-json\/wp\/v2\/pages"}],"about":[{"href":"https:\/\/2points.fr\/beta-3\/wp-json\/wp\/v2\/types\/page"}],"author":[{"embeddable":true,"href":"https:\/\/2points.fr\/beta-3\/wp-json\/wp\/v2\/users\/1"}],"replies":[{"embeddable":true,"href":"https:\/\/2points.fr\/beta-3\/wp-json\/wp\/v2\/comments?post=3939"}],"version-history":[{"count":4,"href":"https:\/\/2points.fr\/beta-3\/wp-json\/wp\/v2\/pages\/3939\/revisions"}],"predecessor-version":[{"id":3943,"href":"https:\/\/2points.fr\/beta-3\/wp-json\/wp\/v2\/pages\/3939\/revisions\/3943"}],"wp:attachment":[{"href":"https:\/\/2points.fr\/beta-3\/wp-json\/wp\/v2\/media?parent=3939"}],"curies":[{"name":"wp","href":"https:\/\/api.w.org\/{rel}","templated":true}]}}