{"id":3934,"date":"2021-11-23T10:58:19","date_gmt":"2021-11-23T09:58:19","guid":{"rendered":"https:\/\/2points.fr\/beta-3\/?page_id=3934"},"modified":"2021-11-23T10:59:59","modified_gmt":"2021-11-23T09:59:59","slug":"cancer-colorectal","status":"publish","type":"page","link":"https:\/\/2points.fr\/beta-3\/cancer-colorectal\/","title":{"rendered":"Cancer colorectal"},"content":{"rendered":"\t\t<div data-elementor-type=\"wp-post\" data-elementor-id=\"3934\" class=\"elementor elementor-3934\" data-elementor-settings=\"[]\">\n\t\t\t\t\t\t<div class=\"elementor-inner\">\n\t\t\t\t\t\t\t<div class=\"elementor-section-wrap\">\n\t\t\t\t\t\t\t<section class=\"elementor-section elementor-top-section elementor-element elementor-element-e5dc143 elementor-section-full_width elementor-section-stretched elementor-section-height-default elementor-section-height-default\" data-id=\"e5dc143\" data-element_type=\"section\" data-settings=\"{&quot;stretch_section&quot;:&quot;section-stretched&quot;,&quot;background_background&quot;:&quot;classic&quot;}\">\n\t\t\t\t\t\t\t<div class=\"elementor-background-overlay\"><\/div>\n\t\t\t\t\t\t\t<div class=\"elementor-container elementor-column-gap-default\">\n\t\t\t\t\t\t\t<div class=\"elementor-row\">\n\t\t\t\t\t<div class=\"elementor-column elementor-col-100 elementor-top-column elementor-element elementor-element-f5bcc60\" data-id=\"f5bcc60\" data-element_type=\"column\">\n\t\t\t<div class=\"elementor-column-wrap elementor-element-populated\">\n\t\t\t\t\t\t\t<div class=\"elementor-widget-wrap\">\n\t\t\t\t\t\t<div class=\"elementor-element elementor-element-7700954 elementor-widget elementor-widget-heading\" data-id=\"7700954\" data-element_type=\"widget\" data-widget_type=\"heading.default\">\n\t\t\t\t<div class=\"elementor-widget-container\">\n\t\t\t<h2 class=\"elementor-heading-title elementor-size-default\">Cancer colorectal<\/h2>\t\t<\/div>\n\t\t\t\t<\/div>\n\t\t\t\t\t\t<\/div>\n\t\t\t\t\t<\/div>\n\t\t<\/div>\n\t\t\t\t\t\t\t\t<\/div>\n\t\t\t\t\t<\/div>\n\t\t<\/section>\n\t\t\t\t<section class=\"elementor-section elementor-top-section elementor-element elementor-element-0a1cc3d elementor-section-stretched elementor-section-boxed elementor-section-height-default elementor-section-height-default\" data-id=\"0a1cc3d\" data-element_type=\"section\" data-settings=\"{&quot;stretch_section&quot;:&quot;section-stretched&quot;,&quot;background_background&quot;:&quot;classic&quot;}\">\n\t\t\t\t\t\t<div class=\"elementor-container elementor-column-gap-default\">\n\t\t\t\t\t\t\t<div class=\"elementor-row\">\n\t\t\t\t\t<div class=\"elementor-column elementor-col-100 elementor-top-column elementor-element elementor-element-0aa94f6\" data-id=\"0aa94f6\" data-element_type=\"column\">\n\t\t\t<div class=\"elementor-column-wrap elementor-element-populated\">\n\t\t\t\t\t\t\t<div class=\"elementor-widget-wrap\">\n\t\t\t\t\t\t<div class=\"elementor-element elementor-element-7d0966f elementor-widget elementor-widget-text-editor\" data-id=\"7d0966f\" data-element_type=\"widget\" data-widget_type=\"text-editor.default\">\n\t\t\t\t<div class=\"elementor-widget-container\">\n\t\t\t\t\t\t\t\t<div class=\"elementor-text-editor elementor-clearfix\">\n\t\t\t\t<p>Le Centre de Sant\u00e9 Haussmann participe au programme national de d\u00e9pistage organis\u00e9 du cancer colorectal.<\/p><p>Le d\u00e9pistage est un moyen efficace de lutter contre le cancer colorectal. Il permet de d\u00e9tecter un cancer \u00e0 un stade d\u00e9butant et de le traiter en augmentant les chances de gu\u00e9rison. Il permet \u00e9galement de rep\u00e9rer des l\u00e9sions b\u00e9nignes avant qu\u2019elles n\u2019\u00e9voluent en cancer.<\/p><p>Il s\u2019adresse aux femmes et aux hommes \u00e2g\u00e9s de 50 \u00e0 74 ans, invit\u00e9s tous les 2 ans \u00e0 parler du d\u00e9pistage du cancer colorectal avec leur m\u00e9decin g\u00e9n\u00e9raliste. Ce dernier v\u00e9rifie si son patient ne pr\u00e9sente pas de risque particulier n\u00e9cessitant un suivi adapt\u00e9, puis lui remet le test de d\u00e9pistage \u00e0 faire chez soi.<\/p><p>Ce test immunologique est fiable, rapide et indolore, et consiste \u00e0 rechercher la pr\u00e9sence de sang cach\u00e9 dans les selles.<\/p><p>Si le r\u00e9sultat de ce test est positif, une coloscopie vous sera alors prescrite.<\/p>\t\t\t\t\t<\/div>\n\t\t\t\t\t\t<\/div>\n\t\t\t\t<\/div>\n\t\t\t\t\t\t<\/div>\n\t\t\t\t\t<\/div>\n\t\t<\/div>\n\t\t\t\t\t\t\t\t<\/div>\n\t\t\t\t\t<\/div>\n\t\t<\/section>\n\t\t\t\t\t\t<\/div>\n\t\t\t\t\t\t<\/div>\n\t\t\t\t\t<\/div>\n\t\t","protected":false},"excerpt":{"rendered":"<p>Le Centre de Sant\u00e9 Haussmann participe au programme national de d\u00e9pistage organis\u00e9 du cancer colorectal. Le d\u00e9pistage est un moyen efficace de lutter contre le cancer colorectal. Il permet de d\u00e9tecter un cancer \u00e0 un stade d\u00e9butant et de le traiter en augmentant les chances de gu\u00e9rison. Il permet \u00e9galement de rep\u00e9rer des l\u00e9sions b\u00e9nignes [&hellip;]<\/p>\n","protected":false},"author":1,"featured_media":0,"parent":0,"menu_order":0,"comment_status":"closed","ping_status":"closed","template":"","meta":[],"_links":{"self":[{"href":"https:\/\/2points.fr\/beta-3\/wp-json\/wp\/v2\/pages\/3934"}],"collection":[{"href":"https:\/\/2points.fr\/beta-3\/wp-json\/wp\/v2\/pages"}],"about":[{"href":"https:\/\/2points.fr\/beta-3\/wp-json\/wp\/v2\/types\/page"}],"author":[{"embeddable":true,"href":"https:\/\/2points.fr\/beta-3\/wp-json\/wp\/v2\/users\/1"}],"replies":[{"embeddable":true,"href":"https:\/\/2points.fr\/beta-3\/wp-json\/wp\/v2\/comments?post=3934"}],"version-history":[{"count":4,"href":"https:\/\/2points.fr\/beta-3\/wp-json\/wp\/v2\/pages\/3934\/revisions"}],"predecessor-version":[{"id":3938,"href":"https:\/\/2points.fr\/beta-3\/wp-json\/wp\/v2\/pages\/3934\/revisions\/3938"}],"wp:attachment":[{"href":"https:\/\/2points.fr\/beta-3\/wp-json\/wp\/v2\/media?parent=3934"}],"curies":[{"name":"wp","href":"https:\/\/api.w.org\/{rel}","templated":true}]}}