{"id":3929,"date":"2021-11-23T10:53:35","date_gmt":"2021-11-23T09:53:35","guid":{"rendered":"https:\/\/2points.fr\/beta-3\/?page_id=3929"},"modified":"2022-12-19T17:18:19","modified_gmt":"2022-12-19T16:18:19","slug":"bilan-bucco-dentaire","status":"publish","type":"page","link":"https:\/\/2points.fr\/beta-3\/bilan-bucco-dentaire\/","title":{"rendered":"Examens et soins bucco-dentaires gratuits pour les jeunes (M\u2019T Dents)"},"content":{"rendered":"\t\t<div data-elementor-type=\"wp-post\" data-elementor-id=\"3929\" class=\"elementor elementor-3929\" data-elementor-settings=\"[]\">\n\t\t\t\t\t\t<div class=\"elementor-inner\">\n\t\t\t\t\t\t\t<div class=\"elementor-section-wrap\">\n\t\t\t\t\t\t\t<section class=\"elementor-section elementor-top-section elementor-element elementor-element-e5dc143 elementor-section-full_width elementor-section-stretched elementor-section-height-default elementor-section-height-default\" data-id=\"e5dc143\" data-element_type=\"section\" data-settings=\"{&quot;stretch_section&quot;:&quot;section-stretched&quot;,&quot;background_background&quot;:&quot;classic&quot;}\">\n\t\t\t\t\t\t\t<div class=\"elementor-background-overlay\"><\/div>\n\t\t\t\t\t\t\t<div class=\"elementor-container elementor-column-gap-default\">\n\t\t\t\t\t\t\t<div class=\"elementor-row\">\n\t\t\t\t\t<div class=\"elementor-column elementor-col-100 elementor-top-column elementor-element elementor-element-f5bcc60\" data-id=\"f5bcc60\" data-element_type=\"column\">\n\t\t\t<div class=\"elementor-column-wrap elementor-element-populated\">\n\t\t\t\t\t\t\t<div class=\"elementor-widget-wrap\">\n\t\t\t\t\t\t<div class=\"elementor-element elementor-element-29720e0 elementor-widget elementor-widget-heading\" data-id=\"29720e0\" data-element_type=\"widget\" data-widget_type=\"heading.default\">\n\t\t\t\t<div class=\"elementor-widget-container\">\n\t\t\t<h2 class=\"elementor-heading-title elementor-size-default\">Examens et soins bucco-dentaires gratuits pour les jeunes (M\u2019T Dents)<\/h2>\t\t<\/div>\n\t\t\t\t<\/div>\n\t\t\t\t\t\t<\/div>\n\t\t\t\t\t<\/div>\n\t\t<\/div>\n\t\t\t\t\t\t\t\t<\/div>\n\t\t\t\t\t<\/div>\n\t\t<\/section>\n\t\t\t\t<section class=\"elementor-section elementor-top-section elementor-element elementor-element-0a1cc3d elementor-section-stretched elementor-section-boxed elementor-section-height-default elementor-section-height-default\" data-id=\"0a1cc3d\" data-element_type=\"section\" data-settings=\"{&quot;stretch_section&quot;:&quot;section-stretched&quot;,&quot;background_background&quot;:&quot;classic&quot;}\">\n\t\t\t\t\t\t<div class=\"elementor-container elementor-column-gap-default\">\n\t\t\t\t\t\t\t<div class=\"elementor-row\">\n\t\t\t\t\t<div class=\"elementor-column elementor-col-100 elementor-top-column elementor-element elementor-element-0aa94f6\" data-id=\"0aa94f6\" data-element_type=\"column\">\n\t\t\t<div class=\"elementor-column-wrap elementor-element-populated\">\n\t\t\t\t\t\t\t<div class=\"elementor-widget-wrap\">\n\t\t\t\t\t\t<div class=\"elementor-element elementor-element-7d0966f elementor-widget elementor-widget-text-editor\" data-id=\"7d0966f\" data-element_type=\"widget\" data-widget_type=\"text-editor.default\">\n\t\t\t\t<div class=\"elementor-widget-container\">\n\t\t\t\t\t\t\t\t<div class=\"elementor-text-editor elementor-clearfix\">\n\t\t\t\t<p>Chaque ann\u00e9e, la S\u00e9curit\u00e9 Sociale propose \u00e0 ses assur\u00e9s de b\u00e9n\u00e9ficier d\u2019un bilan bucco-dentaire gratuits.<\/p><h3 style=\"font-family: 'Josefin Sans', 'Helvetica Neue', Helvetica, Arial, sans-serif; font-weight: 500; line-height: 1.1; color: #000000; margin-top: 20px; margin-bottom: 10px; font-size: 24px; font-style: normal;\"><img loading=\"lazy\" class=\"alignright\" style=\"border-width: 0px; border-style: initial; vertical-align: middle; margin-left: 1.5em; display: inline; margin-bottom: 0px;\" src=\"https:\/\/www.pass-santejeunes-bourgogne-franche-comte.org\/wp-content\/uploads\/2021\/02\/mtdents.png\" width=\"272\" height=\"244\" \/><\/h3><h6>Pourquoi ?<\/h6><p>Ce bilan a pour but de favoriser un suivi r\u00e9gulier chez les jeunes patients, d\u2019am\u00e9liorer leur hygi\u00e8ne bucco-dentaire ainsi que leurs habitudes alimentaires.<\/p><h2>Pour Qui?<\/h2><p>Tous les enfants et adolescents doivent se soumettre\u00a0<span style=\"font-weight: 600; text-transform: uppercase; font-size: 1.2em;\">OBLIGATOIREMENT<\/span>\u00a0\u00e0 un examen de pr\u00e9vention bucco-dentaire gratuit \u00e0 l\u2019\u00e2ge de 3, 6, 9, 12 et 15 ans.<\/p><p>Les jeunes adultes b\u00e9n\u00e9ficient d\u2019un examen de pr\u00e9vention bucco-dentaire gratuit \u00e0 l\u2019\u00e2ge de 18, 21 et 24 ans.<\/p><p>Ces examens sont ouverts \u00e0 tous les enfants et adolescents rattach\u00e9s \u00e0 l\u2019Assurance maladie.<\/p><p>Certaines Caisse de S\u00e9curit\u00e9 Sociale ont \u00e9tendu ces programmes de pr\u00e9vention bucco dentaire \u00e0 d\u2019autres publics (s\u00e9niors,\u00a0<a href=\"https:\/\/www.ameli.fr\/chirurgien-dentiste\/exercice-liberal\/prescription-prise-charge\/prise-charge-situation-type-soin\/soin-ebd-femmes-enceintes\" style=\"background-color: transparent; color: #337ab7;\">femmes enceintes<\/a>).<\/p><h2>Comment b\u00e9n\u00e9ficier d&#8217;un examen de pr\u00e9vention gratuit?<\/h2><p>1 mois avant la date anniversaire de votre enfant vous recevrez a votre domicile\u00a0<a href=\"https:\/\/www.ameli.fr\/sites\/default\/files\/formulaires\/184\/formulaire_de_prise_en_charge_jeune_eligibles_au_programme_mt_dents.pdf\" style=\"background-color: transparent; color: #337ab7;\">un formulaire M\u2019T Dents<\/a>.<\/p><p>Muni de ce formulaire vous pouvez prendre rendes vous avec un de nos Chirurgiens- Dentistes.<\/p><p>Attention, ce formulaire est\u00a0<span style=\"text-decoration-line: underline;\">valable 1 an<\/span>.<\/p><h2>Comment se d\u00e9roule la consultation?<\/h2><p>Tout d\u2019abord n\u2019oubliez pas de pr\u00e9senter le formulaire a l\u2019accueil en arrivant.<\/p><p>Le chirurgien-dentiste identifie les soins et les dents n\u00e9cessaires \u00e0 traiter.<\/p><p>Ces soins pour \u00eatre pris a 100% par l\u2019Assurance Maladie doivent obligatoirement d\u00e9buter dans les 3 mois suivant l\u2019examen et se terminer dans les 6 mois.<\/p><p>Au del\u00e0 des 6 mois, les soins seront rembours\u00e9s au tarif habituel.<\/p><p>Pour en savoir plus, n\u2019h\u00e9sitez pas \u00e0 consulter l\u2019<a href=\"https:\/\/www.ameli.fr\/chirurgien-dentiste\/exercice-liberal\/services-patients\/dents#:~:text=Le%20programme%20national%20de%20pr%C3%A9vention%20bucco-dentaire%20%C2%AB%20M%27T,3%20ans.%20Il%20r%C3%A9pond%20%C3%A0%20deux%20objectifs%20%3A\" style=\"background-color: transparent; color: #337ab7;\">article sur le site de l\u2019Assurance Maladie<\/a>.<\/p><p>\u00a0<\/p><div style=\"width: 1280px;\" class=\"wp-video\"><!--[if lt IE 9]><script>document.createElement('video');<\/script><![endif]-->\n<video class=\"wp-video-shortcode\" id=\"video-3929-1\" width=\"1280\" height=\"720\" preload=\"metadata\" controls=\"controls\"><source type=\"video\/mp4\" src=\"https:\/\/2points.fr\/beta-3\/wp-content\/uploads\/2022\/12\/mt-dents-faites-32-heureuses-avec-les-rende.mp4?_=1\" \/><a href=\"https:\/\/2points.fr\/beta-3\/wp-content\/uploads\/2022\/12\/mt-dents-faites-32-heureuses-avec-les-rende.mp4\">https:\/\/2points.fr\/beta-3\/wp-content\/uploads\/2022\/12\/mt-dents-faites-32-heureuses-avec-les-rende.mp4<\/a><\/video><\/div><p style=\"margin-bottom: 0px; color: #000000; font-family: 'Josefin Sans', 'Helvetica Neue', Helvetica, Arial, sans-serif; font-size: 14px; font-style: normal; font-weight: 400;\">\u00a0<\/p>\t\t\t\t\t<\/div>\n\t\t\t\t\t\t<\/div>\n\t\t\t\t<\/div>\n\t\t\t\t\t\t<\/div>\n\t\t\t\t\t<\/div>\n\t\t<\/div>\n\t\t\t\t\t\t\t\t<\/div>\n\t\t\t\t\t<\/div>\n\t\t<\/section>\n\t\t\t\t<section class=\"elementor-section elementor-top-section elementor-element elementor-element-99b6ea2 elementor-section-boxed elementor-section-height-default elementor-section-height-default\" data-id=\"99b6ea2\" data-element_type=\"section\">\n\t\t\t\t\t\t<div class=\"elementor-container elementor-column-gap-default\">\n\t\t\t\t\t\t\t<div class=\"elementor-row\">\n\t\t\t\t\t<div class=\"elementor-column elementor-col-100 elementor-top-column elementor-element elementor-element-fea7a17\" data-id=\"fea7a17\" data-element_type=\"column\">\n\t\t\t<div class=\"elementor-column-wrap\">\n\t\t\t\t\t\t\t<div class=\"elementor-widget-wrap\">\n\t\t\t\t\t\t\t\t<\/div>\n\t\t\t\t\t<\/div>\n\t\t<\/div>\n\t\t\t\t\t\t\t\t<\/div>\n\t\t\t\t\t<\/div>\n\t\t<\/section>\n\t\t\t\t<section class=\"elementor-section elementor-top-section elementor-element elementor-element-537173d elementor-section-stretched elementor-section-full_width elementor-section-height-default elementor-section-height-default\" data-id=\"537173d\" data-element_type=\"section\" data-settings=\"{&quot;stretch_section&quot;:&quot;section-stretched&quot;,&quot;background_background&quot;:&quot;classic&quot;}\">\n\t\t\t\t\t\t<div class=\"elementor-container elementor-column-gap-no\">\n\t\t\t\t\t\t\t<div class=\"elementor-row\">\n\t\t\t\t\t<div class=\"elementor-column elementor-col-100 elementor-top-column elementor-element elementor-element-7a73ac0\" data-id=\"7a73ac0\" data-element_type=\"column\">\n\t\t\t<div class=\"elementor-column-wrap elementor-element-populated\">\n\t\t\t\t\t\t\t<div class=\"elementor-widget-wrap\">\n\t\t\t\t\t\t<div class=\"elementor-element elementor-element-816f075 elementor-widget elementor-widget-html\" data-id=\"816f075\" data-element_type=\"widget\" data-widget_type=\"html.default\">\n\t\t\t\t<div class=\"elementor-widget-container\">\n\t\t\t<p align=center><iframe style=\"height: 304px; min-height: 304px; width: 100%;\" src=\"https:\/\/partners.doctolib.fr\/centre-de-sante\/paris-9e-arrondissement\/centre-de-sante-haussmann?vmid=550074&speciality_id=1&locale=fr\" style=\"height:472px; min-height: 472px; width: 80%\"><\/iframe><script src=\"https:\/\/www.doctolib.fr:443\/js\/iframeResizer.js\" nonce=\"\"><\/script><script nonce=\"\">iFrameResize()<\/script>\t\t<\/div>\n\t\t\t\t<\/div>\n\t\t\t\t\t\t<\/div>\n\t\t\t\t\t<\/div>\n\t\t<\/div>\n\t\t\t\t\t\t\t\t<\/div>\n\t\t\t\t\t<\/div>\n\t\t<\/section>\n\t\t\t\t\t\t<\/div>\n\t\t\t\t\t\t<\/div>\n\t\t\t\t\t<\/div>\n\t\t","protected":false},"excerpt":{"rendered":"<p>Chaque ann\u00e9e, la S\u00e9curit\u00e9 Sociale propose \u00e0 ses assur\u00e9s de b\u00e9n\u00e9ficier d\u2019un bilan bucco-dentaire gratuits. Pourquoi ? Ce bilan a pour but de favoriser un suivi r\u00e9gulier chez les jeunes patients, d\u2019am\u00e9liorer leur hygi\u00e8ne bucco-dentaire ainsi que leurs habitudes alimentaires. Pour Qui? Tous les enfants et adolescents doivent se soumettre\u00a0OBLIGATOIREMENT\u00a0\u00e0 un examen de pr\u00e9vention bucco-dentaire [&hellip;]<\/p>\n","protected":false},"author":1,"featured_media":0,"parent":0,"menu_order":0,"comment_status":"closed","ping_status":"closed","template":"","meta":[],"_links":{"self":[{"href":"https:\/\/2points.fr\/beta-3\/wp-json\/wp\/v2\/pages\/3929"}],"collection":[{"href":"https:\/\/2points.fr\/beta-3\/wp-json\/wp\/v2\/pages"}],"about":[{"href":"https:\/\/2points.fr\/beta-3\/wp-json\/wp\/v2\/types\/page"}],"author":[{"embeddable":true,"href":"https:\/\/2points.fr\/beta-3\/wp-json\/wp\/v2\/users\/1"}],"replies":[{"embeddable":true,"href":"https:\/\/2points.fr\/beta-3\/wp-json\/wp\/v2\/comments?post=3929"}],"version-history":[{"count":68,"href":"https:\/\/2points.fr\/beta-3\/wp-json\/wp\/v2\/pages\/3929\/revisions"}],"predecessor-version":[{"id":5223,"href":"https:\/\/2points.fr\/beta-3\/wp-json\/wp\/v2\/pages\/3929\/revisions\/5223"}],"wp:attachment":[{"href":"https:\/\/2points.fr\/beta-3\/wp-json\/wp\/v2\/media?parent=3929"}],"curies":[{"name":"wp","href":"https:\/\/api.w.org\/{rel}","templated":true}]}}