{"id":3924,"date":"2021-11-23T10:48:43","date_gmt":"2021-11-23T09:48:43","guid":{"rendered":"https:\/\/2points.fr\/beta-3\/?page_id=3924"},"modified":"2021-12-09T13:13:33","modified_gmt":"2021-12-09T12:13:33","slug":"mammographie-adeca","status":"publish","type":"page","link":"https:\/\/2points.fr\/beta-3\/mammographie-adeca\/","title":{"rendered":"Mammographie ADECA"},"content":{"rendered":"\t\t<div data-elementor-type=\"wp-post\" data-elementor-id=\"3924\" class=\"elementor elementor-3924\" data-elementor-settings=\"[]\">\n\t\t\t\t\t\t<div class=\"elementor-inner\">\n\t\t\t\t\t\t\t<div class=\"elementor-section-wrap\">\n\t\t\t\t\t\t\t<section class=\"elementor-section elementor-top-section elementor-element elementor-element-e5dc143 elementor-section-full_width elementor-section-stretched elementor-section-height-default elementor-section-height-default\" data-id=\"e5dc143\" data-element_type=\"section\" data-settings=\"{&quot;stretch_section&quot;:&quot;section-stretched&quot;,&quot;background_background&quot;:&quot;classic&quot;}\">\n\t\t\t\t\t\t\t<div class=\"elementor-background-overlay\"><\/div>\n\t\t\t\t\t\t\t<div class=\"elementor-container elementor-column-gap-default\">\n\t\t\t\t\t\t\t<div class=\"elementor-row\">\n\t\t\t\t\t<div class=\"elementor-column elementor-col-100 elementor-top-column elementor-element elementor-element-f5bcc60\" data-id=\"f5bcc60\" data-element_type=\"column\">\n\t\t\t<div class=\"elementor-column-wrap elementor-element-populated\">\n\t\t\t\t\t\t\t<div class=\"elementor-widget-wrap\">\n\t\t\t\t\t\t<div class=\"elementor-element elementor-element-7700954 elementor-widget elementor-widget-heading\" data-id=\"7700954\" data-element_type=\"widget\" data-widget_type=\"heading.default\">\n\t\t\t\t<div class=\"elementor-widget-container\">\n\t\t\t<h2 class=\"elementor-heading-title elementor-size-default\">Mammographie ADECA<\/h2>\t\t<\/div>\n\t\t\t\t<\/div>\n\t\t\t\t\t\t<\/div>\n\t\t\t\t\t<\/div>\n\t\t<\/div>\n\t\t\t\t\t\t\t\t<\/div>\n\t\t\t\t\t<\/div>\n\t\t<\/section>\n\t\t\t\t<section class=\"elementor-section elementor-top-section elementor-element elementor-element-0a1cc3d elementor-section-stretched elementor-section-boxed elementor-section-height-default elementor-section-height-default\" data-id=\"0a1cc3d\" data-element_type=\"section\" data-settings=\"{&quot;stretch_section&quot;:&quot;section-stretched&quot;,&quot;background_background&quot;:&quot;classic&quot;}\">\n\t\t\t\t\t\t<div class=\"elementor-container elementor-column-gap-default\">\n\t\t\t\t\t\t\t<div class=\"elementor-row\">\n\t\t\t\t\t<div class=\"elementor-column elementor-col-100 elementor-top-column elementor-element elementor-element-0aa94f6\" data-id=\"0aa94f6\" data-element_type=\"column\">\n\t\t\t<div class=\"elementor-column-wrap elementor-element-populated\">\n\t\t\t\t\t\t\t<div class=\"elementor-widget-wrap\">\n\t\t\t\t\t\t<div class=\"elementor-element elementor-element-7d0966f elementor-widget elementor-widget-text-editor\" data-id=\"7d0966f\" data-element_type=\"widget\" data-widget_type=\"text-editor.default\">\n\t\t\t\t<div class=\"elementor-widget-container\">\n\t\t\t\t\t\t\t\t<div class=\"elementor-text-editor elementor-clearfix\">\n\t\t\t\t<p>Le Centre de Sant\u00e9 Haussmann est agr\u00e9\u00e9 par l\u2019ADECA75 dans le cadre du d\u00e9pistage organis\u00e9 du cancer du sein et vous re\u00e7oit afin de passer votre mammographie.<\/p><p>V\u00e9ritable enjeu de sant\u00e9 publique, le programme de d\u00e9pistage organis\u00e9 du cancer du sein a \u00e9t\u00e9 g\u00e9n\u00e9ralis\u00e9 afin de proposer une mammographie tous les 2 ans \u00e0 toutes les parisiennes de 50 \u00e0 74 ans (dites \u00e0 risque \u00ab moyen \u00bb)<\/p><p>La mammographie est l\u2019examen de r\u00e9f\u00e9rence permettant, gr\u00e2ce \u00e0 de faibles doses de rayons X, l\u2019obtention de clich\u00e9s rendant possible la d\u00e9tection de certaines anomalies de la glande mammaire.<br \/>Toute mammographie jug\u00e9e normale en 1\u00e8re lecture est syst\u00e9matiquement renvoy\u00e9e \u00e0 l\u2019ADECA o\u00f9 elle sera relue par un second radiologue.<\/p><p>Le mat\u00e9riel utilis\u00e9, r\u00e9pondant \u00e0 des normes strictes, est contr\u00f4l\u00e9 tous les 6 mois par un organisme ind\u00e9pendant.<br \/>Les radiologues agr\u00e9\u00e9s dans le programme de d\u00e9pistage, ainsi que les manipulateurs en radiologie, ont b\u00e9n\u00e9fici\u00e9 d\u2019une formation sp\u00e9cifique.<\/p><p>Cet examen est totalement pris en charge par votre caisse d\u2019assurance maladie sans avance de frais.<\/p>\t\t\t\t\t<\/div>\n\t\t\t\t\t\t<\/div>\n\t\t\t\t<\/div>\n\t\t\t\t\t\t<\/div>\n\t\t\t\t\t<\/div>\n\t\t<\/div>\n\t\t\t\t\t\t\t\t<\/div>\n\t\t\t\t\t<\/div>\n\t\t<\/section>\n\t\t\t\t<section class=\"elementor-section elementor-top-section elementor-element elementor-element-e0f1b61 elementor-section-stretched elementor-section-full_width elementor-section-height-default elementor-section-height-default\" data-id=\"e0f1b61\" data-element_type=\"section\" data-settings=\"{&quot;stretch_section&quot;:&quot;section-stretched&quot;,&quot;background_background&quot;:&quot;classic&quot;}\">\n\t\t\t\t\t\t<div class=\"elementor-container elementor-column-gap-no\">\n\t\t\t\t\t\t\t<div class=\"elementor-row\">\n\t\t\t\t\t<div class=\"elementor-column elementor-col-100 elementor-top-column elementor-element elementor-element-ca81c44\" data-id=\"ca81c44\" data-element_type=\"column\">\n\t\t\t<div class=\"elementor-column-wrap elementor-element-populated\">\n\t\t\t\t\t\t\t<div class=\"elementor-widget-wrap\">\n\t\t\t\t\t\t<div class=\"elementor-element elementor-element-35f6a43 elementor-widget elementor-widget-html\" data-id=\"35f6a43\" data-element_type=\"widget\" data-widget_type=\"html.default\">\n\t\t\t\t<div class=\"elementor-widget-container\">\n\t\t\t<p align=center><iframe loading=\"lazy\" style=\"height: 304px; min-height: 304px; width: 100%;\" src=\"https:\/\/partners.doctolib.fr\/centre-de-sante\/paris-9e-arrondissement\/centre-de-sante-haussmann?vmid=143311&practitioner_id=any&locale=fr\" width=\"300\" height=\"150\" scrolling=\"no\"><\/iframe><script src=\"https:\/\/www.doctolib.fr\/js\/iframeResizer.js\"><\/script><script>iFrameResize()<\/script>\t\t<\/div>\n\t\t\t\t<\/div>\n\t\t\t\t\t\t<\/div>\n\t\t\t\t\t<\/div>\n\t\t<\/div>\n\t\t\t\t\t\t\t\t<\/div>\n\t\t\t\t\t<\/div>\n\t\t<\/section>\n\t\t\t\t\t\t<\/div>\n\t\t\t\t\t\t<\/div>\n\t\t\t\t\t<\/div>\n\t\t","protected":false},"excerpt":{"rendered":"<p>Le Centre de Sant\u00e9 Haussmann est agr\u00e9\u00e9 par l\u2019ADECA75 dans le cadre du d\u00e9pistage organis\u00e9 du cancer du sein et vous re\u00e7oit afin de passer votre mammographie. V\u00e9ritable enjeu de sant\u00e9 publique, le programme de d\u00e9pistage organis\u00e9 du cancer du sein a \u00e9t\u00e9 g\u00e9n\u00e9ralis\u00e9 afin de proposer une mammographie tous les 2 ans \u00e0 toutes [&hellip;]<\/p>\n","protected":false},"author":1,"featured_media":0,"parent":0,"menu_order":0,"comment_status":"closed","ping_status":"closed","template":"","meta":[],"_links":{"self":[{"href":"https:\/\/2points.fr\/beta-3\/wp-json\/wp\/v2\/pages\/3924"}],"collection":[{"href":"https:\/\/2points.fr\/beta-3\/wp-json\/wp\/v2\/pages"}],"about":[{"href":"https:\/\/2points.fr\/beta-3\/wp-json\/wp\/v2\/types\/page"}],"author":[{"embeddable":true,"href":"https:\/\/2points.fr\/beta-3\/wp-json\/wp\/v2\/users\/1"}],"replies":[{"embeddable":true,"href":"https:\/\/2points.fr\/beta-3\/wp-json\/wp\/v2\/comments?post=3924"}],"version-history":[{"count":7,"href":"https:\/\/2points.fr\/beta-3\/wp-json\/wp\/v2\/pages\/3924\/revisions"}],"predecessor-version":[{"id":4175,"href":"https:\/\/2points.fr\/beta-3\/wp-json\/wp\/v2\/pages\/3924\/revisions\/4175"}],"wp:attachment":[{"href":"https:\/\/2points.fr\/beta-3\/wp-json\/wp\/v2\/media?parent=3924"}],"curies":[{"name":"wp","href":"https:\/\/api.w.org\/{rel}","templated":true}]}}