{"id":3909,"date":"2021-11-22T18:15:47","date_gmt":"2021-11-22T17:15:47","guid":{"rendered":"https:\/\/2points.fr\/beta-3\/?page_id=3909"},"modified":"2021-12-10T16:24:14","modified_gmt":"2021-12-10T15:24:14","slug":"osteopathie","status":"publish","type":"page","link":"https:\/\/2points.fr\/beta-3\/osteopathie\/","title":{"rendered":"Ost\u00e9opathie"},"content":{"rendered":"\t\t<div data-elementor-type=\"wp-post\" data-elementor-id=\"3909\" class=\"elementor elementor-3909\" data-elementor-settings=\"[]\">\n\t\t\t\t\t\t<div class=\"elementor-inner\">\n\t\t\t\t\t\t\t<div class=\"elementor-section-wrap\">\n\t\t\t\t\t\t\t<section class=\"elementor-section elementor-top-section elementor-element elementor-element-e5dc143 elementor-section-full_width elementor-section-stretched elementor-section-height-default elementor-section-height-default\" data-id=\"e5dc143\" data-element_type=\"section\" data-settings=\"{&quot;stretch_section&quot;:&quot;section-stretched&quot;,&quot;background_background&quot;:&quot;classic&quot;}\">\n\t\t\t\t\t\t\t<div class=\"elementor-background-overlay\"><\/div>\n\t\t\t\t\t\t\t<div class=\"elementor-container elementor-column-gap-default\">\n\t\t\t\t\t\t\t<div class=\"elementor-row\">\n\t\t\t\t\t<div class=\"elementor-column elementor-col-100 elementor-top-column elementor-element elementor-element-f5bcc60\" data-id=\"f5bcc60\" data-element_type=\"column\">\n\t\t\t<div class=\"elementor-column-wrap elementor-element-populated\">\n\t\t\t\t\t\t\t<div class=\"elementor-widget-wrap\">\n\t\t\t\t\t\t<div class=\"elementor-element elementor-element-7700954 elementor-widget elementor-widget-heading\" data-id=\"7700954\" data-element_type=\"widget\" data-widget_type=\"heading.default\">\n\t\t\t\t<div class=\"elementor-widget-container\">\n\t\t\t<h2 class=\"elementor-heading-title elementor-size-default\">Ost\u00e9opathie<\/h2>\t\t<\/div>\n\t\t\t\t<\/div>\n\t\t\t\t\t\t<\/div>\n\t\t\t\t\t<\/div>\n\t\t<\/div>\n\t\t\t\t\t\t\t\t<\/div>\n\t\t\t\t\t<\/div>\n\t\t<\/section>\n\t\t\t\t<section class=\"elementor-section elementor-top-section elementor-element elementor-element-0a1cc3d elementor-section-stretched elementor-section-boxed elementor-section-height-default elementor-section-height-default\" data-id=\"0a1cc3d\" data-element_type=\"section\" data-settings=\"{&quot;stretch_section&quot;:&quot;section-stretched&quot;,&quot;background_background&quot;:&quot;classic&quot;}\">\n\t\t\t\t\t\t<div class=\"elementor-container elementor-column-gap-default\">\n\t\t\t\t\t\t\t<div class=\"elementor-row\">\n\t\t\t\t\t<div class=\"elementor-column elementor-col-100 elementor-top-column elementor-element elementor-element-0aa94f6\" data-id=\"0aa94f6\" data-element_type=\"column\">\n\t\t\t<div class=\"elementor-column-wrap elementor-element-populated\">\n\t\t\t\t\t\t\t<div class=\"elementor-widget-wrap\">\n\t\t\t\t\t\t<div class=\"elementor-element elementor-element-7d0966f elementor-widget elementor-widget-text-editor\" data-id=\"7d0966f\" data-element_type=\"widget\" data-widget_type=\"text-editor.default\">\n\t\t\t\t<div class=\"elementor-widget-container\">\n\t\t\t\t\t\t\t\t<div class=\"elementor-text-editor elementor-clearfix\">\n\t\t\t\t<p>L\u2019ost\u00e9opathie s\u2019adresse \u00e0 tous les patients: Adultes, seniors, sportifs, femmes enceintes, personnes en situation de handicap, nourrissons et enfants.<\/p><p>L\u2019ost\u00e9opathie est une m\u00e9decine manuelle douce qui prend en charge le patient dans sa globalit\u00e9 et qui permet de redonner de la mobilit\u00e9 aux diff\u00e9rents tissus du corps humain. Elle se fonde sur le principe selon lequel toute perte de mobilit\u00e9 des tissus les uns par rapport aux autres a une r\u00e9percussion au niveau des muscles, des tendons, des organes et du cr\u00e2ne, ce qui peut \u00eatre \u00e0 l\u2019origine de douleurs et dysfonctionnements..<\/p><h6><em><u>POURQUOI CONSULTER\u00a0?<\/u><\/em><\/h6><p>Vous pouvez consulter notre ost\u00e9opathe D.O. pour l\u2019ensemble de vos douleurs mais \u00e9galement pour d\u2019autres motifs de consultation plus pr\u00e9cis comme :<\/p><ul><li>Pour les nourrissons : r\u00e9gurgitations, t\u00eate plate (plagioc\u00e9phalie), tourne la t\u00eate que d\u2019un cot\u00e9, coliques, troubles du sommeil.<\/li><li>Pour les femmes enceintes : douleurs du bassin, sciatalgie, douleurs digestives, constipations, reflux gastriques, prise en charge post accouchement.<\/li><li>Pour les enfants : chutes fr\u00e9quentes, douleurs digestives, asthme, troubles du sommeil, scoliose.<\/li><li>Pour les femmes : r\u00e8gles douloureuses, infertilit\u00e9.<\/li><li>Pour tous : probl\u00e8mes d\u2019occlusion de la m\u00e2choire, douleur \u00e0 la m\u00e2choire, maux de t\u00eate, migraines, probl\u00e8mes digestifs (ballonnements, reflux, constipation), probl\u00e8me de sommeil et de stress.<\/li><\/ul><h6><i><u>DEROULEMENT DE LA SEANCE<\/u><\/i><\/h6><p><i>Une consultation dure 30 minutes.<span>\u00a0<\/span><\/i><i>Tarif: 50\u20ac (pouvant \u00eatre pris en charge par la mutuelle en fonction du contrat souscrit)<\/i><\/p><p><i>Chaque patient \u00e9tant unique, la consultation sera toujours diff\u00e9rente pour un m\u00eame motif de consultation et les techniques seront adapt\u00e9es aux patients. La s\u00e9ance se d\u00e9coupera en :<\/i><\/p><ul><li><i>INTERROGATOIRE<\/i><br \/><i>Pour cibler le motif de consultation du patient et connaitre tous ses ant\u00e9c\u00e9dents afin d\u2019affiner le diagnostic et avoir une prise en charge globale.<\/i><\/li><li><i>BILAN OST\u00c9OPATHIQUE<\/i><br \/><i>Pour \u00e9valuer et analyser le corps afin de mettre en \u00e9vidence les diff\u00e9rentes pertes de mobilit\u00e9 pouvant \u00eatre responsables des douleurs.<\/i><\/li><li><i>TRAITEMENT<\/i><br \/><i>Pour restaurer la mobilit\u00e9 afin de stimuler le m\u00e9canisme de l\u2019autor\u00e9gulation et de permettre \u00e0 l\u2019organisme de retrouver son \u00e9quilibre et sa sant\u00e9, en utilisant des techniques adapt\u00e9es \u00e0 chacun.<\/i><\/li><\/ul><p>Niti Pal, Ost\u00e9opathe D.O. vous accueille au Centre de sant\u00e9 Haussmann, le Lundi et le Mercredi.<\/p><p>Passionn\u00e9e par l\u2019ost\u00e9opathie depuis toujours et dipl\u00f4m\u00e9e depuis plus de 5 ans, Niti Pal a effectu\u00e9 une formation compl\u00e8te et globale sur cinq ann\u00e9es en continu, au sein de l\u2019\u00c9cole d\u2019Ost\u00e9opathie de Paris, de ce fait, son champ de comp\u00e9tence est large.<\/p><p>Elle pratique aussi bien l\u2019ost\u00e9opathie dite douce que celle utilisant des techniques structurelles, ceci en s\u2019adaptant pour le mieux aux patients. Elle pratique \u00e9galement l\u2019ost\u00e9opathie cr\u00e2nienne (migraines, maux de t\u00eate, douleur \u00e0 la m\u00e2choire) et l\u2019ost\u00e9opathie visc\u00e9rale (douleurs digestives, reflux gastriques, constipation).<\/p><p>Niti Pal s\u2019est \u00e9galement sp\u00e9cialis\u00e9e\u00a0dans les troubles de la m\u00e2choire\u00a0(articulation temporo mandibulaire ATM) ainsi que dans la prise en charge des b\u00e9b\u00e9s et des femmes enceintes.<\/p>\t\t\t\t\t<\/div>\n\t\t\t\t\t\t<\/div>\n\t\t\t\t<\/div>\n\t\t\t\t\t\t<\/div>\n\t\t\t\t\t<\/div>\n\t\t<\/div>\n\t\t\t\t\t\t\t\t<\/div>\n\t\t\t\t\t<\/div>\n\t\t<\/section>\n\t\t\t\t<section class=\"elementor-section elementor-top-section elementor-element elementor-element-537173d elementor-section-stretched elementor-section-full_width elementor-section-height-default elementor-section-height-default\" data-id=\"537173d\" data-element_type=\"section\" data-settings=\"{&quot;stretch_section&quot;:&quot;section-stretched&quot;,&quot;background_background&quot;:&quot;classic&quot;}\">\n\t\t\t\t\t\t<div class=\"elementor-container elementor-column-gap-no\">\n\t\t\t\t\t\t\t<div class=\"elementor-row\">\n\t\t\t\t\t<div class=\"elementor-column elementor-col-100 elementor-top-column elementor-element elementor-element-7a73ac0\" data-id=\"7a73ac0\" data-element_type=\"column\">\n\t\t\t<div class=\"elementor-column-wrap elementor-element-populated\">\n\t\t\t\t\t\t\t<div class=\"elementor-widget-wrap\">\n\t\t\t\t\t\t<div class=\"elementor-element elementor-element-816f075 elementor-widget elementor-widget-html\" data-id=\"816f075\" data-element_type=\"widget\" data-widget_type=\"html.default\">\n\t\t\t\t<div class=\"elementor-widget-container\">\n\t\t\t<p align=center><iframe style=\"height: 304px; min-height: 304px; width: 100%;\" src=\"https:\/\/partners.doctolib.fr\/centre-de-sante\/paris-9e-arrondissement\/centre-de-sante-haussmann?vmid=1488622&practitioner_id=any&speciality_id=10&locale=fr\" scrolling=\"no\"><\/iframe><script src=\"https:\/\/www.doctolib.fr:443\/js\/iframeResizer.js\" type=\"text\/javascript\"><\/script><script>iFrameResize()<\/script>\t\t<\/div>\n\t\t\t\t<\/div>\n\t\t\t\t\t\t<\/div>\n\t\t\t\t\t<\/div>\n\t\t<\/div>\n\t\t\t\t\t\t\t\t<\/div>\n\t\t\t\t\t<\/div>\n\t\t<\/section>\n\t\t\t\t\t\t<\/div>\n\t\t\t\t\t\t<\/div>\n\t\t\t\t\t<\/div>\n\t\t","protected":false},"excerpt":{"rendered":"<p>L\u2019ost\u00e9opathie s\u2019adresse \u00e0 tous les patients: Adultes, seniors, sportifs, femmes enceintes, personnes en situation de handicap, nourrissons et enfants. L\u2019ost\u00e9opathie est une m\u00e9decine manuelle douce qui prend en charge le patient dans sa globalit\u00e9 et qui permet de redonner de la mobilit\u00e9 aux diff\u00e9rents tissus du corps humain. Elle se fonde sur le principe selon [&hellip;]<\/p>\n","protected":false},"author":1,"featured_media":0,"parent":0,"menu_order":0,"comment_status":"closed","ping_status":"closed","template":"","meta":[],"_links":{"self":[{"href":"https:\/\/2points.fr\/beta-3\/wp-json\/wp\/v2\/pages\/3909"}],"collection":[{"href":"https:\/\/2points.fr\/beta-3\/wp-json\/wp\/v2\/pages"}],"about":[{"href":"https:\/\/2points.fr\/beta-3\/wp-json\/wp\/v2\/types\/page"}],"author":[{"embeddable":true,"href":"https:\/\/2points.fr\/beta-3\/wp-json\/wp\/v2\/users\/1"}],"replies":[{"embeddable":true,"href":"https:\/\/2points.fr\/beta-3\/wp-json\/wp\/v2\/comments?post=3909"}],"version-history":[{"count":13,"href":"https:\/\/2points.fr\/beta-3\/wp-json\/wp\/v2\/pages\/3909\/revisions"}],"predecessor-version":[{"id":4784,"href":"https:\/\/2points.fr\/beta-3\/wp-json\/wp\/v2\/pages\/3909\/revisions\/4784"}],"wp:attachment":[{"href":"https:\/\/2points.fr\/beta-3\/wp-json\/wp\/v2\/media?parent=3909"}],"curies":[{"name":"wp","href":"https:\/\/api.w.org\/{rel}","templated":true}]}}