{"id":3874,"date":"2021-11-22T16:47:45","date_gmt":"2021-11-22T15:47:45","guid":{"rendered":"https:\/\/2points.fr\/beta-3\/?page_id=3874"},"modified":"2021-12-10T15:23:37","modified_gmt":"2021-12-10T14:23:37","slug":"osteodensitometrie","status":"publish","type":"page","link":"https:\/\/2points.fr\/beta-3\/osteodensitometrie\/","title":{"rendered":"Ost\u00e9odensitom\u00e9trie"},"content":{"rendered":"\t\t<div data-elementor-type=\"wp-post\" data-elementor-id=\"3874\" class=\"elementor elementor-3874\" data-elementor-settings=\"[]\">\n\t\t\t\t\t\t<div class=\"elementor-inner\">\n\t\t\t\t\t\t\t<div class=\"elementor-section-wrap\">\n\t\t\t\t\t\t\t<section class=\"elementor-section elementor-top-section elementor-element elementor-element-e5dc143 elementor-section-full_width elementor-section-stretched elementor-section-height-default elementor-section-height-default\" data-id=\"e5dc143\" data-element_type=\"section\" data-settings=\"{&quot;stretch_section&quot;:&quot;section-stretched&quot;,&quot;background_background&quot;:&quot;classic&quot;}\">\n\t\t\t\t\t\t\t<div class=\"elementor-background-overlay\"><\/div>\n\t\t\t\t\t\t\t<div class=\"elementor-container elementor-column-gap-default\">\n\t\t\t\t\t\t\t<div class=\"elementor-row\">\n\t\t\t\t\t<div class=\"elementor-column elementor-col-100 elementor-top-column elementor-element elementor-element-f5bcc60\" data-id=\"f5bcc60\" data-element_type=\"column\">\n\t\t\t<div class=\"elementor-column-wrap elementor-element-populated\">\n\t\t\t\t\t\t\t<div class=\"elementor-widget-wrap\">\n\t\t\t\t\t\t<div class=\"elementor-element elementor-element-7700954 elementor-widget elementor-widget-heading\" data-id=\"7700954\" data-element_type=\"widget\" data-widget_type=\"heading.default\">\n\t\t\t\t<div class=\"elementor-widget-container\">\n\t\t\t<h2 class=\"elementor-heading-title elementor-size-default\">Ost\u00e9odensitom\u00e9trie<\/h2>\t\t<\/div>\n\t\t\t\t<\/div>\n\t\t\t\t\t\t<\/div>\n\t\t\t\t\t<\/div>\n\t\t<\/div>\n\t\t\t\t\t\t\t\t<\/div>\n\t\t\t\t\t<\/div>\n\t\t<\/section>\n\t\t\t\t<section class=\"elementor-section elementor-top-section elementor-element elementor-element-0a1cc3d elementor-section-stretched elementor-section-boxed elementor-section-height-default elementor-section-height-default\" data-id=\"0a1cc3d\" data-element_type=\"section\" data-settings=\"{&quot;stretch_section&quot;:&quot;section-stretched&quot;,&quot;background_background&quot;:&quot;classic&quot;}\">\n\t\t\t\t\t\t<div class=\"elementor-container elementor-column-gap-default\">\n\t\t\t\t\t\t\t<div class=\"elementor-row\">\n\t\t\t\t\t<div class=\"elementor-column elementor-col-100 elementor-top-column elementor-element elementor-element-0aa94f6\" data-id=\"0aa94f6\" data-element_type=\"column\">\n\t\t\t<div class=\"elementor-column-wrap elementor-element-populated\">\n\t\t\t\t\t\t\t<div class=\"elementor-widget-wrap\">\n\t\t\t\t\t\t<div class=\"elementor-element elementor-element-7d0966f elementor-widget elementor-widget-text-editor\" data-id=\"7d0966f\" data-element_type=\"widget\" data-widget_type=\"text-editor.default\">\n\t\t\t\t<div class=\"elementor-widget-container\">\n\t\t\t\t\t\t\t\t<div class=\"elementor-text-editor elementor-clearfix\">\n\t\t\t\t<p>L\u2019ost\u00e9odensitom\u00e9trie est l\u2019examen de r\u00e9f\u00e9rence permettant d\u2019\u00e9tablir le diagnostic d\u2019ost\u00e9oporose. Elle permet de mesurer la densit\u00e9 osseuse, autrement dit, la teneur en calcium des os. Lorsque cette derni\u00e8re est anormalement basse, on parle d\u2019ost\u00e9oporose.<\/p><p>L\u2019ost\u00e9odensitom\u00e9trie est prescrite dans diff\u00e9rents cas :<\/p><ul><li>Dans la population g\u00e9n\u00e9rale, en cas de signes d\u2019ost\u00e9oporose (d\u00e9couverte de fracture sans traumatisme) ou en cas de pathologie (hyperthyro\u00efdie) ou traitement (cortico\u00efdes pendant plus de 3 mois) pouvant induire une ost\u00e9oporose.<\/li><li>Chez la femme m\u00e9nopaus\u00e9e, lorsqu\u2019il existe un ant\u00e9c\u00e9dent de fracture du col du f\u00e9mur chez un parent du premier degr\u00e9, que l\u2019indice de masse corporel est inf\u00e9rieur \u00e0 19, que la m\u00e9nopause est apparue avant 40 ans ou en cas d\u2019ant\u00e9c\u00e9dent de corticoth\u00e9rapie de plus de 3 mois.<\/li><\/ul><p>L\u2019examen est indolore et \u00a0dure entre 15 et 20 minutes. L\u2019appareil de mesure se d\u00e9place au-dessus du patient qui doit rester immobile, afin de ne pas perturber les mesures. Ces derni\u00e8res sont g\u00e9n\u00e9ralement r\u00e9alis\u00e9es \u00e0 deux endroits du corps : le col du f\u00e9mur et les vert\u00e8bres lombaires. Les r\u00e9sultats de cet examen permettent d\u2019\u00e9valuer le risque de fracture.<\/p><p>Pour l\u2019interpr\u00e9tation des r\u00e9sultats, des crit\u00e8res pr\u00e9cis ont \u00e9t\u00e9 fix\u00e9s par l\u2019organisation mondiale de la sant\u00e9 (OMS). L\u2019analyse est imm\u00e9diate apr\u00e8s l\u2019examen.<\/p>\t\t\t\t\t<\/div>\n\t\t\t\t\t\t<\/div>\n\t\t\t\t<\/div>\n\t\t\t\t\t\t<\/div>\n\t\t\t\t\t<\/div>\n\t\t<\/div>\n\t\t\t\t\t\t\t\t<\/div>\n\t\t\t\t\t<\/div>\n\t\t<\/section>\n\t\t\t\t<section class=\"elementor-section elementor-top-section elementor-element elementor-element-e0f1b61 elementor-section-stretched elementor-section-full_width elementor-section-height-default elementor-section-height-default\" data-id=\"e0f1b61\" data-element_type=\"section\" data-settings=\"{&quot;stretch_section&quot;:&quot;section-stretched&quot;,&quot;background_background&quot;:&quot;classic&quot;}\">\n\t\t\t\t\t\t<div class=\"elementor-container elementor-column-gap-no\">\n\t\t\t\t\t\t\t<div class=\"elementor-row\">\n\t\t\t\t\t<div class=\"elementor-column elementor-col-100 elementor-top-column elementor-element elementor-element-ca81c44\" data-id=\"ca81c44\" data-element_type=\"column\">\n\t\t\t<div class=\"elementor-column-wrap elementor-element-populated\">\n\t\t\t\t\t\t\t<div class=\"elementor-widget-wrap\">\n\t\t\t\t\t\t<div class=\"elementor-element elementor-element-35f6a43 elementor-widget elementor-widget-html\" data-id=\"35f6a43\" data-element_type=\"widget\" data-widget_type=\"html.default\">\n\t\t\t\t<div class=\"elementor-widget-container\">\n\t\t\t<p align=center><iframe loading=\"lazy\" style=\"height: 304px; min-height: 304px; width: 100%;\" src=\"https:\/\/partners.doctolib.fr\/centre-de-sante\/paris-9e-arrondissement\/centre-de-sante-haussmann?vmid=143312&practitioner_id=any&locale=fr\" width=\"300\" height=\"150\" scrolling=\"no\"><\/iframe><script src=\"https:\/\/www.doctolib.fr\/js\/iframeResizer.js\"><\/script><script>iFrameResize()<\/script>\t\t<\/div>\n\t\t\t\t<\/div>\n\t\t\t\t\t\t<\/div>\n\t\t\t\t\t<\/div>\n\t\t<\/div>\n\t\t\t\t\t\t\t\t<\/div>\n\t\t\t\t\t<\/div>\n\t\t<\/section>\n\t\t\t\t\t\t<\/div>\n\t\t\t\t\t\t<\/div>\n\t\t\t\t\t<\/div>\n\t\t","protected":false},"excerpt":{"rendered":"<p>L\u2019ost\u00e9odensitom\u00e9trie est l\u2019examen de r\u00e9f\u00e9rence permettant d\u2019\u00e9tablir le diagnostic d\u2019ost\u00e9oporose. Elle permet de mesurer la densit\u00e9 osseuse, autrement dit, la teneur en calcium des os. Lorsque cette derni\u00e8re est anormalement basse, on parle d\u2019ost\u00e9oporose. L\u2019ost\u00e9odensitom\u00e9trie est prescrite dans diff\u00e9rents cas : Dans la population g\u00e9n\u00e9rale, en cas de signes d\u2019ost\u00e9oporose (d\u00e9couverte de fracture sans traumatisme) [&hellip;]<\/p>\n","protected":false},"author":1,"featured_media":0,"parent":0,"menu_order":0,"comment_status":"closed","ping_status":"closed","template":"","meta":[],"_links":{"self":[{"href":"https:\/\/2points.fr\/beta-3\/wp-json\/wp\/v2\/pages\/3874"}],"collection":[{"href":"https:\/\/2points.fr\/beta-3\/wp-json\/wp\/v2\/pages"}],"about":[{"href":"https:\/\/2points.fr\/beta-3\/wp-json\/wp\/v2\/types\/page"}],"author":[{"embeddable":true,"href":"https:\/\/2points.fr\/beta-3\/wp-json\/wp\/v2\/users\/1"}],"replies":[{"embeddable":true,"href":"https:\/\/2points.fr\/beta-3\/wp-json\/wp\/v2\/comments?post=3874"}],"version-history":[{"count":13,"href":"https:\/\/2points.fr\/beta-3\/wp-json\/wp\/v2\/pages\/3874\/revisions"}],"predecessor-version":[{"id":4756,"href":"https:\/\/2points.fr\/beta-3\/wp-json\/wp\/v2\/pages\/3874\/revisions\/4756"}],"wp:attachment":[{"href":"https:\/\/2points.fr\/beta-3\/wp-json\/wp\/v2\/media?parent=3874"}],"curies":[{"name":"wp","href":"https:\/\/api.w.org\/{rel}","templated":true}]}}