{"id":3869,"date":"2021-11-22T16:44:28","date_gmt":"2021-11-22T15:44:28","guid":{"rendered":"https:\/\/2points.fr\/beta-3\/?page_id=3869"},"modified":"2021-12-10T16:17:21","modified_gmt":"2021-12-10T15:17:21","slug":"mammographie","status":"publish","type":"page","link":"https:\/\/2points.fr\/beta-3\/mammographie\/","title":{"rendered":"Mammographie"},"content":{"rendered":"\t\t<div data-elementor-type=\"wp-post\" data-elementor-id=\"3869\" class=\"elementor elementor-3869\" data-elementor-settings=\"[]\">\n\t\t\t\t\t\t<div class=\"elementor-inner\">\n\t\t\t\t\t\t\t<div class=\"elementor-section-wrap\">\n\t\t\t\t\t\t\t<section class=\"elementor-section elementor-top-section elementor-element elementor-element-e5dc143 elementor-section-full_width elementor-section-stretched elementor-section-height-default elementor-section-height-default\" data-id=\"e5dc143\" data-element_type=\"section\" data-settings=\"{&quot;stretch_section&quot;:&quot;section-stretched&quot;,&quot;background_background&quot;:&quot;classic&quot;}\">\n\t\t\t\t\t\t\t<div class=\"elementor-background-overlay\"><\/div>\n\t\t\t\t\t\t\t<div class=\"elementor-container elementor-column-gap-default\">\n\t\t\t\t\t\t\t<div class=\"elementor-row\">\n\t\t\t\t\t<div class=\"elementor-column elementor-col-100 elementor-top-column elementor-element elementor-element-f5bcc60\" data-id=\"f5bcc60\" data-element_type=\"column\">\n\t\t\t<div class=\"elementor-column-wrap elementor-element-populated\">\n\t\t\t\t\t\t\t<div class=\"elementor-widget-wrap\">\n\t\t\t\t\t\t<div class=\"elementor-element elementor-element-7700954 elementor-widget elementor-widget-heading\" data-id=\"7700954\" data-element_type=\"widget\" data-widget_type=\"heading.default\">\n\t\t\t\t<div class=\"elementor-widget-container\">\n\t\t\t<h2 class=\"elementor-heading-title elementor-size-default\">Mammographie<\/h2>\t\t<\/div>\n\t\t\t\t<\/div>\n\t\t\t\t\t\t<\/div>\n\t\t\t\t\t<\/div>\n\t\t<\/div>\n\t\t\t\t\t\t\t\t<\/div>\n\t\t\t\t\t<\/div>\n\t\t<\/section>\n\t\t\t\t<section class=\"elementor-section elementor-top-section elementor-element elementor-element-0a1cc3d elementor-section-stretched elementor-section-boxed elementor-section-height-default elementor-section-height-default\" data-id=\"0a1cc3d\" data-element_type=\"section\" data-settings=\"{&quot;stretch_section&quot;:&quot;section-stretched&quot;,&quot;background_background&quot;:&quot;classic&quot;}\">\n\t\t\t\t\t\t<div class=\"elementor-container elementor-column-gap-default\">\n\t\t\t\t\t\t\t<div class=\"elementor-row\">\n\t\t\t\t\t<div class=\"elementor-column elementor-col-100 elementor-top-column elementor-element elementor-element-0aa94f6\" data-id=\"0aa94f6\" data-element_type=\"column\">\n\t\t\t<div class=\"elementor-column-wrap elementor-element-populated\">\n\t\t\t\t\t\t\t<div class=\"elementor-widget-wrap\">\n\t\t\t\t\t\t<div class=\"elementor-element elementor-element-7d0966f elementor-widget elementor-widget-text-editor\" data-id=\"7d0966f\" data-element_type=\"widget\" data-widget_type=\"text-editor.default\">\n\t\t\t\t<div class=\"elementor-widget-container\">\n\t\t\t\t\t\t\t\t<div class=\"elementor-text-editor elementor-clearfix\">\n\t\t\t\t<p>Notre mammographe est microdos\u00e9 utilisant une technologie qui permet la cr\u00e9ation d\u2019images haute qualit; avec la dose de rayonnement la plus faible.<\/p><p>Une mammographie est une radiographie des seins. Elle permet d\u2019obtenir des images de l\u2019int\u00e9rieur du sein \u00e0 l\u2019aide de rayons X et de d\u00e9tecter ainsi d\u2019\u00e9ventuelles anomalies.<\/p><p>Une mammographie peut \u00eatre prescrite dans 2 cas :<\/p><h6><u>MAMMOGRAPHIE DE DEPISTAGE<\/u><\/h6><ul><li>Dans le cadre du programme national de d\u00e9pistage organis\u00e9 du cancer du sein destin\u00e9 aux femmes \u00e2g\u00e9es de 50 \u00e0 74 ans<\/li><li>Ou \u00e0 titre individuel, notamment lorsqu\u2019une femme pr\u00e9sente des facteurs de risques particuliers (ant\u00e9c\u00e9dents personnels et familiaux notamment).<\/li><\/ul><h6><u>MAMMOGRAPHIE DE DIAGNOSTIC<\/u><\/h6><ul><li>Cette mammographie est r\u00e9alis\u00e9e lorsqu\u2019une patiente pr\u00e9sente des sympt\u00f4mes comme un \u00e9coulement du mamelon, une rougeur de la peau, une \u00ab\u00a0boule\u00a0\u00bb dans le sein, etc.<\/li><\/ul><p>La mammographie dure en moyenne 10 \u00e0 15 minutes. Elle est pratiqu\u00e9e par une manipulatrice ou un manipulateur radio et les images sont analys\u00e9es par un(e) radiologue.<\/p><p>Pour \u00e9tudier les seins, plusieurs clich\u00e9s ou incidences (habituellement 2 par seins) sont r\u00e9alis\u00e9s sous diff\u00e9rents angles. Chaque sein est successivement comprim\u00e9 entre deux plaques. La sensation de compression du sein peut-\u00eatre d\u00e9sagr\u00e9able pour certaines femmes, mais cela ne dure que quelques secondes (une compression insuffisante peut emp\u00eacher de d\u00e9celer une anomalie)<\/p><p>Dans certains cas, notamment quand les seins sont trop denses, le radiologue a recours \u00e0 une \u00e9chographie mammaire de compl\u00e9ment, elle est n\u00e9cessaire au bon diagnostic.<\/p><p>Il est indispensable de rapporter ses anciens clich\u00e9s pour que le radiologue puisse les comparer avec les nouveaux et rep\u00e9rer ainsi les modifications potentielles au niveau des seins<\/p><p>Il est pr\u00e9f\u00e9rable de r\u00e9aliser la mammographie alors que vous \u00eates dans la premi\u00e8re partie du cycle menstruel (id\u00e9alement entre le 8e et le 12e jour apr\u00e8s le d\u00e9but des r\u00e8gles). Les seins sont \u00e0 ce moment-l\u00e0 plus faciles \u00e0 examiner et moins douloureux.<\/p><p>Le Centre de Sant\u00e9 Haussmann est agr\u00e9e par l\u2019ADECA 75 pour le<span>\u00a0<\/span><a href=\"http:\/\/centrehaussmann.com\/depistage-et-prevention\/mammographie-adeca\/\">d\u00e9pistage du cancer du sein<\/a>.<\/p>\t\t\t\t\t<\/div>\n\t\t\t\t\t\t<\/div>\n\t\t\t\t<\/div>\n\t\t\t\t\t\t<\/div>\n\t\t\t\t\t<\/div>\n\t\t<\/div>\n\t\t\t\t\t\t\t\t<\/div>\n\t\t\t\t\t<\/div>\n\t\t<\/section>\n\t\t\t\t<section class=\"elementor-section elementor-top-section elementor-element elementor-element-4f3bec3 elementor-section-full_width elementor-section-stretched elementor-section-height-default elementor-section-height-default\" data-id=\"4f3bec3\" data-element_type=\"section\" data-settings=\"{&quot;stretch_section&quot;:&quot;section-stretched&quot;,&quot;background_background&quot;:&quot;classic&quot;}\">\n\t\t\t\t\t\t<div class=\"elementor-container elementor-column-gap-default\">\n\t\t\t\t\t\t\t<div class=\"elementor-row\">\n\t\t\t\t\t<div class=\"elementor-column elementor-col-100 elementor-top-column elementor-element elementor-element-8dedcd0\" data-id=\"8dedcd0\" data-element_type=\"column\">\n\t\t\t<div class=\"elementor-column-wrap elementor-element-populated\">\n\t\t\t\t\t\t\t<div class=\"elementor-widget-wrap\">\n\t\t\t\t\t\t<div class=\"elementor-element elementor-element-5616bb2 elementor-widget-divider--view-line elementor-widget elementor-widget-divider\" data-id=\"5616bb2\" data-element_type=\"widget\" data-widget_type=\"divider.default\">\n\t\t\t\t<div class=\"elementor-widget-container\">\n\t\t\t\t\t<div class=\"elementor-divider\">\n\t\t\t<span class=\"elementor-divider-separator\">\n\t\t\t\t\t\t<\/span>\n\t\t<\/div>\n\t\t\t\t<\/div>\n\t\t\t\t<\/div>\n\t\t\t\t\t\t<\/div>\n\t\t\t\t\t<\/div>\n\t\t<\/div>\n\t\t\t\t\t\t\t\t<\/div>\n\t\t\t\t\t<\/div>\n\t\t<\/section>\n\t\t\t\t<section class=\"elementor-section elementor-top-section elementor-element elementor-element-3579298 elementor-section-stretched elementor-section-boxed elementor-section-height-default elementor-section-height-default\" data-id=\"3579298\" data-element_type=\"section\" data-settings=\"{&quot;stretch_section&quot;:&quot;section-stretched&quot;,&quot;background_background&quot;:&quot;classic&quot;}\">\n\t\t\t\t\t\t<div class=\"elementor-container elementor-column-gap-default\">\n\t\t\t\t\t\t\t<div class=\"elementor-row\">\n\t\t\t\t\t<div class=\"elementor-column elementor-col-100 elementor-top-column elementor-element elementor-element-dece86e\" data-id=\"dece86e\" data-element_type=\"column\">\n\t\t\t<div class=\"elementor-column-wrap elementor-element-populated\">\n\t\t\t\t\t\t\t<div class=\"elementor-widget-wrap\">\n\t\t\t\t\t\t<div class=\"elementor-element elementor-element-82c2d6d elementor-widget elementor-widget-heading\" data-id=\"82c2d6d\" data-element_type=\"widget\" data-widget_type=\"heading.default\">\n\t\t\t\t<div class=\"elementor-widget-container\">\n\t\t\t<h2 class=\"elementor-heading-title elementor-size-default\">Mammographie<\/h2>\t\t<\/div>\n\t\t\t\t<\/div>\n\t\t\t\t<div class=\"elementor-element elementor-element-7f9b6c4 elementor-widget elementor-widget-text-editor\" data-id=\"7f9b6c4\" data-element_type=\"widget\" data-widget_type=\"text-editor.default\">\n\t\t\t\t<div class=\"elementor-widget-container\">\n\t\t\t\t\t\t\t\t<div class=\"elementor-text-editor elementor-clearfix\">\n\t\t\t\t<p><span>Du Lundi au Vendredi toute la journ\u00e9e<\/span><\/p>\t\t\t\t\t<\/div>\n\t\t\t\t\t\t<\/div>\n\t\t\t\t<\/div>\n\t\t\t\t\t\t<\/div>\n\t\t\t\t\t<\/div>\n\t\t<\/div>\n\t\t\t\t\t\t\t\t<\/div>\n\t\t\t\t\t<\/div>\n\t\t<\/section>\n\t\t\t\t<section class=\"elementor-section elementor-top-section elementor-element elementor-element-e0f1b61 elementor-section-stretched elementor-section-full_width elementor-section-height-default elementor-section-height-default\" data-id=\"e0f1b61\" data-element_type=\"section\" data-settings=\"{&quot;stretch_section&quot;:&quot;section-stretched&quot;,&quot;background_background&quot;:&quot;classic&quot;}\">\n\t\t\t\t\t\t<div class=\"elementor-container elementor-column-gap-no\">\n\t\t\t\t\t\t\t<div class=\"elementor-row\">\n\t\t\t\t\t<div class=\"elementor-column elementor-col-100 elementor-top-column elementor-element elementor-element-ca81c44\" data-id=\"ca81c44\" data-element_type=\"column\">\n\t\t\t<div class=\"elementor-column-wrap elementor-element-populated\">\n\t\t\t\t\t\t\t<div class=\"elementor-widget-wrap\">\n\t\t\t\t\t\t<div class=\"elementor-element elementor-element-35f6a43 elementor-widget elementor-widget-html\" data-id=\"35f6a43\" data-element_type=\"widget\" data-widget_type=\"html.default\">\n\t\t\t\t<div class=\"elementor-widget-container\">\n\t\t\t<p align=center><iframe loading=\"lazy\" style=\"width: 100%; height: 304px; min-height: 304px;\" src=\"https:\/\/partners.doctolib.fr\/centre-de-sante\/paris-9e-arrondissement\/centre-de-sante-haussmann?vmid=143311&locale=fr\" width=\"300\" height=\"150\" scrolling=\"no\"><\/iframe><script src=\"https:\/\/www.doctolib.fr\/js\/iframeResizer.js\"><\/script><script>iFrameResize()<\/script>\t\t<\/div>\n\t\t\t\t<\/div>\n\t\t\t\t\t\t<\/div>\n\t\t\t\t\t<\/div>\n\t\t<\/div>\n\t\t\t\t\t\t\t\t<\/div>\n\t\t\t\t\t<\/div>\n\t\t<\/section>\n\t\t\t\t\t\t<\/div>\n\t\t\t\t\t\t<\/div>\n\t\t\t\t\t<\/div>\n\t\t","protected":false},"excerpt":{"rendered":"<p>Notre mammographe est microdos\u00e9 utilisant une technologie qui permet la cr\u00e9ation d\u2019images haute qualit; avec la dose de rayonnement la plus faible. Une mammographie est une radiographie des seins. Elle permet d\u2019obtenir des images de l\u2019int\u00e9rieur du sein \u00e0 l\u2019aide de rayons X et de d\u00e9tecter ainsi d\u2019\u00e9ventuelles anomalies. Une mammographie peut \u00eatre prescrite dans [&hellip;]<\/p>\n","protected":false},"author":1,"featured_media":0,"parent":0,"menu_order":0,"comment_status":"closed","ping_status":"closed","template":"","meta":[],"_links":{"self":[{"href":"https:\/\/2points.fr\/beta-3\/wp-json\/wp\/v2\/pages\/3869"}],"collection":[{"href":"https:\/\/2points.fr\/beta-3\/wp-json\/wp\/v2\/pages"}],"about":[{"href":"https:\/\/2points.fr\/beta-3\/wp-json\/wp\/v2\/types\/page"}],"author":[{"embeddable":true,"href":"https:\/\/2points.fr\/beta-3\/wp-json\/wp\/v2\/users\/1"}],"replies":[{"embeddable":true,"href":"https:\/\/2points.fr\/beta-3\/wp-json\/wp\/v2\/comments?post=3869"}],"version-history":[{"count":22,"href":"https:\/\/2points.fr\/beta-3\/wp-json\/wp\/v2\/pages\/3869\/revisions"}],"predecessor-version":[{"id":4775,"href":"https:\/\/2points.fr\/beta-3\/wp-json\/wp\/v2\/pages\/3869\/revisions\/4775"}],"wp:attachment":[{"href":"https:\/\/2points.fr\/beta-3\/wp-json\/wp\/v2\/media?parent=3869"}],"curies":[{"name":"wp","href":"https:\/\/api.w.org\/{rel}","templated":true}]}}