{"id":3856,"date":"2021-11-22T16:18:27","date_gmt":"2021-11-22T15:18:27","guid":{"rendered":"https:\/\/2points.fr\/beta-3\/?page_id=3856"},"modified":"2021-12-09T12:54:56","modified_gmt":"2021-12-09T11:54:56","slug":"blanchiment-dentaire","status":"publish","type":"page","link":"https:\/\/2points.fr\/beta-3\/blanchiment-dentaire\/","title":{"rendered":"Blanchiment Dentaire"},"content":{"rendered":"\t\t<div data-elementor-type=\"wp-post\" data-elementor-id=\"3856\" class=\"elementor elementor-3856\" data-elementor-settings=\"[]\">\n\t\t\t\t\t\t<div class=\"elementor-inner\">\n\t\t\t\t\t\t\t<div class=\"elementor-section-wrap\">\n\t\t\t\t\t\t\t<section class=\"elementor-section elementor-top-section elementor-element elementor-element-e5dc143 elementor-section-full_width elementor-section-stretched elementor-section-height-default elementor-section-height-default\" data-id=\"e5dc143\" data-element_type=\"section\" data-settings=\"{&quot;stretch_section&quot;:&quot;section-stretched&quot;,&quot;background_background&quot;:&quot;classic&quot;}\">\n\t\t\t\t\t\t\t<div class=\"elementor-background-overlay\"><\/div>\n\t\t\t\t\t\t\t<div class=\"elementor-container elementor-column-gap-default\">\n\t\t\t\t\t\t\t<div class=\"elementor-row\">\n\t\t\t\t\t<div class=\"elementor-column elementor-col-100 elementor-top-column elementor-element elementor-element-f5bcc60\" data-id=\"f5bcc60\" data-element_type=\"column\">\n\t\t\t<div class=\"elementor-column-wrap elementor-element-populated\">\n\t\t\t\t\t\t\t<div class=\"elementor-widget-wrap\">\n\t\t\t\t\t\t<div class=\"elementor-element elementor-element-7700954 elementor-widget elementor-widget-heading\" data-id=\"7700954\" data-element_type=\"widget\" data-widget_type=\"heading.default\">\n\t\t\t\t<div class=\"elementor-widget-container\">\n\t\t\t<h2 class=\"elementor-heading-title elementor-size-default\">Blanchiment Dentaire<\/h2>\t\t<\/div>\n\t\t\t\t<\/div>\n\t\t\t\t\t\t<\/div>\n\t\t\t\t\t<\/div>\n\t\t<\/div>\n\t\t\t\t\t\t\t\t<\/div>\n\t\t\t\t\t<\/div>\n\t\t<\/section>\n\t\t\t\t<section class=\"elementor-section elementor-top-section elementor-element elementor-element-0a1cc3d elementor-section-stretched elementor-section-boxed elementor-section-height-default elementor-section-height-default\" data-id=\"0a1cc3d\" data-element_type=\"section\" data-settings=\"{&quot;stretch_section&quot;:&quot;section-stretched&quot;,&quot;background_background&quot;:&quot;classic&quot;}\">\n\t\t\t\t\t\t<div class=\"elementor-container elementor-column-gap-default\">\n\t\t\t\t\t\t\t<div class=\"elementor-row\">\n\t\t\t\t\t<div class=\"elementor-column elementor-col-100 elementor-top-column elementor-element elementor-element-0aa94f6\" data-id=\"0aa94f6\" data-element_type=\"column\">\n\t\t\t<div class=\"elementor-column-wrap elementor-element-populated\">\n\t\t\t\t\t\t\t<div class=\"elementor-widget-wrap\">\n\t\t\t\t\t\t<div class=\"elementor-element elementor-element-7d0966f elementor-widget elementor-widget-text-editor\" data-id=\"7d0966f\" data-element_type=\"widget\" data-widget_type=\"text-editor.default\">\n\t\t\t\t<div class=\"elementor-widget-container\">\n\t\t\t\t\t\t\t\t<div class=\"elementor-text-editor elementor-clearfix\">\n\t\t\t\t<div class=\"col-sm-6 col-xs-12 bloc_content col_content\"><p>Les chirurgiens-dentistes du Centre de Sant\u00e9 Haussmann peuvent vous proposer des devis pour des traitements dentaires esth\u00e9tiques, comme le blanchiment dentaire.<\/p><p>Cette technique est effectu\u00e9e en ambulatoire, vous serez re\u00e7u une premi\u00e8re fois en consultation pour \u00e9voquer les modalit\u00e9s de traitement.<\/p><\/div><div class=\"col-sm-6 col-xs-12 bloc_content\">\u00a0<\/div>\t\t\t\t\t<\/div>\n\t\t\t\t\t\t<\/div>\n\t\t\t\t<\/div>\n\t\t\t\t\t\t<\/div>\n\t\t\t\t\t<\/div>\n\t\t<\/div>\n\t\t\t\t\t\t\t\t<\/div>\n\t\t\t\t\t<\/div>\n\t\t<\/section>\n\t\t\t\t<section class=\"elementor-section elementor-top-section elementor-element elementor-element-537173d elementor-section-stretched elementor-section-full_width elementor-section-height-default elementor-section-height-default\" data-id=\"537173d\" data-element_type=\"section\" data-settings=\"{&quot;stretch_section&quot;:&quot;section-stretched&quot;,&quot;background_background&quot;:&quot;classic&quot;}\">\n\t\t\t\t\t\t<div class=\"elementor-container elementor-column-gap-no\">\n\t\t\t\t\t\t\t<div class=\"elementor-row\">\n\t\t\t\t\t<div class=\"elementor-column elementor-col-100 elementor-top-column elementor-element elementor-element-7a73ac0\" data-id=\"7a73ac0\" data-element_type=\"column\">\n\t\t\t<div class=\"elementor-column-wrap elementor-element-populated\">\n\t\t\t\t\t\t\t<div class=\"elementor-widget-wrap\">\n\t\t\t\t\t\t<div class=\"elementor-element elementor-element-816f075 elementor-widget elementor-widget-html\" data-id=\"816f075\" data-element_type=\"widget\" data-widget_type=\"html.default\">\n\t\t\t\t<div class=\"elementor-widget-container\">\n\t\t\t<p align=center><iframe scrolling=\"no\" src=\"https:\/\/partners.doctolib.fr\/centre-de-sante\/paris-9e-arrondissement\/centre-de-sante-haussmann?vmid=1144235&practitioner_id=any&speciality_id=1&locale=fr\" style=\"height:304px; min-height: 304px; width: 100%\"><\/iframe><script src=\"https:\/\/www.doctolib.fr:443\/js\/iframeResizer.js\" type=\"text\/javascript\"><\/script><script>iFrameResize()<\/script>\t\t<\/div>\n\t\t\t\t<\/div>\n\t\t\t\t\t\t<\/div>\n\t\t\t\t\t<\/div>\n\t\t<\/div>\n\t\t\t\t\t\t\t\t<\/div>\n\t\t\t\t\t<\/div>\n\t\t<\/section>\n\t\t\t\t\t\t<\/div>\n\t\t\t\t\t\t<\/div>\n\t\t\t\t\t<\/div>\n\t\t","protected":false},"excerpt":{"rendered":"<p>Les chirurgiens-dentistes du Centre de Sant\u00e9 Haussmann peuvent vous proposer des devis pour des traitements dentaires esth\u00e9tiques, comme le blanchiment dentaire. Cette technique est effectu\u00e9e en ambulatoire, vous serez re\u00e7u une premi\u00e8re fois en consultation pour \u00e9voquer les modalit\u00e9s de traitement. \u00a0<\/p>\n","protected":false},"author":1,"featured_media":0,"parent":0,"menu_order":0,"comment_status":"closed","ping_status":"closed","template":"","meta":[],"_links":{"self":[{"href":"https:\/\/2points.fr\/beta-3\/wp-json\/wp\/v2\/pages\/3856"}],"collection":[{"href":"https:\/\/2points.fr\/beta-3\/wp-json\/wp\/v2\/pages"}],"about":[{"href":"https:\/\/2points.fr\/beta-3\/wp-json\/wp\/v2\/types\/page"}],"author":[{"embeddable":true,"href":"https:\/\/2points.fr\/beta-3\/wp-json\/wp\/v2\/users\/1"}],"replies":[{"embeddable":true,"href":"https:\/\/2points.fr\/beta-3\/wp-json\/wp\/v2\/comments?post=3856"}],"version-history":[{"count":19,"href":"https:\/\/2points.fr\/beta-3\/wp-json\/wp\/v2\/pages\/3856\/revisions"}],"predecessor-version":[{"id":4135,"href":"https:\/\/2points.fr\/beta-3\/wp-json\/wp\/v2\/pages\/3856\/revisions\/4135"}],"wp:attachment":[{"href":"https:\/\/2points.fr\/beta-3\/wp-json\/wp\/v2\/media?parent=3856"}],"curies":[{"name":"wp","href":"https:\/\/api.w.org\/{rel}","templated":true}]}}