{"id":3585,"date":"2021-11-09T15:34:00","date_gmt":"2021-11-09T14:34:00","guid":{"rendered":"https:\/\/2points.fr\/beta-3\/?page_id=3585"},"modified":"2022-12-20T18:05:10","modified_gmt":"2022-12-20T17:05:10","slug":"pneumologie","status":"publish","type":"page","link":"https:\/\/2points.fr\/beta-3\/pneumologie\/","title":{"rendered":"Pneumologie"},"content":{"rendered":"\t\t<div data-elementor-type=\"wp-post\" data-elementor-id=\"3585\" class=\"elementor elementor-3585\" data-elementor-settings=\"[]\">\n\t\t\t\t\t\t<div class=\"elementor-inner\">\n\t\t\t\t\t\t\t<div class=\"elementor-section-wrap\">\n\t\t\t\t\t\t\t<section class=\"elementor-section elementor-top-section elementor-element elementor-element-e5dc143 elementor-section-full_width elementor-section-stretched elementor-section-height-default elementor-section-height-default\" data-id=\"e5dc143\" data-element_type=\"section\" data-settings=\"{&quot;stretch_section&quot;:&quot;section-stretched&quot;,&quot;background_background&quot;:&quot;classic&quot;}\">\n\t\t\t\t\t\t\t<div class=\"elementor-background-overlay\"><\/div>\n\t\t\t\t\t\t\t<div class=\"elementor-container elementor-column-gap-default\">\n\t\t\t\t\t\t\t<div class=\"elementor-row\">\n\t\t\t\t\t<div class=\"elementor-column elementor-col-100 elementor-top-column elementor-element elementor-element-f5bcc60\" data-id=\"f5bcc60\" data-element_type=\"column\">\n\t\t\t<div class=\"elementor-column-wrap elementor-element-populated\">\n\t\t\t\t\t\t\t<div class=\"elementor-widget-wrap\">\n\t\t\t\t\t\t<div class=\"elementor-element elementor-element-7700954 elementor-widget elementor-widget-heading\" data-id=\"7700954\" data-element_type=\"widget\" data-widget_type=\"heading.default\">\n\t\t\t\t<div class=\"elementor-widget-container\">\n\t\t\t<h2 class=\"elementor-heading-title elementor-size-default\">Pneumologie<\/h2>\t\t<\/div>\n\t\t\t\t<\/div>\n\t\t\t\t\t\t<\/div>\n\t\t\t\t\t<\/div>\n\t\t<\/div>\n\t\t\t\t\t\t\t\t<\/div>\n\t\t\t\t\t<\/div>\n\t\t<\/section>\n\t\t\t\t<section class=\"elementor-section elementor-top-section elementor-element elementor-element-0a1cc3d elementor-section-stretched elementor-section-boxed elementor-section-height-default elementor-section-height-default\" data-id=\"0a1cc3d\" data-element_type=\"section\" data-settings=\"{&quot;stretch_section&quot;:&quot;section-stretched&quot;,&quot;background_background&quot;:&quot;classic&quot;}\">\n\t\t\t\t\t\t<div class=\"elementor-container elementor-column-gap-default\">\n\t\t\t\t\t\t\t<div class=\"elementor-row\">\n\t\t\t\t\t<div class=\"elementor-column elementor-col-100 elementor-top-column elementor-element elementor-element-0aa94f6\" data-id=\"0aa94f6\" data-element_type=\"column\">\n\t\t\t<div class=\"elementor-column-wrap elementor-element-populated\">\n\t\t\t\t\t\t\t<div class=\"elementor-widget-wrap\">\n\t\t\t\t\t\t<div class=\"elementor-element elementor-element-7d0966f elementor-widget elementor-widget-text-editor\" data-id=\"7d0966f\" data-element_type=\"widget\" data-widget_type=\"text-editor.default\">\n\t\t\t\t<div class=\"elementor-widget-container\">\n\t\t\t\t\t\t\t\t<div class=\"elementor-text-editor elementor-clearfix\">\n\t\t\t\t<p>Le Centre de Sant\u00e9 Haussmann vous propose des consultations en Pneumologie.<\/p><p>Cette sp\u00e9cialit\u00e9 m\u00e9dicale est consacr\u00e9e \u00e0 l\u2019\u00e9tude et au traitement des pathologies li\u00e9es aux poumons, aux bronches, \u00e0 la pl\u00e8vre et au m\u00e9diastin,\u00a0ainsi qu\u2019\u00e0 ses maladies :<\/p><ul><li><strong>L\u2019apn\u00e9e du sommeil,<\/strong><\/li><li>La broncho-pneumopathie chronique obstructive ou BPCO,<\/li><li>L\u2019asthme, et les allergies respiratoires<\/li><li>Les infections respiratoires (pleur\u00e9sie, broncho-pneumonie, tuberculose, l\u00e9gionellose\u2026),<\/li><li>Les alt\u00e9rations dues \u00e0 l\u2019inhalation prolong\u00e9e d\u2019un m\u00eame type de poussi\u00e8res (pneumoconiose),<\/li><li>Les tumeurs broncho-pulmonaires,<\/li><li><strong>L\u2019insuffisance respiratoire,<\/strong><\/li><li>Etc.<\/li><\/ul><h6 class=\"text-large text-blue\">Quand consulter un pneumologue ?<\/h6><p>Une toux persistante, une s\u00e9cr\u00e9tion anormale de mucus bronchique, des essoufflements accentu\u00e9s par l\u2019effort (dyspn\u00e9e), une douleur thoracique,<span>\u00a0<\/span><strong>des troubles du sommeil<\/strong><span>\u00a0<\/span>ou encore des traces de sang dans un crachat imposent la consultation du m\u00e9decin traitant qui \u00e9valuera la pertinence d\u2019une r\u00e9orientation vers un pneumologue.<\/p><p>Le risque de souffrir d\u2019une<span>\u00a0<\/span><strong>maladie pulmonaire<\/strong><span>\u00a0<\/span>est plus important chez les personnes qui fument, qui souffrent d\u2019hypertension ou qui sont expos\u00e9es \u00e0 certaines substances comme la sciure de bois, l\u2019amiante, le ciment&#8230; Lorsqu\u2019une<span>\u00a0<\/span><strong>pathologie pulmonaire<\/strong><span>\u00a0<\/span>est av\u00e9r\u00e9e, il n\u2019est plus n\u00e9cessaire de passer par le m\u00e9decin traitant pour le suivi.<\/p><p>Si n\u00e9cessaire, le pneumologue peut prescrire des examens compl\u00e9mentaires comme <span style=\"text-decoration: underline;\"><a href=\"https:\/\/2points.fr\/beta-3\/soins-infirmiers\/\">l\u2019Exploration Fonctionnelles Respiratoire (EFR) ou la Polysomnographie<\/a><\/span>, r\u00e9alis\u00e9s au Centre tous les jours.<\/p><p>\u00a0<\/p><p>\u00a0<\/p>\t\t\t\t\t<\/div>\n\t\t\t\t\t\t<\/div>\n\t\t\t\t<\/div>\n\t\t\t\t\t\t<\/div>\n\t\t\t\t\t<\/div>\n\t\t<\/div>\n\t\t\t\t\t\t\t\t<\/div>\n\t\t\t\t\t<\/div>\n\t\t<\/section>\n\t\t\t\t<section class=\"elementor-section elementor-top-section elementor-element elementor-element-537173d elementor-section-stretched elementor-section-full_width elementor-section-height-default elementor-section-height-default\" data-id=\"537173d\" data-element_type=\"section\" data-settings=\"{&quot;stretch_section&quot;:&quot;section-stretched&quot;,&quot;background_background&quot;:&quot;classic&quot;}\">\n\t\t\t\t\t\t<div class=\"elementor-container elementor-column-gap-no\">\n\t\t\t\t\t\t\t<div class=\"elementor-row\">\n\t\t\t\t\t<div class=\"elementor-column elementor-col-100 elementor-top-column elementor-element elementor-element-7a73ac0\" data-id=\"7a73ac0\" data-element_type=\"column\">\n\t\t\t<div class=\"elementor-column-wrap elementor-element-populated\">\n\t\t\t\t\t\t\t<div class=\"elementor-widget-wrap\">\n\t\t\t\t\t\t<div class=\"elementor-element elementor-element-816f075 elementor-widget elementor-widget-html\" data-id=\"816f075\" data-element_type=\"widget\" data-widget_type=\"html.default\">\n\t\t\t\t<div class=\"elementor-widget-container\">\n\t\t\t<p align=center><iframe loading=\"lazy\" style=\"width: 100%; height: 304px; min-height: 304px;\" src=\"https:\/\/partners.doctolib.fr\/centre-de-sante\/paris-9e-arrondissement\/centre-de-sante-haussmann?speciality_id=23&locale=fr\" width=\"300\" height=\"150\" scrolling=\"no\"><\/iframe><script src=\"https:\/\/www.doctolib.fr\/js\/iframeResizer.js\"><\/script><script>iFrameResize()<\/script>\t\t<\/div>\n\t\t\t\t<\/div>\n\t\t\t\t\t\t<\/div>\n\t\t\t\t\t<\/div>\n\t\t<\/div>\n\t\t\t\t\t\t\t\t<\/div>\n\t\t\t\t\t<\/div>\n\t\t<\/section>\n\t\t\t\t<section class=\"elementor-section elementor-top-section elementor-element elementor-element-f7b1be6 elementor-section-stretched elementor-section-boxed elementor-section-height-default elementor-section-height-default\" data-id=\"f7b1be6\" data-element_type=\"section\" data-settings=\"{&quot;stretch_section&quot;:&quot;section-stretched&quot;,&quot;background_background&quot;:&quot;classic&quot;}\">\n\t\t\t\t\t\t<div class=\"elementor-container elementor-column-gap-extended\">\n\t\t\t\t\t\t\t<div class=\"elementor-row\">\n\t\t\t\t\t<div class=\"elementor-column elementor-col-100 elementor-top-column elementor-element elementor-element-867b9bd\" data-id=\"867b9bd\" data-element_type=\"column\">\n\t\t\t<div class=\"elementor-column-wrap elementor-element-populated\">\n\t\t\t\t\t\t\t<div class=\"elementor-widget-wrap\">\n\t\t\t\t\t\t<div class=\"elementor-element elementor-element-dc8d0ed elementor-widget elementor-widget-spacer\" data-id=\"dc8d0ed\" data-element_type=\"widget\" data-widget_type=\"spacer.default\">\n\t\t\t\t<div class=\"elementor-widget-container\">\n\t\t\t\t\t<div class=\"elementor-spacer\">\n\t\t\t<div class=\"elementor-spacer-inner\"><\/div>\n\t\t<\/div>\n\t\t\t\t<\/div>\n\t\t\t\t<\/div>\n\t\t\t\t<div class=\"elementor-element elementor-element-b6f7075 elementor-widget elementor-widget-spacer\" data-id=\"b6f7075\" data-element_type=\"widget\" data-widget_type=\"spacer.default\">\n\t\t\t\t<div class=\"elementor-widget-container\">\n\t\t\t\t\t<div class=\"elementor-spacer\">\n\t\t\t<div class=\"elementor-spacer-inner\"><\/div>\n\t\t<\/div>\n\t\t\t\t<\/div>\n\t\t\t\t<\/div>\n\t\t\t\t<div class=\"elementor-element elementor-element-0b5b1e6 elementor-widget elementor-widget-heading\" data-id=\"0b5b1e6\" data-element_type=\"widget\" data-widget_type=\"heading.default\">\n\t\t\t\t<div class=\"elementor-widget-container\">\n\t\t\t<h3 class=\"elementor-heading-title elementor-size-default\">Nos M\u00e9decins<\/h3>\t\t<\/div>\n\t\t\t\t<\/div>\n\t\t\t\t<section class=\"elementor-section elementor-inner-section elementor-element elementor-element-8f41f8b elementor-section-boxed elementor-section-height-default elementor-section-height-default\" data-id=\"8f41f8b\" data-element_type=\"section\">\n\t\t\t\t\t\t<div class=\"elementor-container elementor-column-gap-default\">\n\t\t\t\t\t\t\t<div class=\"elementor-row\">\n\t\t\t\t\t<div class=\"elementor-column elementor-col-25 elementor-inner-column elementor-element elementor-element-393c9fa\" data-id=\"393c9fa\" data-element_type=\"column\">\n\t\t\t<div class=\"elementor-column-wrap elementor-element-populated\">\n\t\t\t\t\t\t\t<div class=\"elementor-widget-wrap\">\n\t\t\t\t\t\t<div class=\"elementor-element elementor-element-13b4174 elementor-cta--layout-image-above elementor-cta--valign-middle elementor-cta--skin-classic elementor-animated-content elementor-bg-transform elementor-bg-transform-zoom-in elementor-widget elementor-widget-call-to-action\" data-id=\"13b4174\" data-element_type=\"widget\" data-widget_type=\"call-to-action.default\">\n\t\t\t\t<div class=\"elementor-widget-container\">\n\t\t\t\t\t<div class=\"elementor-cta\">\n\t\t\t\t\t<div class=\"elementor-cta__bg-wrapper\">\n\t\t\t\t<div class=\"elementor-cta__bg elementor-bg\" style=\"background-image: url(https:\/\/2points.fr\/beta-3\/wp-content\/uploads\/2021\/12\/Dr-Le-Barbu-Michel.jpg);\"><\/div>\n\t\t\t\t<div class=\"elementor-cta__bg-overlay\"><\/div>\n\t\t\t<\/div>\n\t\t\t\t\t\t\t<div class=\"elementor-cta__content\">\n\t\t\t\t\n\t\t\t\t\n\t\t\t\t\t\t\t\t\t<div class=\"elementor-cta__description elementor-cta__content-item elementor-content-item\">\n\t\t\t\t\t\tMardi apr\u00e8s-midi<br>\nMercredi apr\u00e8s-midi<br>\t\t\t\t\t<\/div>\n\t\t\t\t\n\t\t\t\t\t\t\t<\/div>\n\t\t\t\t\t\t<\/div>\n\t\t\t\t<\/div>\n\t\t\t\t<\/div>\n\t\t\t\t\t\t<\/div>\n\t\t\t\t\t<\/div>\n\t\t<\/div>\n\t\t\t\t<div class=\"elementor-column elementor-col-25 elementor-inner-column elementor-element elementor-element-9031a17\" data-id=\"9031a17\" data-element_type=\"column\">\n\t\t\t<div class=\"elementor-column-wrap\">\n\t\t\t\t\t\t\t<div class=\"elementor-widget-wrap\">\n\t\t\t\t\t\t\t\t<\/div>\n\t\t\t\t\t<\/div>\n\t\t<\/div>\n\t\t\t\t<div class=\"elementor-column elementor-col-25 elementor-inner-column elementor-element elementor-element-a24ee24\" data-id=\"a24ee24\" data-element_type=\"column\">\n\t\t\t<div class=\"elementor-column-wrap\">\n\t\t\t\t\t\t\t<div class=\"elementor-widget-wrap\">\n\t\t\t\t\t\t\t\t<\/div>\n\t\t\t\t\t<\/div>\n\t\t<\/div>\n\t\t\t\t<div class=\"elementor-column elementor-col-25 elementor-inner-column elementor-element elementor-element-9d47275\" data-id=\"9d47275\" data-element_type=\"column\">\n\t\t\t<div class=\"elementor-column-wrap\">\n\t\t\t\t\t\t\t<div class=\"elementor-widget-wrap\">\n\t\t\t\t\t\t\t\t<\/div>\n\t\t\t\t\t<\/div>\n\t\t<\/div>\n\t\t\t\t\t\t\t\t<\/div>\n\t\t\t\t\t<\/div>\n\t\t<\/section>\n\t\t\t\t\t\t<\/div>\n\t\t\t\t\t<\/div>\n\t\t<\/div>\n\t\t\t\t\t\t\t\t<\/div>\n\t\t\t\t\t<\/div>\n\t\t<\/section>\n\t\t\t\t<section class=\"elementor-section elementor-top-section elementor-element elementor-element-bbea087 elementor-section-full_width elementor-section-stretched elementor-section-height-default elementor-section-height-default\" data-id=\"bbea087\" data-element_type=\"section\" data-settings=\"{&quot;stretch_section&quot;:&quot;section-stretched&quot;,&quot;background_background&quot;:&quot;classic&quot;}\">\n\t\t\t\t\t\t<div class=\"elementor-container elementor-column-gap-no\">\n\t\t\t\t\t\t\t<div class=\"elementor-row\">\n\t\t\t\t\t<div class=\"elementor-column elementor-col-100 elementor-top-column elementor-element elementor-element-84829a7\" data-id=\"84829a7\" data-element_type=\"column\">\n\t\t\t<div class=\"elementor-column-wrap elementor-element-populated\">\n\t\t\t\t\t\t\t<div class=\"elementor-widget-wrap\">\n\t\t\t\t\t\t<div class=\"elementor-element elementor-element-c036a3f elementor-widget elementor-widget-heading\" data-id=\"c036a3f\" data-element_type=\"widget\" data-widget_type=\"heading.default\">\n\t\t\t\t<div class=\"elementor-widget-container\">\n\t\t\t<h2 class=\"elementor-heading-title elementor-size-large\">Votre parcours patient<\/h2>\t\t<\/div>\n\t\t\t\t<\/div>\n\t\t\t\t<section class=\"elementor-section elementor-inner-section elementor-element elementor-element-c9a0971 elementor-section-boxed elementor-section-height-default elementor-section-height-default\" data-id=\"c9a0971\" data-element_type=\"section\">\n\t\t\t\t\t\t<div class=\"elementor-container elementor-column-gap-wide\">\n\t\t\t\t\t\t\t<div class=\"elementor-row\">\n\t\t\t\t\t<div class=\"elementor-column elementor-col-20 elementor-inner-column elementor-element elementor-element-809c071\" data-id=\"809c071\" data-element_type=\"column\">\n\t\t\t<div class=\"elementor-column-wrap elementor-element-populated\">\n\t\t\t\t\t\t\t<div class=\"elementor-widget-wrap\">\n\t\t\t\t\t\t<div class=\"elementor-element elementor-element-503fa23 elementor-widget elementor-widget-heading\" data-id=\"503fa23\" data-element_type=\"widget\" data-widget_type=\"heading.default\">\n\t\t\t\t<div class=\"elementor-widget-container\">\n\t\t\t<h2 class=\"elementor-heading-title elementor-size-default\">Rendez-vous<br><\/h2>\t\t<\/div>\n\t\t\t\t<\/div>\n\t\t\t\t<div class=\"elementor-element elementor-element-3bc681d elementor-widget elementor-widget-image\" data-id=\"3bc681d\" data-element_type=\"widget\" data-widget_type=\"image.default\">\n\t\t\t\t<div class=\"elementor-widget-container\">\n\t\t\t\t\t\t\t\t<div class=\"elementor-image\">\n\t\t\t\t\t\t\t\t\t\t\t\t<img width=\"1024\" height=\"768\" src=\"https:\/\/2points.fr\/beta-3\/wp-content\/uploads\/2022\/12\/GetPaidStock.com-63a08628a8b4e.jpg\" class=\"attachment-large size-large\" alt=\"\" loading=\"lazy\" srcset=\"https:\/\/2points.fr\/beta-3\/wp-content\/uploads\/2022\/12\/GetPaidStock.com-63a08628a8b4e.jpg 1024w, https:\/\/2points.fr\/beta-3\/wp-content\/uploads\/2022\/12\/GetPaidStock.com-63a08628a8b4e-300x225.jpg 300w, https:\/\/2points.fr\/beta-3\/wp-content\/uploads\/2022\/12\/GetPaidStock.com-63a08628a8b4e-768x576.jpg 768w\" sizes=\"(max-width: 1024px) 100vw, 1024px\" \/>\t\t\t\t\t\t\t\t\t\t\t\t\t\t<\/div>\n\t\t\t\t\t\t<\/div>\n\t\t\t\t<\/div>\n\t\t\t\t<div class=\"elementor-element elementor-element-b0b699b elementor-widget elementor-widget-text-editor\" data-id=\"b0b699b\" data-element_type=\"widget\" data-widget_type=\"text-editor.default\">\n\t\t\t\t<div class=\"elementor-widget-container\">\n\t\t\t\t\t\t\t\t<div class=\"elementor-text-editor elementor-clearfix\">\n\t\t\t\t<p>Prenez <strong>Rendez-vous<\/strong> sur <strong>Doctolib<\/strong>, ou <strong>par t\u00e9l\u00e9phone<\/strong> aupr\u00e8s de notre standard t\u00e9l\u00e9phonique au <strong>01.48.00.24.00<\/strong><\/p>\t\t\t\t\t<\/div>\n\t\t\t\t\t\t<\/div>\n\t\t\t\t<\/div>\n\t\t\t\t\t\t<\/div>\n\t\t\t\t\t<\/div>\n\t\t<\/div>\n\t\t\t\t<div class=\"elementor-column elementor-col-20 elementor-inner-column elementor-element elementor-element-e965f0c\" data-id=\"e965f0c\" data-element_type=\"column\">\n\t\t\t<div class=\"elementor-column-wrap elementor-element-populated\">\n\t\t\t\t\t\t\t<div class=\"elementor-widget-wrap\">\n\t\t\t\t\t\t<div class=\"elementor-element elementor-element-e4e1717 elementor-widget elementor-widget-heading\" data-id=\"e4e1717\" data-element_type=\"widget\" data-widget_type=\"heading.default\">\n\t\t\t\t<div class=\"elementor-widget-container\">\n\t\t\t<h2 class=\"elementor-heading-title elementor-size-default\">Documents m\u00e9dicaux<\/h2>\t\t<\/div>\n\t\t\t\t<\/div>\n\t\t\t\t<div class=\"elementor-element elementor-element-eb8a21c elementor-widget elementor-widget-image\" data-id=\"eb8a21c\" data-element_type=\"widget\" data-widget_type=\"image.default\">\n\t\t\t\t<div class=\"elementor-widget-container\">\n\t\t\t\t\t\t\t\t<div class=\"elementor-image\">\n\t\t\t\t\t\t\t\t\t\t\t\t<img width=\"1024\" height=\"1024\" src=\"https:\/\/2points.fr\/beta-3\/wp-content\/uploads\/2022\/12\/GetPaidStock.com-63a0918c46dac.jpg\" class=\"attachment-full size-full\" alt=\"\" loading=\"lazy\" srcset=\"https:\/\/2points.fr\/beta-3\/wp-content\/uploads\/2022\/12\/GetPaidStock.com-63a0918c46dac.jpg 1024w, https:\/\/2points.fr\/beta-3\/wp-content\/uploads\/2022\/12\/GetPaidStock.com-63a0918c46dac-300x300.jpg 300w, https:\/\/2points.fr\/beta-3\/wp-content\/uploads\/2022\/12\/GetPaidStock.com-63a0918c46dac-150x150.jpg 150w, https:\/\/2points.fr\/beta-3\/wp-content\/uploads\/2022\/12\/GetPaidStock.com-63a0918c46dac-768x768.jpg 768w, https:\/\/2points.fr\/beta-3\/wp-content\/uploads\/2022\/12\/GetPaidStock.com-63a0918c46dac-440x440.jpg 440w, https:\/\/2points.fr\/beta-3\/wp-content\/uploads\/2022\/12\/GetPaidStock.com-63a0918c46dac-180x180.jpg 180w, https:\/\/2points.fr\/beta-3\/wp-content\/uploads\/2022\/12\/GetPaidStock.com-63a0918c46dac-120x120.jpg 120w\" sizes=\"(max-width: 1024px) 100vw, 1024px\" \/>\t\t\t\t\t\t\t\t\t\t\t\t\t\t<\/div>\n\t\t\t\t\t\t<\/div>\n\t\t\t\t<\/div>\n\t\t\t\t<div class=\"elementor-element elementor-element-80358f1 elementor-widget elementor-widget-text-editor\" data-id=\"80358f1\" data-element_type=\"widget\" data-widget_type=\"text-editor.default\">\n\t\t\t\t<div class=\"elementor-widget-container\">\n\t\t\t\t\t\t\t\t<div class=\"elementor-text-editor elementor-clearfix\">\n\t\t\t\t<p>Lors de votre rendez-vous apportez vos <strong>examens ant\u00e9rieurs<\/strong> ou tous documents qui pourraient \u00eatre n\u00e9cessaires au m\u00e9decin<\/p>\t\t\t\t\t<\/div>\n\t\t\t\t\t\t<\/div>\n\t\t\t\t<\/div>\n\t\t\t\t\t\t<\/div>\n\t\t\t\t\t<\/div>\n\t\t<\/div>\n\t\t\t\t<div class=\"elementor-column elementor-col-20 elementor-inner-column elementor-element elementor-element-f7b75f3\" data-id=\"f7b75f3\" data-element_type=\"column\">\n\t\t\t<div class=\"elementor-column-wrap elementor-element-populated\">\n\t\t\t\t\t\t\t<div class=\"elementor-widget-wrap\">\n\t\t\t\t\t\t<div class=\"elementor-element elementor-element-36e7aa8 elementor-widget elementor-widget-heading\" data-id=\"36e7aa8\" data-element_type=\"widget\" data-widget_type=\"heading.default\">\n\t\t\t\t<div class=\"elementor-widget-container\">\n\t\t\t<h2 class=\"elementor-heading-title elementor-size-default\">Carte vitale &amp; Mutuelle<\/h2>\t\t<\/div>\n\t\t\t\t<\/div>\n\t\t\t\t<div class=\"elementor-element elementor-element-a52262c elementor-widget elementor-widget-image\" data-id=\"a52262c\" data-element_type=\"widget\" data-widget_type=\"image.default\">\n\t\t\t\t<div class=\"elementor-widget-container\">\n\t\t\t\t\t\t\t\t<div class=\"elementor-image\">\n\t\t\t\t\t\t\t\t\t\t\t\t<img width=\"1024\" height=\"722\" src=\"https:\/\/2points.fr\/beta-3\/wp-content\/uploads\/2022\/12\/GetPaidStock.com-63a094b17d221.jpg\" class=\"attachment-full size-full\" alt=\"\" loading=\"lazy\" srcset=\"https:\/\/2points.fr\/beta-3\/wp-content\/uploads\/2022\/12\/GetPaidStock.com-63a094b17d221.jpg 1024w, https:\/\/2points.fr\/beta-3\/wp-content\/uploads\/2022\/12\/GetPaidStock.com-63a094b17d221-300x212.jpg 300w, https:\/\/2points.fr\/beta-3\/wp-content\/uploads\/2022\/12\/GetPaidStock.com-63a094b17d221-768x542.jpg 768w\" sizes=\"(max-width: 1024px) 100vw, 1024px\" \/>\t\t\t\t\t\t\t\t\t\t\t\t\t\t<\/div>\n\t\t\t\t\t\t<\/div>\n\t\t\t\t<\/div>\n\t\t\t\t<div class=\"elementor-element elementor-element-0ce75b3 elementor-widget elementor-widget-text-editor\" data-id=\"0ce75b3\" data-element_type=\"widget\" data-widget_type=\"text-editor.default\">\n\t\t\t\t<div class=\"elementor-widget-container\">\n\t\t\t\t\t\t\t\t<div class=\"elementor-text-editor elementor-clearfix\">\n\t\t\t\t<p>\u00a0Pour B\u00e9n\u00e9ficier du Tiers payant, pr\u00e9sentez-vous \u00e0 nos accueils avec\u00a0votre <strong>carte vitale<\/strong> et <strong>carte mutuelle<\/strong>\u00a0\u00e0 jour.\u00a0<\/p>\t\t\t\t\t<\/div>\n\t\t\t\t\t\t<\/div>\n\t\t\t\t<\/div>\n\t\t\t\t\t\t<\/div>\n\t\t\t\t\t<\/div>\n\t\t<\/div>\n\t\t\t\t<div class=\"elementor-column elementor-col-20 elementor-inner-column elementor-element elementor-element-c041eed\" data-id=\"c041eed\" data-element_type=\"column\">\n\t\t\t<div class=\"elementor-column-wrap elementor-element-populated\">\n\t\t\t\t\t\t\t<div class=\"elementor-widget-wrap\">\n\t\t\t\t\t\t<div class=\"elementor-element elementor-element-9dcf54a elementor-widget elementor-widget-heading\" data-id=\"9dcf54a\" data-element_type=\"widget\" data-widget_type=\"heading.default\">\n\t\t\t\t<div class=\"elementor-widget-container\">\n\t\t\t<h2 class=\"elementor-heading-title elementor-size-default\">Consultation<\/h2>\t\t<\/div>\n\t\t\t\t<\/div>\n\t\t\t\t<div class=\"elementor-element elementor-element-1740de9 elementor-widget elementor-widget-image\" data-id=\"1740de9\" data-element_type=\"widget\" data-widget_type=\"image.default\">\n\t\t\t\t<div class=\"elementor-widget-container\">\n\t\t\t\t\t\t\t\t<div class=\"elementor-image\">\n\t\t\t\t\t\t\t\t\t\t\t\t<img width=\"1024\" height=\"853\" src=\"https:\/\/2points.fr\/beta-3\/wp-content\/uploads\/2022\/12\/GetPaidStock.com-63a094f73dafc.jpg\" class=\"attachment-full size-full\" alt=\"\" loading=\"lazy\" srcset=\"https:\/\/2points.fr\/beta-3\/wp-content\/uploads\/2022\/12\/GetPaidStock.com-63a094f73dafc.jpg 1024w, https:\/\/2points.fr\/beta-3\/wp-content\/uploads\/2022\/12\/GetPaidStock.com-63a094f73dafc-300x250.jpg 300w, https:\/\/2points.fr\/beta-3\/wp-content\/uploads\/2022\/12\/GetPaidStock.com-63a094f73dafc-768x640.jpg 768w\" sizes=\"(max-width: 1024px) 100vw, 1024px\" \/>\t\t\t\t\t\t\t\t\t\t\t\t\t\t<\/div>\n\t\t\t\t\t\t<\/div>\n\t\t\t\t<\/div>\n\t\t\t\t<div class=\"elementor-element elementor-element-e22444d elementor-widget elementor-widget-text-editor\" data-id=\"e22444d\" data-element_type=\"widget\" data-widget_type=\"text-editor.default\">\n\t\t\t\t<div class=\"elementor-widget-container\">\n\t\t\t\t\t\t\t\t<div class=\"elementor-text-editor elementor-clearfix\">\n\t\t\t\t<p><strong>Pr\u00e8s de 80 praticiens<\/strong>, m\u00e9decins g\u00e9n\u00e9ralistes, sp\u00e9cialistes et dentistes au <strong>service de votre sant\u00e9<\/strong><\/p>\t\t\t\t\t<\/div>\n\t\t\t\t\t\t<\/div>\n\t\t\t\t<\/div>\n\t\t\t\t\t\t<\/div>\n\t\t\t\t\t<\/div>\n\t\t<\/div>\n\t\t\t\t<div class=\"elementor-column elementor-col-20 elementor-inner-column elementor-element elementor-element-c91e5a7\" data-id=\"c91e5a7\" data-element_type=\"column\">\n\t\t\t<div class=\"elementor-column-wrap elementor-element-populated\">\n\t\t\t\t\t\t\t<div class=\"elementor-widget-wrap\">\n\t\t\t\t\t\t<div class=\"elementor-element elementor-element-5abff0e elementor-widget elementor-widget-heading\" data-id=\"5abff0e\" data-element_type=\"widget\" data-widget_type=\"heading.default\">\n\t\t\t\t<div class=\"elementor-widget-container\">\n\t\t\t<h2 class=\"elementor-heading-title elementor-size-default\">Dossier M\u00e9dical<br><\/h2>\t\t<\/div>\n\t\t\t\t<\/div>\n\t\t\t\t<div class=\"elementor-element elementor-element-2ecd0b7 elementor-widget elementor-widget-image\" data-id=\"2ecd0b7\" data-element_type=\"widget\" data-widget_type=\"image.default\">\n\t\t\t\t<div class=\"elementor-widget-container\">\n\t\t\t\t\t\t\t\t<div class=\"elementor-image\">\n\t\t\t\t\t\t\t\t\t\t\t\t<img width=\"1024\" height=\"683\" src=\"https:\/\/2points.fr\/beta-3\/wp-content\/uploads\/2022\/12\/GetPaidStock.com-63a091fea65a5.jpg\" class=\"attachment-full size-full\" alt=\"\" loading=\"lazy\" srcset=\"https:\/\/2points.fr\/beta-3\/wp-content\/uploads\/2022\/12\/GetPaidStock.com-63a091fea65a5.jpg 1024w, https:\/\/2points.fr\/beta-3\/wp-content\/uploads\/2022\/12\/GetPaidStock.com-63a091fea65a5-300x200.jpg 300w, https:\/\/2points.fr\/beta-3\/wp-content\/uploads\/2022\/12\/GetPaidStock.com-63a091fea65a5-768x512.jpg 768w\" sizes=\"(max-width: 1024px) 100vw, 1024px\" \/>\t\t\t\t\t\t\t\t\t\t\t\t\t\t<\/div>\n\t\t\t\t\t\t<\/div>\n\t\t\t\t<\/div>\n\t\t\t\t<div class=\"elementor-element elementor-element-9720d9c elementor-widget elementor-widget-text-editor\" data-id=\"9720d9c\" data-element_type=\"widget\" data-widget_type=\"text-editor.default\">\n\t\t\t\t<div class=\"elementor-widget-container\">\n\t\t\t\t\t\t\t\t<div class=\"elementor-text-editor elementor-clearfix\">\n\t\t\t\t<p>Votre<strong> dossier m\u00e9dical, commun et partag\u00e9<\/strong> par l\u2019ensemble<br \/>des praticiens,\u00a0pour assurer un suivi m\u00e9dical optimis\u00e9.<\/p>\t\t\t\t\t<\/div>\n\t\t\t\t\t\t<\/div>\n\t\t\t\t<\/div>\n\t\t\t\t\t\t<\/div>\n\t\t\t\t\t<\/div>\n\t\t<\/div>\n\t\t\t\t\t\t\t\t<\/div>\n\t\t\t\t\t<\/div>\n\t\t<\/section>\n\t\t\t\t\t\t<\/div>\n\t\t\t\t\t<\/div>\n\t\t<\/div>\n\t\t\t\t\t\t\t\t<\/div>\n\t\t\t\t\t<\/div>\n\t\t<\/section>\n\t\t\t\t\t\t<\/div>\n\t\t\t\t\t\t<\/div>\n\t\t\t\t\t<\/div>\n\t\t","protected":false},"excerpt":{"rendered":"<p>Le Centre de Sant\u00e9 Haussmann vous propose des consultations en Pneumologie. Cette sp\u00e9cialit\u00e9 m\u00e9dicale est consacr\u00e9e \u00e0 l\u2019\u00e9tude et au traitement des pathologies li\u00e9es aux poumons, aux bronches, \u00e0 la pl\u00e8vre et au m\u00e9diastin,\u00a0ainsi qu\u2019\u00e0 ses maladies : L\u2019apn\u00e9e du sommeil, La broncho-pneumopathie chronique obstructive ou BPCO, L\u2019asthme, et les allergies respiratoires Les infections respiratoires [&hellip;]<\/p>\n","protected":false},"author":1,"featured_media":0,"parent":0,"menu_order":0,"comment_status":"closed","ping_status":"closed","template":"","meta":[],"_links":{"self":[{"href":"https:\/\/2points.fr\/beta-3\/wp-json\/wp\/v2\/pages\/3585"}],"collection":[{"href":"https:\/\/2points.fr\/beta-3\/wp-json\/wp\/v2\/pages"}],"about":[{"href":"https:\/\/2points.fr\/beta-3\/wp-json\/wp\/v2\/types\/page"}],"author":[{"embeddable":true,"href":"https:\/\/2points.fr\/beta-3\/wp-json\/wp\/v2\/users\/1"}],"replies":[{"embeddable":true,"href":"https:\/\/2points.fr\/beta-3\/wp-json\/wp\/v2\/comments?post=3585"}],"version-history":[{"count":31,"href":"https:\/\/2points.fr\/beta-3\/wp-json\/wp\/v2\/pages\/3585\/revisions"}],"predecessor-version":[{"id":5372,"href":"https:\/\/2points.fr\/beta-3\/wp-json\/wp\/v2\/pages\/3585\/revisions\/5372"}],"wp:attachment":[{"href":"https:\/\/2points.fr\/beta-3\/wp-json\/wp\/v2\/media?parent=3585"}],"curies":[{"name":"wp","href":"https:\/\/api.w.org\/{rel}","templated":true}]}}