{"id":3584,"date":"2021-11-09T15:33:58","date_gmt":"2021-11-09T14:33:58","guid":{"rendered":"https:\/\/2points.fr\/beta-3\/?page_id=3584"},"modified":"2022-12-20T17:58:50","modified_gmt":"2022-12-20T16:58:50","slug":"phlebologie-angiologie","status":"publish","type":"page","link":"https:\/\/2points.fr\/beta-3\/phlebologie-angiologie\/","title":{"rendered":"Phl\u00e9bologie Angiologie"},"content":{"rendered":"\t\t<div data-elementor-type=\"wp-post\" data-elementor-id=\"3584\" class=\"elementor elementor-3584\" data-elementor-settings=\"[]\">\n\t\t\t\t\t\t<div class=\"elementor-inner\">\n\t\t\t\t\t\t\t<div class=\"elementor-section-wrap\">\n\t\t\t\t\t\t\t<section class=\"elementor-section elementor-top-section elementor-element elementor-element-e5dc143 elementor-section-full_width elementor-section-stretched elementor-section-height-default elementor-section-height-default\" data-id=\"e5dc143\" data-element_type=\"section\" data-settings=\"{&quot;stretch_section&quot;:&quot;section-stretched&quot;,&quot;background_background&quot;:&quot;classic&quot;}\">\n\t\t\t\t\t\t\t<div class=\"elementor-background-overlay\"><\/div>\n\t\t\t\t\t\t\t<div class=\"elementor-container elementor-column-gap-default\">\n\t\t\t\t\t\t\t<div class=\"elementor-row\">\n\t\t\t\t\t<div class=\"elementor-column elementor-col-100 elementor-top-column elementor-element elementor-element-f5bcc60\" data-id=\"f5bcc60\" data-element_type=\"column\">\n\t\t\t<div class=\"elementor-column-wrap elementor-element-populated\">\n\t\t\t\t\t\t\t<div class=\"elementor-widget-wrap\">\n\t\t\t\t\t\t<div class=\"elementor-element elementor-element-7700954 elementor-widget elementor-widget-heading\" data-id=\"7700954\" data-element_type=\"widget\" data-widget_type=\"heading.default\">\n\t\t\t\t<div class=\"elementor-widget-container\">\n\t\t\t<h2 class=\"elementor-heading-title elementor-size-default\">Phl\u00e9bologie Angiologie<\/h2>\t\t<\/div>\n\t\t\t\t<\/div>\n\t\t\t\t\t\t<\/div>\n\t\t\t\t\t<\/div>\n\t\t<\/div>\n\t\t\t\t\t\t\t\t<\/div>\n\t\t\t\t\t<\/div>\n\t\t<\/section>\n\t\t\t\t<section class=\"elementor-section elementor-top-section elementor-element elementor-element-0a1cc3d elementor-section-stretched elementor-section-boxed elementor-section-height-default elementor-section-height-default\" data-id=\"0a1cc3d\" data-element_type=\"section\" data-settings=\"{&quot;stretch_section&quot;:&quot;section-stretched&quot;,&quot;background_background&quot;:&quot;classic&quot;}\">\n\t\t\t\t\t\t<div class=\"elementor-container elementor-column-gap-default\">\n\t\t\t\t\t\t\t<div class=\"elementor-row\">\n\t\t\t\t\t<div class=\"elementor-column elementor-col-100 elementor-top-column elementor-element elementor-element-0aa94f6\" data-id=\"0aa94f6\" data-element_type=\"column\">\n\t\t\t<div class=\"elementor-column-wrap elementor-element-populated\">\n\t\t\t\t\t\t\t<div class=\"elementor-widget-wrap\">\n\t\t\t\t\t\t<div class=\"elementor-element elementor-element-7d0966f elementor-widget elementor-widget-text-editor\" data-id=\"7d0966f\" data-element_type=\"widget\" data-widget_type=\"text-editor.default\">\n\t\t\t\t<div class=\"elementor-widget-container\">\n\t\t\t\t\t\t\t\t<div class=\"elementor-text-editor elementor-clearfix\">\n\t\t\t\t<h6>Le Centre de Sant\u00e9 Haussmann vous propose des consultations en Phl\u00e9bologie ou Angiologie<\/h6><p><strong>L&#8217;angiologie aussi appel\u00e9e m\u00e9decine vasculaire<\/strong><span>\u00a0est une sp\u00e9cialit\u00e9 m\u00e9dicale s\u2019int\u00e9ressant au fonctionnement et aux affections de l\u2019<\/span><strong>appareil circulatoire<\/strong><span>, \u00e0 savoir les veines, les art\u00e8res, la microcirculation (les petits vaisseaux) et le syst\u00e8me lymphatique.<\/span><\/p><p>Le m\u00e9decin angiologue poss\u00e8de un large domaine de comp\u00e9tences allant de l\u2019\u00e9chographie-doppler, \u00e0 la phl\u00e9bologie, en passant par le traitement des pathologies des veines, des art\u00e8res et des varices. Il intervient dans la pr\u00e9vention, le diagnostic, le traitement et le suivi du patient et il traite des pathologies suivantes :<\/p><ul><li>Maladies des art\u00e8res (art\u00e9riopathie, an\u00e9vrismes, maladies g\u00e9n\u00e9tiques, vascularites)<\/li><li>Maladies veineuses (varices, phl\u00e9bite, embolie pulmonaire, thrombophilies, malformations veineuses)<\/li><li>De la microcirculation (syndrome de Raynaud, embolies de cholest\u00e9rol)<\/li><li>Maladies lymphatiques (lymphoed\u00e8mes, malformations)<\/li><\/ul><h6>Quand consulter un Angiologue ?<\/h6><p>Certains signes peuvent \u00e9voquer un probl\u00e8me circulatoire ou une pathologie vasculaire :<\/p><ul><li>Jambes lourdes et\/ou enfl\u00e9es<\/li><li>Douleurs dans les membres<\/li><li>Difficult\u00e9s respiratoires<\/li><li>Bleuissement des extr\u00e9mit\u00e9s\u2026<\/li><\/ul><p>Ils doivent conduire \u00e0 une<span>\u00a0<\/span><strong>consultation du\u00a0<span style=\"text-decoration: underline;\"><a href=\"https:\/\/2points.fr\/beta-3\/medecine-generale\/\" title=\"Prendre rdv avec un m\u00e9decin traitant\">m\u00e9decin traitant<\/a><\/span><\/strong><span style=\"text-decoration: underline;\">\u00a0<\/span>qui pourra, s\u2019il le juge n\u00e9cessaire, demander l\u2019<strong>avis sp\u00e9cialis\u00e9 d\u2019un angiologue<\/strong>.<\/p>\t\t\t\t\t<\/div>\n\t\t\t\t\t\t<\/div>\n\t\t\t\t<\/div>\n\t\t\t\t<div class=\"elementor-element elementor-element-ef3c77b elementor-widget elementor-widget-text-editor\" data-id=\"ef3c77b\" data-element_type=\"widget\" data-widget_type=\"text-editor.default\">\n\t\t\t\t<div class=\"elementor-widget-container\">\n\t\t\t\t\t\t\t\t<div class=\"elementor-text-editor elementor-clearfix\">\n\t\t\t\t<h6>Autres examens pratiqu\u00e9s:<\/h6><ul><li>Echo-Doppler<\/li><li>Scl\u00e9rose Varices<\/li><\/ul><p>\u00a0<\/p>\t\t\t\t\t<\/div>\n\t\t\t\t\t\t<\/div>\n\t\t\t\t<\/div>\n\t\t\t\t\t\t<\/div>\n\t\t\t\t\t<\/div>\n\t\t<\/div>\n\t\t\t\t\t\t\t\t<\/div>\n\t\t\t\t\t<\/div>\n\t\t<\/section>\n\t\t\t\t<section class=\"elementor-section elementor-top-section elementor-element elementor-element-537173d elementor-section-stretched elementor-section-full_width elementor-section-height-default elementor-section-height-default\" data-id=\"537173d\" data-element_type=\"section\" data-settings=\"{&quot;stretch_section&quot;:&quot;section-stretched&quot;,&quot;background_background&quot;:&quot;classic&quot;}\">\n\t\t\t\t\t\t<div class=\"elementor-container elementor-column-gap-no\">\n\t\t\t\t\t\t\t<div class=\"elementor-row\">\n\t\t\t\t\t<div class=\"elementor-column elementor-col-100 elementor-top-column elementor-element elementor-element-7a73ac0\" data-id=\"7a73ac0\" data-element_type=\"column\">\n\t\t\t<div class=\"elementor-column-wrap elementor-element-populated\">\n\t\t\t\t\t\t\t<div class=\"elementor-widget-wrap\">\n\t\t\t\t\t\t<div class=\"elementor-element elementor-element-816f075 elementor-widget elementor-widget-html\" data-id=\"816f075\" data-element_type=\"widget\" data-widget_type=\"html.default\">\n\t\t\t\t<div class=\"elementor-widget-container\">\n\t\t\t<p align=center><iframe loading=\"lazy\" style=\"width: 100%; height: 304px; min-height: 304px;\" src=\"https:\/\/partners.doctolib.fr\/centre-de-sante\/paris-9e-arrondissement\/centre-de-sante-haussmann?visit_motive_category_id=10421\" width=\"300\" height=\"150\" scrolling=\"no\"><\/iframe><script src=\"https:\/\/www.doctolib.fr\/js\/iframeResizer.js\"><\/script><script>iFrameResize()<\/script>\t\t<\/div>\n\t\t\t\t<\/div>\n\t\t\t\t\t\t<\/div>\n\t\t\t\t\t<\/div>\n\t\t<\/div>\n\t\t\t\t\t\t\t\t<\/div>\n\t\t\t\t\t<\/div>\n\t\t<\/section>\n\t\t\t\t<section class=\"elementor-section elementor-top-section elementor-element elementor-element-f7b1be6 elementor-section-stretched elementor-section-boxed elementor-section-height-default elementor-section-height-default\" data-id=\"f7b1be6\" data-element_type=\"section\" data-settings=\"{&quot;stretch_section&quot;:&quot;section-stretched&quot;,&quot;background_background&quot;:&quot;classic&quot;}\">\n\t\t\t\t\t\t<div class=\"elementor-container elementor-column-gap-extended\">\n\t\t\t\t\t\t\t<div class=\"elementor-row\">\n\t\t\t\t\t<div class=\"elementor-column elementor-col-100 elementor-top-column elementor-element elementor-element-867b9bd\" data-id=\"867b9bd\" data-element_type=\"column\">\n\t\t\t<div class=\"elementor-column-wrap elementor-element-populated\">\n\t\t\t\t\t\t\t<div class=\"elementor-widget-wrap\">\n\t\t\t\t\t\t<div class=\"elementor-element elementor-element-dc8d0ed elementor-widget elementor-widget-spacer\" data-id=\"dc8d0ed\" data-element_type=\"widget\" data-widget_type=\"spacer.default\">\n\t\t\t\t<div class=\"elementor-widget-container\">\n\t\t\t\t\t<div class=\"elementor-spacer\">\n\t\t\t<div class=\"elementor-spacer-inner\"><\/div>\n\t\t<\/div>\n\t\t\t\t<\/div>\n\t\t\t\t<\/div>\n\t\t\t\t<div class=\"elementor-element elementor-element-b6f7075 elementor-widget elementor-widget-spacer\" data-id=\"b6f7075\" data-element_type=\"widget\" data-widget_type=\"spacer.default\">\n\t\t\t\t<div class=\"elementor-widget-container\">\n\t\t\t\t\t<div class=\"elementor-spacer\">\n\t\t\t<div class=\"elementor-spacer-inner\"><\/div>\n\t\t<\/div>\n\t\t\t\t<\/div>\n\t\t\t\t<\/div>\n\t\t\t\t<div class=\"elementor-element elementor-element-0b5b1e6 elementor-widget elementor-widget-heading\" data-id=\"0b5b1e6\" data-element_type=\"widget\" data-widget_type=\"heading.default\">\n\t\t\t\t<div class=\"elementor-widget-container\">\n\t\t\t<h3 class=\"elementor-heading-title elementor-size-default\">Nos M\u00e9decins<\/h3>\t\t<\/div>\n\t\t\t\t<\/div>\n\t\t\t\t<section class=\"elementor-section elementor-inner-section elementor-element elementor-element-adc4aef elementor-section-boxed elementor-section-height-default elementor-section-height-default\" data-id=\"adc4aef\" data-element_type=\"section\">\n\t\t\t\t\t\t<div class=\"elementor-container elementor-column-gap-default\">\n\t\t\t\t\t\t\t<div class=\"elementor-row\">\n\t\t\t\t\t<div class=\"elementor-column elementor-col-25 elementor-inner-column elementor-element elementor-element-d472dff\" data-id=\"d472dff\" data-element_type=\"column\">\n\t\t\t<div class=\"elementor-column-wrap elementor-element-populated\">\n\t\t\t\t\t\t\t<div class=\"elementor-widget-wrap\">\n\t\t\t\t\t\t<div class=\"elementor-element elementor-element-dbbd1f4 elementor-cta--layout-image-above elementor-cta--valign-middle elementor-cta--skin-classic elementor-animated-content elementor-bg-transform elementor-bg-transform-zoom-in elementor-widget elementor-widget-call-to-action\" data-id=\"dbbd1f4\" data-element_type=\"widget\" data-widget_type=\"call-to-action.default\">\n\t\t\t\t<div class=\"elementor-widget-container\">\n\t\t\t\t\t<div class=\"elementor-cta\">\n\t\t\t\t\t<div class=\"elementor-cta__bg-wrapper\">\n\t\t\t\t<div class=\"elementor-cta__bg elementor-bg\" style=\"background-image: url(https:\/\/2points.fr\/beta-3\/wp-content\/uploads\/2021\/12\/Dr-Cots-Gre\u0301gory-e1639136217828.jpg);\"><\/div>\n\t\t\t\t<div class=\"elementor-cta__bg-overlay\"><\/div>\n\t\t\t<\/div>\n\t\t\t\t\t\t\t<div class=\"elementor-cta__content\">\n\t\t\t\t\n\t\t\t\t\n\t\t\t\t\t\t\t\t\t<div class=\"elementor-cta__description elementor-cta__content-item elementor-content-item\">\n\t\t\t\t\t\tJeudi journ\u00e9e<br>\nVendredi matin\n\n\t\t\t\t\t<\/div>\n\t\t\t\t\n\t\t\t\t\t\t\t<\/div>\n\t\t\t\t\t\t<\/div>\n\t\t\t\t<\/div>\n\t\t\t\t<\/div>\n\t\t\t\t\t\t<\/div>\n\t\t\t\t\t<\/div>\n\t\t<\/div>\n\t\t\t\t<div class=\"elementor-column elementor-col-25 elementor-inner-column elementor-element elementor-element-0ab8260\" data-id=\"0ab8260\" data-element_type=\"column\">\n\t\t\t<div class=\"elementor-column-wrap\">\n\t\t\t\t\t\t\t<div class=\"elementor-widget-wrap\">\n\t\t\t\t\t\t\t\t<\/div>\n\t\t\t\t\t<\/div>\n\t\t<\/div>\n\t\t\t\t<div class=\"elementor-column elementor-col-25 elementor-inner-column elementor-element elementor-element-79425a3\" data-id=\"79425a3\" data-element_type=\"column\">\n\t\t\t<div class=\"elementor-column-wrap\">\n\t\t\t\t\t\t\t<div class=\"elementor-widget-wrap\">\n\t\t\t\t\t\t\t\t<\/div>\n\t\t\t\t\t<\/div>\n\t\t<\/div>\n\t\t\t\t<div class=\"elementor-column elementor-col-25 elementor-inner-column elementor-element elementor-element-3035764\" data-id=\"3035764\" data-element_type=\"column\">\n\t\t\t<div class=\"elementor-column-wrap\">\n\t\t\t\t\t\t\t<div class=\"elementor-widget-wrap\">\n\t\t\t\t\t\t\t\t<\/div>\n\t\t\t\t\t<\/div>\n\t\t<\/div>\n\t\t\t\t\t\t\t\t<\/div>\n\t\t\t\t\t<\/div>\n\t\t<\/section>\n\t\t\t\t\t\t<\/div>\n\t\t\t\t\t<\/div>\n\t\t<\/div>\n\t\t\t\t\t\t\t\t<\/div>\n\t\t\t\t\t<\/div>\n\t\t<\/section>\n\t\t\t\t<section class=\"elementor-section elementor-top-section elementor-element elementor-element-c761c5b elementor-section-full_width elementor-section-stretched elementor-section-height-default elementor-section-height-default\" data-id=\"c761c5b\" data-element_type=\"section\" data-settings=\"{&quot;stretch_section&quot;:&quot;section-stretched&quot;,&quot;background_background&quot;:&quot;classic&quot;}\">\n\t\t\t\t\t\t<div class=\"elementor-container elementor-column-gap-no\">\n\t\t\t\t\t\t\t<div class=\"elementor-row\">\n\t\t\t\t\t<div class=\"elementor-column elementor-col-100 elementor-top-column elementor-element elementor-element-fcecfde\" data-id=\"fcecfde\" data-element_type=\"column\">\n\t\t\t<div class=\"elementor-column-wrap elementor-element-populated\">\n\t\t\t\t\t\t\t<div class=\"elementor-widget-wrap\">\n\t\t\t\t\t\t<div class=\"elementor-element elementor-element-a4afef3 elementor-widget elementor-widget-heading\" data-id=\"a4afef3\" data-element_type=\"widget\" data-widget_type=\"heading.default\">\n\t\t\t\t<div class=\"elementor-widget-container\">\n\t\t\t<h2 class=\"elementor-heading-title elementor-size-large\">Votre parcours patient<\/h2>\t\t<\/div>\n\t\t\t\t<\/div>\n\t\t\t\t<section class=\"elementor-section elementor-inner-section elementor-element elementor-element-d7a63d1 elementor-section-boxed elementor-section-height-default elementor-section-height-default\" data-id=\"d7a63d1\" data-element_type=\"section\">\n\t\t\t\t\t\t<div class=\"elementor-container elementor-column-gap-wide\">\n\t\t\t\t\t\t\t<div class=\"elementor-row\">\n\t\t\t\t\t<div class=\"elementor-column elementor-col-20 elementor-inner-column elementor-element elementor-element-d0c7414\" data-id=\"d0c7414\" data-element_type=\"column\">\n\t\t\t<div class=\"elementor-column-wrap elementor-element-populated\">\n\t\t\t\t\t\t\t<div class=\"elementor-widget-wrap\">\n\t\t\t\t\t\t<div class=\"elementor-element elementor-element-eee189d elementor-widget elementor-widget-heading\" data-id=\"eee189d\" data-element_type=\"widget\" data-widget_type=\"heading.default\">\n\t\t\t\t<div class=\"elementor-widget-container\">\n\t\t\t<h2 class=\"elementor-heading-title elementor-size-default\">Rendez-vous<br><\/h2>\t\t<\/div>\n\t\t\t\t<\/div>\n\t\t\t\t<div class=\"elementor-element elementor-element-98bad54 elementor-widget elementor-widget-image\" data-id=\"98bad54\" data-element_type=\"widget\" data-widget_type=\"image.default\">\n\t\t\t\t<div class=\"elementor-widget-container\">\n\t\t\t\t\t\t\t\t<div class=\"elementor-image\">\n\t\t\t\t\t\t\t\t\t\t\t\t<img width=\"1024\" height=\"768\" src=\"https:\/\/2points.fr\/beta-3\/wp-content\/uploads\/2022\/12\/GetPaidStock.com-63a08628a8b4e.jpg\" class=\"attachment-large size-large\" alt=\"\" loading=\"lazy\" srcset=\"https:\/\/2points.fr\/beta-3\/wp-content\/uploads\/2022\/12\/GetPaidStock.com-63a08628a8b4e.jpg 1024w, https:\/\/2points.fr\/beta-3\/wp-content\/uploads\/2022\/12\/GetPaidStock.com-63a08628a8b4e-300x225.jpg 300w, https:\/\/2points.fr\/beta-3\/wp-content\/uploads\/2022\/12\/GetPaidStock.com-63a08628a8b4e-768x576.jpg 768w\" sizes=\"(max-width: 1024px) 100vw, 1024px\" \/>\t\t\t\t\t\t\t\t\t\t\t\t\t\t<\/div>\n\t\t\t\t\t\t<\/div>\n\t\t\t\t<\/div>\n\t\t\t\t<div class=\"elementor-element elementor-element-239faca elementor-widget elementor-widget-text-editor\" data-id=\"239faca\" data-element_type=\"widget\" data-widget_type=\"text-editor.default\">\n\t\t\t\t<div class=\"elementor-widget-container\">\n\t\t\t\t\t\t\t\t<div class=\"elementor-text-editor elementor-clearfix\">\n\t\t\t\t<p>Prenez <strong>Rendez-vous<\/strong> sur <strong>Doctolib<\/strong>, ou <strong>par t\u00e9l\u00e9phone<\/strong> aupr\u00e8s de notre standard t\u00e9l\u00e9phonique au <strong>01.48.00.24.00<\/strong><\/p>\t\t\t\t\t<\/div>\n\t\t\t\t\t\t<\/div>\n\t\t\t\t<\/div>\n\t\t\t\t\t\t<\/div>\n\t\t\t\t\t<\/div>\n\t\t<\/div>\n\t\t\t\t<div class=\"elementor-column elementor-col-20 elementor-inner-column elementor-element elementor-element-30da471\" data-id=\"30da471\" data-element_type=\"column\">\n\t\t\t<div class=\"elementor-column-wrap elementor-element-populated\">\n\t\t\t\t\t\t\t<div class=\"elementor-widget-wrap\">\n\t\t\t\t\t\t<div class=\"elementor-element elementor-element-17f0860 elementor-widget elementor-widget-heading\" data-id=\"17f0860\" data-element_type=\"widget\" data-widget_type=\"heading.default\">\n\t\t\t\t<div class=\"elementor-widget-container\">\n\t\t\t<h2 class=\"elementor-heading-title elementor-size-default\">Documents m\u00e9dicaux<\/h2>\t\t<\/div>\n\t\t\t\t<\/div>\n\t\t\t\t<div class=\"elementor-element elementor-element-78e1a6b elementor-widget elementor-widget-image\" data-id=\"78e1a6b\" data-element_type=\"widget\" data-widget_type=\"image.default\">\n\t\t\t\t<div class=\"elementor-widget-container\">\n\t\t\t\t\t\t\t\t<div class=\"elementor-image\">\n\t\t\t\t\t\t\t\t\t\t\t\t<img width=\"1024\" height=\"1024\" src=\"https:\/\/2points.fr\/beta-3\/wp-content\/uploads\/2022\/12\/GetPaidStock.com-63a0918c46dac.jpg\" class=\"attachment-full size-full\" alt=\"\" loading=\"lazy\" srcset=\"https:\/\/2points.fr\/beta-3\/wp-content\/uploads\/2022\/12\/GetPaidStock.com-63a0918c46dac.jpg 1024w, https:\/\/2points.fr\/beta-3\/wp-content\/uploads\/2022\/12\/GetPaidStock.com-63a0918c46dac-300x300.jpg 300w, https:\/\/2points.fr\/beta-3\/wp-content\/uploads\/2022\/12\/GetPaidStock.com-63a0918c46dac-150x150.jpg 150w, https:\/\/2points.fr\/beta-3\/wp-content\/uploads\/2022\/12\/GetPaidStock.com-63a0918c46dac-768x768.jpg 768w, https:\/\/2points.fr\/beta-3\/wp-content\/uploads\/2022\/12\/GetPaidStock.com-63a0918c46dac-440x440.jpg 440w, https:\/\/2points.fr\/beta-3\/wp-content\/uploads\/2022\/12\/GetPaidStock.com-63a0918c46dac-180x180.jpg 180w, https:\/\/2points.fr\/beta-3\/wp-content\/uploads\/2022\/12\/GetPaidStock.com-63a0918c46dac-120x120.jpg 120w\" sizes=\"(max-width: 1024px) 100vw, 1024px\" \/>\t\t\t\t\t\t\t\t\t\t\t\t\t\t<\/div>\n\t\t\t\t\t\t<\/div>\n\t\t\t\t<\/div>\n\t\t\t\t<div class=\"elementor-element elementor-element-88127bc elementor-widget elementor-widget-text-editor\" data-id=\"88127bc\" data-element_type=\"widget\" data-widget_type=\"text-editor.default\">\n\t\t\t\t<div class=\"elementor-widget-container\">\n\t\t\t\t\t\t\t\t<div class=\"elementor-text-editor elementor-clearfix\">\n\t\t\t\t<p>Lors de votre rendez-vous apportez vos <strong>examens ant\u00e9rieurs<\/strong> ou tous documents qui pourraient \u00eatre n\u00e9cessaires au m\u00e9decin<\/p>\t\t\t\t\t<\/div>\n\t\t\t\t\t\t<\/div>\n\t\t\t\t<\/div>\n\t\t\t\t\t\t<\/div>\n\t\t\t\t\t<\/div>\n\t\t<\/div>\n\t\t\t\t<div class=\"elementor-column elementor-col-20 elementor-inner-column elementor-element elementor-element-fe18f81\" data-id=\"fe18f81\" data-element_type=\"column\">\n\t\t\t<div class=\"elementor-column-wrap elementor-element-populated\">\n\t\t\t\t\t\t\t<div class=\"elementor-widget-wrap\">\n\t\t\t\t\t\t<div class=\"elementor-element elementor-element-4efb2c7 elementor-widget elementor-widget-heading\" data-id=\"4efb2c7\" data-element_type=\"widget\" data-widget_type=\"heading.default\">\n\t\t\t\t<div class=\"elementor-widget-container\">\n\t\t\t<h2 class=\"elementor-heading-title elementor-size-default\">Carte vitale &amp; Mutuelle<\/h2>\t\t<\/div>\n\t\t\t\t<\/div>\n\t\t\t\t<div class=\"elementor-element elementor-element-6ecc23b elementor-widget elementor-widget-image\" data-id=\"6ecc23b\" data-element_type=\"widget\" data-widget_type=\"image.default\">\n\t\t\t\t<div class=\"elementor-widget-container\">\n\t\t\t\t\t\t\t\t<div class=\"elementor-image\">\n\t\t\t\t\t\t\t\t\t\t\t\t<img width=\"1024\" height=\"722\" src=\"https:\/\/2points.fr\/beta-3\/wp-content\/uploads\/2022\/12\/GetPaidStock.com-63a094b17d221.jpg\" class=\"attachment-full size-full\" alt=\"\" loading=\"lazy\" srcset=\"https:\/\/2points.fr\/beta-3\/wp-content\/uploads\/2022\/12\/GetPaidStock.com-63a094b17d221.jpg 1024w, https:\/\/2points.fr\/beta-3\/wp-content\/uploads\/2022\/12\/GetPaidStock.com-63a094b17d221-300x212.jpg 300w, https:\/\/2points.fr\/beta-3\/wp-content\/uploads\/2022\/12\/GetPaidStock.com-63a094b17d221-768x542.jpg 768w\" sizes=\"(max-width: 1024px) 100vw, 1024px\" \/>\t\t\t\t\t\t\t\t\t\t\t\t\t\t<\/div>\n\t\t\t\t\t\t<\/div>\n\t\t\t\t<\/div>\n\t\t\t\t<div class=\"elementor-element elementor-element-d85c13f elementor-widget elementor-widget-text-editor\" data-id=\"d85c13f\" data-element_type=\"widget\" data-widget_type=\"text-editor.default\">\n\t\t\t\t<div class=\"elementor-widget-container\">\n\t\t\t\t\t\t\t\t<div class=\"elementor-text-editor elementor-clearfix\">\n\t\t\t\t<p>\u00a0Pour B\u00e9n\u00e9ficier du Tiers payant, pr\u00e9sentez-vous \u00e0 nos accueils avec\u00a0votre <strong>carte vitale<\/strong> et <strong>carte mutuelle<\/strong>\u00a0\u00e0 jour.\u00a0<\/p>\t\t\t\t\t<\/div>\n\t\t\t\t\t\t<\/div>\n\t\t\t\t<\/div>\n\t\t\t\t\t\t<\/div>\n\t\t\t\t\t<\/div>\n\t\t<\/div>\n\t\t\t\t<div class=\"elementor-column elementor-col-20 elementor-inner-column elementor-element elementor-element-8211c66\" data-id=\"8211c66\" data-element_type=\"column\">\n\t\t\t<div class=\"elementor-column-wrap elementor-element-populated\">\n\t\t\t\t\t\t\t<div class=\"elementor-widget-wrap\">\n\t\t\t\t\t\t<div class=\"elementor-element elementor-element-35dbc6d elementor-widget elementor-widget-heading\" data-id=\"35dbc6d\" data-element_type=\"widget\" data-widget_type=\"heading.default\">\n\t\t\t\t<div class=\"elementor-widget-container\">\n\t\t\t<h2 class=\"elementor-heading-title elementor-size-default\">Consultation<\/h2>\t\t<\/div>\n\t\t\t\t<\/div>\n\t\t\t\t<div class=\"elementor-element elementor-element-3619670 elementor-widget elementor-widget-image\" data-id=\"3619670\" data-element_type=\"widget\" data-widget_type=\"image.default\">\n\t\t\t\t<div class=\"elementor-widget-container\">\n\t\t\t\t\t\t\t\t<div class=\"elementor-image\">\n\t\t\t\t\t\t\t\t\t\t\t\t<img width=\"1024\" height=\"853\" src=\"https:\/\/2points.fr\/beta-3\/wp-content\/uploads\/2022\/12\/GetPaidStock.com-63a094f73dafc.jpg\" class=\"attachment-full size-full\" alt=\"\" loading=\"lazy\" srcset=\"https:\/\/2points.fr\/beta-3\/wp-content\/uploads\/2022\/12\/GetPaidStock.com-63a094f73dafc.jpg 1024w, https:\/\/2points.fr\/beta-3\/wp-content\/uploads\/2022\/12\/GetPaidStock.com-63a094f73dafc-300x250.jpg 300w, https:\/\/2points.fr\/beta-3\/wp-content\/uploads\/2022\/12\/GetPaidStock.com-63a094f73dafc-768x640.jpg 768w\" sizes=\"(max-width: 1024px) 100vw, 1024px\" \/>\t\t\t\t\t\t\t\t\t\t\t\t\t\t<\/div>\n\t\t\t\t\t\t<\/div>\n\t\t\t\t<\/div>\n\t\t\t\t<div class=\"elementor-element elementor-element-6ef7c2d elementor-widget elementor-widget-text-editor\" data-id=\"6ef7c2d\" data-element_type=\"widget\" data-widget_type=\"text-editor.default\">\n\t\t\t\t<div class=\"elementor-widget-container\">\n\t\t\t\t\t\t\t\t<div class=\"elementor-text-editor elementor-clearfix\">\n\t\t\t\t<p><strong>Pr\u00e8s de 80 praticiens<\/strong>, m\u00e9decins g\u00e9n\u00e9ralistes, sp\u00e9cialistes et dentistes au <strong>service de votre sant\u00e9<\/strong><\/p>\t\t\t\t\t<\/div>\n\t\t\t\t\t\t<\/div>\n\t\t\t\t<\/div>\n\t\t\t\t\t\t<\/div>\n\t\t\t\t\t<\/div>\n\t\t<\/div>\n\t\t\t\t<div class=\"elementor-column elementor-col-20 elementor-inner-column elementor-element elementor-element-5292421\" data-id=\"5292421\" data-element_type=\"column\">\n\t\t\t<div class=\"elementor-column-wrap elementor-element-populated\">\n\t\t\t\t\t\t\t<div class=\"elementor-widget-wrap\">\n\t\t\t\t\t\t<div class=\"elementor-element elementor-element-d3bdc5d elementor-widget elementor-widget-heading\" data-id=\"d3bdc5d\" data-element_type=\"widget\" data-widget_type=\"heading.default\">\n\t\t\t\t<div class=\"elementor-widget-container\">\n\t\t\t<h2 class=\"elementor-heading-title elementor-size-default\">Dossier M\u00e9dical<br><\/h2>\t\t<\/div>\n\t\t\t\t<\/div>\n\t\t\t\t<div class=\"elementor-element elementor-element-2b08b55 elementor-widget elementor-widget-image\" data-id=\"2b08b55\" data-element_type=\"widget\" data-widget_type=\"image.default\">\n\t\t\t\t<div class=\"elementor-widget-container\">\n\t\t\t\t\t\t\t\t<div class=\"elementor-image\">\n\t\t\t\t\t\t\t\t\t\t\t\t<img width=\"1024\" height=\"683\" src=\"https:\/\/2points.fr\/beta-3\/wp-content\/uploads\/2022\/12\/GetPaidStock.com-63a091fea65a5.jpg\" class=\"attachment-full size-full\" alt=\"\" loading=\"lazy\" srcset=\"https:\/\/2points.fr\/beta-3\/wp-content\/uploads\/2022\/12\/GetPaidStock.com-63a091fea65a5.jpg 1024w, https:\/\/2points.fr\/beta-3\/wp-content\/uploads\/2022\/12\/GetPaidStock.com-63a091fea65a5-300x200.jpg 300w, https:\/\/2points.fr\/beta-3\/wp-content\/uploads\/2022\/12\/GetPaidStock.com-63a091fea65a5-768x512.jpg 768w\" sizes=\"(max-width: 1024px) 100vw, 1024px\" \/>\t\t\t\t\t\t\t\t\t\t\t\t\t\t<\/div>\n\t\t\t\t\t\t<\/div>\n\t\t\t\t<\/div>\n\t\t\t\t<div class=\"elementor-element elementor-element-32cf059 elementor-widget elementor-widget-text-editor\" data-id=\"32cf059\" data-element_type=\"widget\" data-widget_type=\"text-editor.default\">\n\t\t\t\t<div class=\"elementor-widget-container\">\n\t\t\t\t\t\t\t\t<div class=\"elementor-text-editor elementor-clearfix\">\n\t\t\t\t<p>Votre<strong> dossier m\u00e9dical, commun et partag\u00e9<\/strong> par l\u2019ensemble<br \/>des praticiens,\u00a0pour assurer un suivi m\u00e9dical optimis\u00e9.<\/p>\t\t\t\t\t<\/div>\n\t\t\t\t\t\t<\/div>\n\t\t\t\t<\/div>\n\t\t\t\t\t\t<\/div>\n\t\t\t\t\t<\/div>\n\t\t<\/div>\n\t\t\t\t\t\t\t\t<\/div>\n\t\t\t\t\t<\/div>\n\t\t<\/section>\n\t\t\t\t\t\t<\/div>\n\t\t\t\t\t<\/div>\n\t\t<\/div>\n\t\t\t\t\t\t\t\t<\/div>\n\t\t\t\t\t<\/div>\n\t\t<\/section>\n\t\t\t\t\t\t<\/div>\n\t\t\t\t\t\t<\/div>\n\t\t\t\t\t<\/div>\n\t\t","protected":false},"excerpt":{"rendered":"<p>Le Centre de Sant\u00e9 Haussmann vous propose des consultations en Phl\u00e9bologie ou Angiologie L&#8217;angiologie aussi appel\u00e9e m\u00e9decine vasculaire\u00a0est une sp\u00e9cialit\u00e9 m\u00e9dicale s\u2019int\u00e9ressant au fonctionnement et aux affections de l\u2019appareil circulatoire, \u00e0 savoir les veines, les art\u00e8res, la microcirculation (les petits vaisseaux) et le syst\u00e8me lymphatique. Le m\u00e9decin angiologue poss\u00e8de un large domaine de comp\u00e9tences allant [&hellip;]<\/p>\n","protected":false},"author":1,"featured_media":0,"parent":0,"menu_order":0,"comment_status":"closed","ping_status":"closed","template":"","meta":[],"_links":{"self":[{"href":"https:\/\/2points.fr\/beta-3\/wp-json\/wp\/v2\/pages\/3584"}],"collection":[{"href":"https:\/\/2points.fr\/beta-3\/wp-json\/wp\/v2\/pages"}],"about":[{"href":"https:\/\/2points.fr\/beta-3\/wp-json\/wp\/v2\/types\/page"}],"author":[{"embeddable":true,"href":"https:\/\/2points.fr\/beta-3\/wp-json\/wp\/v2\/users\/1"}],"replies":[{"embeddable":true,"href":"https:\/\/2points.fr\/beta-3\/wp-json\/wp\/v2\/comments?post=3584"}],"version-history":[{"count":40,"href":"https:\/\/2points.fr\/beta-3\/wp-json\/wp\/v2\/pages\/3584\/revisions"}],"predecessor-version":[{"id":5365,"href":"https:\/\/2points.fr\/beta-3\/wp-json\/wp\/v2\/pages\/3584\/revisions\/5365"}],"wp:attachment":[{"href":"https:\/\/2points.fr\/beta-3\/wp-json\/wp\/v2\/media?parent=3584"}],"curies":[{"name":"wp","href":"https:\/\/api.w.org\/{rel}","templated":true}]}}