{"id":3233,"date":"2021-11-08T20:01:28","date_gmt":"2021-11-08T19:01:28","guid":{"rendered":"https:\/\/2points.fr\/beta-3\/?page_id=3233"},"modified":"2021-11-09T11:31:57","modified_gmt":"2021-11-09T10:31:57","slug":"bilan-sante","status":"publish","type":"page","link":"https:\/\/2points.fr\/beta-3\/bilan-sante\/","title":{"rendered":"Bilan sant\u00e9"},"content":{"rendered":"\t\t<div data-elementor-type=\"wp-post\" data-elementor-id=\"3233\" class=\"elementor elementor-3233\" data-elementor-settings=\"[]\">\n\t\t\t\t\t\t<div class=\"elementor-inner\">\n\t\t\t\t\t\t\t<div class=\"elementor-section-wrap\">\n\t\t\t\t\t\t\t<section class=\"elementor-section elementor-top-section elementor-element elementor-element-e5dc143 elementor-section-full_width elementor-section-stretched elementor-section-height-default elementor-section-height-default\" data-id=\"e5dc143\" data-element_type=\"section\" data-settings=\"{&quot;stretch_section&quot;:&quot;section-stretched&quot;,&quot;background_background&quot;:&quot;classic&quot;}\">\n\t\t\t\t\t\t\t<div class=\"elementor-background-overlay\"><\/div>\n\t\t\t\t\t\t\t<div class=\"elementor-container elementor-column-gap-default\">\n\t\t\t\t\t\t\t<div class=\"elementor-row\">\n\t\t\t\t\t<div class=\"elementor-column elementor-col-100 elementor-top-column elementor-element elementor-element-f5bcc60\" data-id=\"f5bcc60\" data-element_type=\"column\">\n\t\t\t<div class=\"elementor-column-wrap elementor-element-populated\">\n\t\t\t\t\t\t\t<div class=\"elementor-widget-wrap\">\n\t\t\t\t\t\t<div class=\"elementor-element elementor-element-7700954 elementor-widget elementor-widget-heading\" data-id=\"7700954\" data-element_type=\"widget\" data-widget_type=\"heading.default\">\n\t\t\t\t<div class=\"elementor-widget-container\">\n\t\t\t<h2 class=\"elementor-heading-title elementor-size-default\">Bilan sant\u00e9<\/h2>\t\t<\/div>\n\t\t\t\t<\/div>\n\t\t\t\t\t\t<\/div>\n\t\t\t\t\t<\/div>\n\t\t<\/div>\n\t\t\t\t\t\t\t\t<\/div>\n\t\t\t\t\t<\/div>\n\t\t<\/section>\n\t\t\t\t<section class=\"elementor-section elementor-top-section elementor-element elementor-element-0a1cc3d elementor-section-stretched elementor-section-boxed elementor-section-height-default elementor-section-height-default\" data-id=\"0a1cc3d\" data-element_type=\"section\" data-settings=\"{&quot;stretch_section&quot;:&quot;section-stretched&quot;,&quot;background_background&quot;:&quot;classic&quot;}\">\n\t\t\t\t\t\t<div class=\"elementor-container elementor-column-gap-default\">\n\t\t\t\t\t\t\t<div class=\"elementor-row\">\n\t\t\t\t\t<div class=\"elementor-column elementor-col-100 elementor-top-column elementor-element elementor-element-0aa94f6\" data-id=\"0aa94f6\" data-element_type=\"column\">\n\t\t\t<div class=\"elementor-column-wrap elementor-element-populated\">\n\t\t\t\t\t\t\t<div class=\"elementor-widget-wrap\">\n\t\t\t\t\t\t<div class=\"elementor-element elementor-element-7d0966f elementor-widget elementor-widget-text-editor\" data-id=\"7d0966f\" data-element_type=\"widget\" data-widget_type=\"text-editor.default\">\n\t\t\t\t<div class=\"elementor-widget-container\">\n\t\t\t\t\t\t\t\t<div class=\"elementor-text-editor elementor-clearfix\">\n\t\t\t\t<p>Le Centre de Sant\u00e9 Haussmann r\u00e9alise des bilans de sant\u00e9 dans le cadre de l\u2019obtention d\u2019un pr\u00eat, \u00e0 la demande d\u2019un assureur ou pour la r\u00e9alisation d\u2019une attestation d\u2019aptitude au sport.<\/p><p>La prise de rendez-vous se fait en appelant notre standard au num\u00e9ro ci-dessous.<\/p>\t\t\t\t\t<\/div>\n\t\t\t\t\t\t<\/div>\n\t\t\t\t<\/div>\n\t\t\t\t\t\t<\/div>\n\t\t\t\t\t<\/div>\n\t\t<\/div>\n\t\t\t\t\t\t\t\t<\/div>\n\t\t\t\t\t<\/div>\n\t\t<\/section>\n\t\t\t\t<section class=\"elementor-section elementor-top-section elementor-element elementor-element-f7b1be6 elementor-section-stretched elementor-section-boxed elementor-section-height-default elementor-section-height-default\" data-id=\"f7b1be6\" data-element_type=\"section\" data-settings=\"{&quot;stretch_section&quot;:&quot;section-stretched&quot;,&quot;background_background&quot;:&quot;classic&quot;}\">\n\t\t\t\t\t\t<div class=\"elementor-container elementor-column-gap-extended\">\n\t\t\t\t\t\t\t<div class=\"elementor-row\">\n\t\t\t\t\t<div class=\"elementor-column elementor-col-100 elementor-top-column elementor-element elementor-element-867b9bd\" data-id=\"867b9bd\" data-element_type=\"column\">\n\t\t\t<div class=\"elementor-column-wrap elementor-element-populated\">\n\t\t\t\t\t\t\t<div class=\"elementor-widget-wrap\">\n\t\t\t\t\t\t<div class=\"elementor-element elementor-element-dc8d0ed elementor-widget elementor-widget-spacer\" data-id=\"dc8d0ed\" data-element_type=\"widget\" data-widget_type=\"spacer.default\">\n\t\t\t\t<div class=\"elementor-widget-container\">\n\t\t\t\t\t<div class=\"elementor-spacer\">\n\t\t\t<div class=\"elementor-spacer-inner\"><\/div>\n\t\t<\/div>\n\t\t\t\t<\/div>\n\t\t\t\t<\/div>\n\t\t\t\t<div class=\"elementor-element elementor-element-b6f7075 elementor-widget elementor-widget-spacer\" data-id=\"b6f7075\" data-element_type=\"widget\" data-widget_type=\"spacer.default\">\n\t\t\t\t<div class=\"elementor-widget-container\">\n\t\t\t\t\t<div class=\"elementor-spacer\">\n\t\t\t<div class=\"elementor-spacer-inner\"><\/div>\n\t\t<\/div>\n\t\t\t\t<\/div>\n\t\t\t\t<\/div>\n\t\t\t\t<div class=\"elementor-element elementor-element-0b5b1e6 elementor-widget elementor-widget-heading\" data-id=\"0b5b1e6\" data-element_type=\"widget\" data-widget_type=\"heading.default\">\n\t\t\t\t<div class=\"elementor-widget-container\">\n\t\t\t<h3 class=\"elementor-heading-title elementor-size-default\">Nos M\u00e9decins<\/h3>\t\t<\/div>\n\t\t\t\t<\/div>\n\t\t\t\t<div class=\"elementor-element elementor-element-168d158 elementor-hidden-mobile elementor-widget elementor-widget-wgl-team\" data-id=\"168d158\" data-element_type=\"widget\" data-widget_type=\"wgl-team.default\">\n\t\t\t\t<div class=\"elementor-widget-container\">\n\t\t\t\r\n        <div id=medify_team_69e6d7945cb0c class=\"wgl_module_team team-col_5 aleft\">\r\n            <div class=\"team-items_wrap\"  style=\"margin-right:-15px; margin-left:-15px;\" >\r\n                <div class=\"wgl-carousel_wrapper\"><div id=medify_carousel_69e6d7945d34e class=\"wgl-carousel pagination_line_circle pag_align_center\"><div class=\"wgl-carousel_slick\" data-slick='{\"slidesToShow\":5,\"slidesToScroll\":5,\"infinite\":false,\"variableWidth\":false,\"autoplay\":true,\"autoplaySpeed\":2000,\"speed\":300,\"arrows\":false,\"dots\":true,\"adaptiveHeight\":false,\"responsive\":[{\"breakpoint\":0,\"settings\":{\"slidesToShow\":4,\"slidesToScroll\":4}},{\"breakpoint\":0,\"settings\":{\"slidesToShow\":2,\"slidesToScroll\":2}},{\"breakpoint\":0,\"settings\":{\"slidesToShow\":1,\"slidesToScroll\":1}}]}'><\/div><\/div><\/div>            <\/div>\r\n        <\/div>\r\n\r\n        \t\t<\/div>\n\t\t\t\t<\/div>\n\t\t\t\t<div class=\"elementor-element elementor-element-98520c5 elementor-hidden-desktop elementor-hidden-tablet elementor-widget elementor-widget-wgl-team\" data-id=\"98520c5\" data-element_type=\"widget\" data-widget_type=\"wgl-team.default\">\n\t\t\t\t<div class=\"elementor-widget-container\">\n\t\t\t\r\n        <div id=medify_team_69e6d7945d90a class=\"wgl_module_team team-col_2 aleft\">\r\n            <div class=\"team-items_wrap\"  style=\"margin-right:-15px; margin-left:-15px;\" >\r\n                <div class=\"wgl-carousel_wrapper\"><div id=medify_carousel_69e6d7945df26 class=\"wgl-carousel pagination_line_circle pag_align_center\"><div class=\"wgl-carousel_slick\" data-slick='{\"slidesToShow\":2,\"slidesToScroll\":2,\"infinite\":false,\"variableWidth\":false,\"autoplay\":true,\"autoplaySpeed\":2000,\"speed\":300,\"arrows\":false,\"dots\":true,\"adaptiveHeight\":false,\"responsive\":[{\"breakpoint\":0,\"settings\":{\"slidesToShow\":2,\"slidesToScroll\":2}},{\"breakpoint\":0,\"settings\":{\"slidesToShow\":2,\"slidesToScroll\":2}},{\"breakpoint\":0,\"settings\":{\"slidesToShow\":1,\"slidesToScroll\":1}}]}'><\/div><\/div><\/div>            <\/div>\r\n        <\/div>\r\n\r\n        \t\t<\/div>\n\t\t\t\t<\/div>\n\t\t\t\t\t\t<\/div>\n\t\t\t\t\t<\/div>\n\t\t<\/div>\n\t\t\t\t\t\t\t\t<\/div>\n\t\t\t\t\t<\/div>\n\t\t<\/section>\n\t\t\t\t\t\t<\/div>\n\t\t\t\t\t\t<\/div>\n\t\t\t\t\t<\/div>\n\t\t","protected":false},"excerpt":{"rendered":"<p>Le Centre de Sant\u00e9 Haussmann r\u00e9alise des bilans de sant\u00e9 dans le cadre de l\u2019obtention d\u2019un pr\u00eat, \u00e0 la demande d\u2019un assureur ou pour la r\u00e9alisation d\u2019une attestation d\u2019aptitude au sport. La prise de rendez-vous se fait en appelant notre standard au num\u00e9ro ci-dessous. Nos M\u00e9decins<\/p>\n","protected":false},"author":1,"featured_media":0,"parent":0,"menu_order":0,"comment_status":"closed","ping_status":"closed","template":"","meta":[],"_links":{"self":[{"href":"https:\/\/2points.fr\/beta-3\/wp-json\/wp\/v2\/pages\/3233"}],"collection":[{"href":"https:\/\/2points.fr\/beta-3\/wp-json\/wp\/v2\/pages"}],"about":[{"href":"https:\/\/2points.fr\/beta-3\/wp-json\/wp\/v2\/types\/page"}],"author":[{"embeddable":true,"href":"https:\/\/2points.fr\/beta-3\/wp-json\/wp\/v2\/users\/1"}],"replies":[{"embeddable":true,"href":"https:\/\/2points.fr\/beta-3\/wp-json\/wp\/v2\/comments?post=3233"}],"version-history":[{"count":7,"href":"https:\/\/2points.fr\/beta-3\/wp-json\/wp\/v2\/pages\/3233\/revisions"}],"predecessor-version":[{"id":3390,"href":"https:\/\/2points.fr\/beta-3\/wp-json\/wp\/v2\/pages\/3233\/revisions\/3390"}],"wp:attachment":[{"href":"https:\/\/2points.fr\/beta-3\/wp-json\/wp\/v2\/media?parent=3233"}],"curies":[{"name":"wp","href":"https:\/\/api.w.org\/{rel}","templated":true}]}}