{"id":2819,"date":"2021-11-08T09:31:30","date_gmt":"2021-11-08T08:31:30","guid":{"rendered":"https:\/\/2points.fr\/beta-3\/?page_id=2819"},"modified":"2021-11-08T15:11:36","modified_gmt":"2021-11-08T14:11:36","slug":"recrutement","status":"publish","type":"page","link":"https:\/\/2points.fr\/beta-3\/recrutement\/","title":{"rendered":"Recrutement"},"content":{"rendered":"\t\t<div data-elementor-type=\"wp-post\" data-elementor-id=\"2819\" class=\"elementor elementor-2819\" data-elementor-settings=\"[]\">\n\t\t\t\t\t\t<div class=\"elementor-inner\">\n\t\t\t\t\t\t\t<div class=\"elementor-section-wrap\">\n\t\t\t\t\t\t\t<section class=\"elementor-section elementor-top-section elementor-element elementor-element-e5dc143 elementor-section-full_width elementor-section-stretched elementor-section-height-default elementor-section-height-default\" data-id=\"e5dc143\" data-element_type=\"section\" data-settings=\"{&quot;stretch_section&quot;:&quot;section-stretched&quot;,&quot;background_background&quot;:&quot;classic&quot;}\">\n\t\t\t\t\t\t\t<div class=\"elementor-background-overlay\"><\/div>\n\t\t\t\t\t\t\t<div class=\"elementor-container elementor-column-gap-default\">\n\t\t\t\t\t\t\t<div class=\"elementor-row\">\n\t\t\t\t\t<div class=\"elementor-column elementor-col-100 elementor-top-column elementor-element elementor-element-f5bcc60\" data-id=\"f5bcc60\" data-element_type=\"column\">\n\t\t\t<div class=\"elementor-column-wrap elementor-element-populated\">\n\t\t\t\t\t\t\t<div class=\"elementor-widget-wrap\">\n\t\t\t\t\t\t<div class=\"elementor-element elementor-element-7700954 elementor-widget elementor-widget-heading\" data-id=\"7700954\" data-element_type=\"widget\" data-widget_type=\"heading.default\">\n\t\t\t\t<div class=\"elementor-widget-container\">\n\t\t\t<h2 class=\"elementor-heading-title elementor-size-default\">Recrutement<\/h2>\t\t<\/div>\n\t\t\t\t<\/div>\n\t\t\t\t\t\t<\/div>\n\t\t\t\t\t<\/div>\n\t\t<\/div>\n\t\t\t\t\t\t\t\t<\/div>\n\t\t\t\t\t<\/div>\n\t\t<\/section>\n\t\t\t\t<section class=\"elementor-section elementor-top-section elementor-element elementor-element-0a1cc3d elementor-section-stretched elementor-section-boxed elementor-section-height-default elementor-section-height-default\" data-id=\"0a1cc3d\" data-element_type=\"section\" data-settings=\"{&quot;stretch_section&quot;:&quot;section-stretched&quot;,&quot;background_background&quot;:&quot;classic&quot;}\">\n\t\t\t\t\t\t<div class=\"elementor-container elementor-column-gap-default\">\n\t\t\t\t\t\t\t<div class=\"elementor-row\">\n\t\t\t\t\t<div class=\"elementor-column elementor-col-100 elementor-top-column elementor-element elementor-element-0aa94f6\" data-id=\"0aa94f6\" data-element_type=\"column\">\n\t\t\t<div class=\"elementor-column-wrap elementor-element-populated\">\n\t\t\t\t\t\t\t<div class=\"elementor-widget-wrap\">\n\t\t\t\t\t\t<div class=\"elementor-element elementor-element-7d0966f elementor-widget elementor-widget-text-editor\" data-id=\"7d0966f\" data-element_type=\"widget\" data-widget_type=\"text-editor.default\">\n\t\t\t\t<div class=\"elementor-widget-container\">\n\t\t\t\t\t\t\t\t<div class=\"elementor-text-editor elementor-clearfix\">\n\t\t\t\t<p>Le Centre de Sant\u00e9 Haussmann recherche les M\u00e9decins Sp\u00e9cialistes suivants :<\/p><ul><li>Radiologues<\/li><li>Gyn\u00e9cologues<\/li><li>Dermatologue<\/li><li>Ophtalmologue<\/li><li>Gastro-ent\u00e9rologue<\/li><li>Chirurgiens-Dentistes<\/li><\/ul><p><em>Envoyer votre candidature par mail \u00e0 <a href=\"mailto:rh@centrehaussmann.com\"><strong>rh@centrehaussmann.com<\/strong><\/a><\/em><\/p>\t\t\t\t\t<\/div>\n\t\t\t\t\t\t<\/div>\n\t\t\t\t<\/div>\n\t\t\t\t<div class=\"elementor-element elementor-element-c077b7a elementor-widget-divider--view-line elementor-widget elementor-widget-divider\" data-id=\"c077b7a\" data-element_type=\"widget\" data-widget_type=\"divider.default\">\n\t\t\t\t<div class=\"elementor-widget-container\">\n\t\t\t\t\t<div class=\"elementor-divider\">\n\t\t\t<span class=\"elementor-divider-separator\">\n\t\t\t\t\t\t<\/span>\n\t\t<\/div>\n\t\t\t\t<\/div>\n\t\t\t\t<\/div>\n\t\t\t\t<div class=\"elementor-element elementor-element-2c02928 elementor-widget elementor-widget-text-editor\" data-id=\"2c02928\" data-element_type=\"widget\" data-widget_type=\"text-editor.default\">\n\t\t\t\t<div class=\"elementor-widget-container\">\n\t\t\t\t\t\t\t\t<div class=\"elementor-text-editor elementor-clearfix\">\n\t\t\t\t<p>Nous recherchons \u00e9galement pour renforcer notre \u00e9quipe administrative :<\/p><p><a href=\"https:\/\/fr.indeed.com\/jobs?q=centre%20de%20sant%C3%A9%20haussmann&amp;l=Paris%20(75)&amp;vjk=00b9fc557dde43d7\"><strong>SECR\u00c9TAIRE M\u00c9DICALE \u2013 SERVICE DENTAIRE<\/strong><\/a>\u00a0:\u00a0<em>CDI Temps plein 35 heures<\/em><\/p><p>\u00a0<\/p><p><strong><a href=\"https:\/\/www.apec.fr\/candidat\/recherche-emploi.html\/emploi\/detail-offre\/166313976W?motsCles=166313976W&amp;page=0&amp;selectedIndex=0\">CHARG\u00c9E DES RESSOURCES HUMAINES<\/a>\u00a0:\u00a0<\/strong><span style=\"font-size: 16px; color: var( --e-global-color-1af57ac );\">CDI\u00a0 Cadre Temps Plein<\/span><\/p>\t\t\t\t\t<\/div>\n\t\t\t\t\t\t<\/div>\n\t\t\t\t<\/div>\n\t\t\t\t\t\t<\/div>\n\t\t\t\t\t<\/div>\n\t\t<\/div>\n\t\t\t\t\t\t\t\t<\/div>\n\t\t\t\t\t<\/div>\n\t\t<\/section>\n\t\t\t\t<section class=\"elementor-section elementor-top-section elementor-element elementor-element-f7b1be6 elementor-section-stretched elementor-section-boxed elementor-section-height-default elementor-section-height-default\" data-id=\"f7b1be6\" data-element_type=\"section\" data-settings=\"{&quot;stretch_section&quot;:&quot;section-stretched&quot;,&quot;background_background&quot;:&quot;classic&quot;}\">\n\t\t\t\t\t\t<div class=\"elementor-container elementor-column-gap-extended\">\n\t\t\t\t\t\t\t<div class=\"elementor-row\">\n\t\t\t\t\t<div class=\"elementor-column elementor-col-100 elementor-top-column elementor-element elementor-element-867b9bd\" data-id=\"867b9bd\" data-element_type=\"column\">\n\t\t\t<div class=\"elementor-column-wrap elementor-element-populated\">\n\t\t\t\t\t\t\t<div class=\"elementor-widget-wrap\">\n\t\t\t\t\t\t<div class=\"elementor-element elementor-element-dc8d0ed elementor-widget elementor-widget-spacer\" data-id=\"dc8d0ed\" data-element_type=\"widget\" data-widget_type=\"spacer.default\">\n\t\t\t\t<div class=\"elementor-widget-container\">\n\t\t\t\t\t<div class=\"elementor-spacer\">\n\t\t\t<div class=\"elementor-spacer-inner\"><\/div>\n\t\t<\/div>\n\t\t\t\t<\/div>\n\t\t\t\t<\/div>\n\t\t\t\t<div class=\"elementor-element elementor-element-b6f7075 elementor-widget elementor-widget-spacer\" data-id=\"b6f7075\" data-element_type=\"widget\" data-widget_type=\"spacer.default\">\n\t\t\t\t<div class=\"elementor-widget-container\">\n\t\t\t\t\t<div class=\"elementor-spacer\">\n\t\t\t<div class=\"elementor-spacer-inner\"><\/div>\n\t\t<\/div>\n\t\t\t\t<\/div>\n\t\t\t\t<\/div>\n\t\t\t\t<div class=\"elementor-element elementor-element-0b5b1e6 elementor-widget elementor-widget-heading\" data-id=\"0b5b1e6\" data-element_type=\"widget\" data-widget_type=\"heading.default\">\n\t\t\t\t<div class=\"elementor-widget-container\">\n\t\t\t<h3 class=\"elementor-heading-title elementor-size-default\">Candidature Spontan\u00e9e<\/h3>\t\t<\/div>\n\t\t\t\t<\/div>\n\t\t\t\t<div class=\"elementor-element elementor-element-7b61db8 elementor-widget elementor-widget-text-editor\" data-id=\"7b61db8\" data-element_type=\"widget\" data-widget_type=\"text-editor.default\">\n\t\t\t\t<div class=\"elementor-widget-container\">\n\t\t\t\t\t\t\t\t<div class=\"elementor-text-editor elementor-clearfix\">\n\t\t\t\t<p><em><u>Envoyer votre candidature par mail \u00e0 <strong><a href=\"mailto:rh@centrehaussmann.com\">rh@centrehaussmann.com<\/a><\/strong><\/u><\/em><\/p><p><strong><span>R\u00c9SULTAT TOTAL INDEX D\u2019\u00c9GALIT\u00c9 PROFESSIONNELLE FEMMES-HOMMES<\/span><span>\u00a0<\/span>: 84\/100<\/strong><\/p><p><em>Indicateur \u00e9cart de r\u00e9mun\u00e9ration entre les femmes et les hommes : 39\/40<\/em><\/p><p><em>Indicateur \u00e9cart de taux d\u2019augmentations entre les femmes et les hommes : 35\/35<\/em><\/p><p><em>Indicateur pourcentage de salari\u00e9es augment\u00e9es dans l\u2019ann\u00e9e suivant leur retour de cong\u00e9 maternit\u00e9 : 0\/15<\/em><\/p><p><em>Indicateur nombre de salari\u00e9s du sexe sous-repr\u00e9sent\u00e9 parmi les 10 plus hautes r\u00e9mun\u00e9rations : 10\/10<\/em><\/p>\t\t\t\t\t<\/div>\n\t\t\t\t\t\t<\/div>\n\t\t\t\t<\/div>\n\t\t\t\t\t\t<\/div>\n\t\t\t\t\t<\/div>\n\t\t<\/div>\n\t\t\t\t\t\t\t\t<\/div>\n\t\t\t\t\t<\/div>\n\t\t<\/section>\n\t\t\t\t\t\t<\/div>\n\t\t\t\t\t\t<\/div>\n\t\t\t\t\t<\/div>\n\t\t","protected":false},"excerpt":{"rendered":"<p>Recrutement Le Centre de Sant\u00e9 Haussmann recherche les M\u00e9decins Sp\u00e9cialistes suivants : Radiologues Gyn\u00e9cologues Dermatologue Ophtalmologue Gastro-ent\u00e9rologue Chirurgiens-Dentistes Envoyer votre candidature par mail \u00e0 rh@centrehaussmann.com Nous recherchons \u00e9galement pour renforcer notre \u00e9quipe administrative : SECR\u00c9TAIRE M\u00c9DICALE \u2013 SERVICE DENTAIRE\u00a0:\u00a0CDI Temps plein 35 heures \u00a0 CHARG\u00c9E DES RESSOURCES HUMAINES\u00a0:\u00a0CDI\u00a0 Cadre Temps Plein Candidature Spontan\u00e9e Envoyer votre [&hellip;]<\/p>\n","protected":false},"author":1,"featured_media":0,"parent":0,"menu_order":0,"comment_status":"closed","ping_status":"closed","template":"","meta":[],"_links":{"self":[{"href":"https:\/\/2points.fr\/beta-3\/wp-json\/wp\/v2\/pages\/2819"}],"collection":[{"href":"https:\/\/2points.fr\/beta-3\/wp-json\/wp\/v2\/pages"}],"about":[{"href":"https:\/\/2points.fr\/beta-3\/wp-json\/wp\/v2\/types\/page"}],"author":[{"embeddable":true,"href":"https:\/\/2points.fr\/beta-3\/wp-json\/wp\/v2\/users\/1"}],"replies":[{"embeddable":true,"href":"https:\/\/2points.fr\/beta-3\/wp-json\/wp\/v2\/comments?post=2819"}],"version-history":[{"count":13,"href":"https:\/\/2points.fr\/beta-3\/wp-json\/wp\/v2\/pages\/2819\/revisions"}],"predecessor-version":[{"id":3014,"href":"https:\/\/2points.fr\/beta-3\/wp-json\/wp\/v2\/pages\/2819\/revisions\/3014"}],"wp:attachment":[{"href":"https:\/\/2points.fr\/beta-3\/wp-json\/wp\/v2\/media?parent=2819"}],"curies":[{"name":"wp","href":"https:\/\/api.w.org\/{rel}","templated":true}]}}